{"id":22658,"date":"2026-01-04T02:10:26","date_gmt":"2026-01-04T01:10:26","guid":{"rendered":"https:\/\/linoexpress.com\/hu\/termek\/autovariacija-product\/"},"modified":"2026-01-04T10:02:08","modified_gmt":"2026-01-04T09:02:08","slug":"gyermek-gokart-2-az-1-ben-auto","status":"publish","type":"product","link":"https:\/\/linoexpress.com\/hu\/termek\/gyermek-gokart-2-az-1-ben-auto\/","title":{"rendered":"Gyermek gokart &#8211; 2 az 1-ben aut\u00f3"},"content":{"rendered":"","protected":false},"excerpt":{"rendered":"<p>Ez a multifunkcion\u00e1lis gyerekj\u00e1rm\u0171 kett\u0151s sz\u00f3rakoz\u00e1st ny\u00fajt &#8211; k\u00e9zi \u00e9s elektromos vezet\u00e9st! T\u00f6k\u00e9letes j\u00e1t\u00e9kra otthon \u00e9s a szabadban is, k\u00f6nny\u0171, \u00f6sszecsukhat\u00f3 \u00e9s k\u00f6nnyen kezelhet\u0151. Stabil szerkezete \u00e9s biztons\u00e1gi funkci\u00f3i gondtalan \u00e9s izgalmas vezet\u00e9st biztos\u00edtanak a gyerekeknek.<\/p>\n","protected":false},"featured_media":22659,"comment_status":"closed","ping_status":"closed","template":"","meta":{"inline_featured_image":false},"product_brand":[],"product_cat":[27,24,15,35],"product_tag":[],"class_list":{"0":"post-22658","1":"product","2":"type-product","3":"status-publish","4":"has-post-thumbnail","6":"product_cat-home","7":"product_cat-sale","8":"product_cat-uncategorized","9":"product_cat-fun","11":"first","12":"instock","13":"sale","14":"taxable","15":"shipping-taxable","16":"purchasable","17":"product-type-variable"},"acf":[],"_links":{"self":[{"href":"https:\/\/linoexpress.com\/hu\/wp-json\/wp\/v2\/product\/22658","targetHints":{"allow":["GET"]}}],"collection":[{"href":"https:\/\/linoexpress.com\/hu\/wp-json\/wp\/v2\/product"}],"about":[{"href":"https:\/\/linoexpress.com\/hu\/wp-json\/wp\/v2\/types\/product"}],"replies":[{"embeddable":true,"href":"https:\/\/linoexpress.com\/hu\/wp-json\/wp\/v2\/comments?post=22658"}],"wp:featuredmedia":[{"embeddable":true,"href":"https:\/\/linoexpress.com\/hu\/wp-json\/wp\/v2\/media\/22659"}],"wp:attachment":[{"href":"https:\/\/linoexpress.com\/hu\/wp-json\/wp\/v2\/media?parent=22658"}],"wp:term":[{"taxonomy":"product_brand","embeddable":true,"href":"https:\/\/linoexpress.com\/hu\/wp-json\/wp\/v2\/product_brand?post=22658"},{"taxonomy":"product_cat","embeddable":true,"href":"https:\/\/linoexpress.com\/hu\/wp-json\/wp\/v2\/product_cat?post=22658"},{"taxonomy":"product_tag","embeddable":true,"href":"https:\/\/linoexpress.com\/hu\/wp-json\/wp\/v2\/product_tag?post=22658"}],"curies":[{"name":"wp","href":"https:\/\/api.w.org\/{rel}","templated":true}]}}