{"id":22677,"date":"2026-01-04T20:16:33","date_gmt":"2026-01-04T19:16:33","guid":{"rendered":"https:\/\/linoexpress.com\/hu\/termek\/catch-product\/"},"modified":"2026-03-11T00:12:41","modified_gmt":"2026-03-10T23:12:41","slug":"humanus-tobbszoros-csapda-ragcsalok-szamara","status":"publish","type":"product","link":"https:\/\/linoexpress.com\/hu\/termek\/humanus-tobbszoros-csapda-ragcsalok-szamara\/","title":{"rendered":"Hum\u00e1nus t\u00f6bbsz\u00f6r\u00f6s csapda r\u00e1gcs\u00e1l\u00f3k sz\u00e1m\u00e1ra"},"content":{"rendered":"","protected":false},"excerpt":{"rendered":"<p>A hum\u00e1nus t\u00f6bbsz\u00f6r\u00f6s r\u00e1gcs\u00e1l\u00f3csapda lehet\u0151v\u00e9 teszi az egerek \u00e9s m\u00e1s kisebb r\u00e1gcs\u00e1l\u00f3k biztons\u00e1gos elfog\u00e1s\u00e1t an\u00e9lk\u00fcl, hogy megs\u00e9r\u00fcln\u00e9nek vagy elpusztuln\u00e1nak. Kiv\u00e1l\u00f3 min\u0151s\u00e9g\u0171 horganyzott ac\u00e9lb\u00f3l k\u00e9sz\u00fclt, alkalmas belt\u00e9ri \u00e9s k\u00fclt\u00e9ri haszn\u00e1latra. Ide\u00e1lis megold\u00e1s mindazok sz\u00e1m\u00e1ra, akik hat\u00e9kony, etikus \u00e9s tart\u00f3s r\u00e1gcs\u00e1l\u00f3kontrollt szeretn\u00e9nek.<\/p>\n","protected":false},"featured_media":22678,"comment_status":"closed","ping_status":"closed","template":"","meta":{"inline_featured_image":false},"product_brand":[],"product_cat":[27,24,15,35],"product_tag":[],"class_list":{"0":"post-22677","1":"product","2":"type-product","3":"status-publish","4":"has-post-thumbnail","6":"product_cat-home","7":"product_cat-sale","8":"product_cat-uncategorized","9":"product_cat-fun","11":"first","12":"instock","13":"sale","14":"taxable","15":"shipping-taxable","16":"purchasable","17":"product-type-simple"},"acf":[],"_links":{"self":[{"href":"https:\/\/linoexpress.com\/hu\/wp-json\/wp\/v2\/product\/22677","targetHints":{"allow":["GET"]}}],"collection":[{"href":"https:\/\/linoexpress.com\/hu\/wp-json\/wp\/v2\/product"}],"about":[{"href":"https:\/\/linoexpress.com\/hu\/wp-json\/wp\/v2\/types\/product"}],"replies":[{"embeddable":true,"href":"https:\/\/linoexpress.com\/hu\/wp-json\/wp\/v2\/comments?post=22677"}],"wp:featuredmedia":[{"embeddable":true,"href":"https:\/\/linoexpress.com\/hu\/wp-json\/wp\/v2\/media\/22678"}],"wp:attachment":[{"href":"https:\/\/linoexpress.com\/hu\/wp-json\/wp\/v2\/media?parent=22677"}],"wp:term":[{"taxonomy":"product_brand","embeddable":true,"href":"https:\/\/linoexpress.com\/hu\/wp-json\/wp\/v2\/product_brand?post=22677"},{"taxonomy":"product_cat","embeddable":true,"href":"https:\/\/linoexpress.com\/hu\/wp-json\/wp\/v2\/product_cat?post=22677"},{"taxonomy":"product_tag","embeddable":true,"href":"https:\/\/linoexpress.com\/hu\/wp-json\/wp\/v2\/product_tag?post=22677"}],"curies":[{"name":"wp","href":"https:\/\/api.w.org\/{rel}","templated":true}]}}