{"id":22696,"date":"2026-01-04T22:44:29","date_gmt":"2026-01-04T21:44:29","guid":{"rendered":"https:\/\/linoexpress.com\/hu\/termek\/cat135-product\/"},"modified":"2026-03-11T00:11:28","modified_gmt":"2026-03-10T23:11:28","slug":"macska-muveszeti-kirako-135-darabos-fa-keszlet","status":"publish","type":"product","link":"https:\/\/linoexpress.com\/hu\/termek\/macska-muveszeti-kirako-135-darabos-fa-keszlet\/","title":{"rendered":"Macska m\u0171v\u00e9szeti kirak\u00f3 \u2013 135 darabos fa k\u00e9szlet"},"content":{"rendered":"","protected":false},"excerpt":{"rendered":"<p>A 135 darabos macskam\u0171v\u00e9szeti kirak\u00f3 gyeng\u00e9d pasztell \u00e1rnyalatokat \u00e9s egyedi macskaform\u00e1t hoz, amely k\u00fcl\u00f6nleges kirak\u00e1si \u00e9lm\u00e9nyt ny\u00fajt. Minden darab k\u00fcl\u00f6nb\u00f6z\u0151 form\u00e1j\u00fa, ami a kirak\u00e1st egyszerre teszi \u00e9rdekess\u00e9, kih\u00edv\u00e1ss\u00e1 \u00e9s pihentet\u0151v\u00e9. \u00d6ssze\u00e1ll\u00edt\u00e1s ut\u00e1n a kirak\u00f3 dekorat\u00edv r\u00e9szlett\u00e9 v\u00e1lik, amely melegs\u00e9get hoz a t\u00e9rbe.<\/p>\n","protected":false},"featured_media":22697,"comment_status":"closed","ping_status":"closed","template":"","meta":{"inline_featured_image":false},"product_brand":[],"product_cat":[27,24,15],"product_tag":[],"class_list":{"0":"post-22696","1":"product","2":"type-product","3":"status-publish","4":"has-post-thumbnail","6":"product_cat-home","7":"product_cat-sale","8":"product_cat-uncategorized","10":"first","11":"instock","12":"sale","13":"taxable","14":"shipping-taxable","15":"purchasable","16":"product-type-simple"},"acf":[],"_links":{"self":[{"href":"https:\/\/linoexpress.com\/hu\/wp-json\/wp\/v2\/product\/22696","targetHints":{"allow":["GET"]}}],"collection":[{"href":"https:\/\/linoexpress.com\/hu\/wp-json\/wp\/v2\/product"}],"about":[{"href":"https:\/\/linoexpress.com\/hu\/wp-json\/wp\/v2\/types\/product"}],"replies":[{"embeddable":true,"href":"https:\/\/linoexpress.com\/hu\/wp-json\/wp\/v2\/comments?post=22696"}],"wp:featuredmedia":[{"embeddable":true,"href":"https:\/\/linoexpress.com\/hu\/wp-json\/wp\/v2\/media\/22697"}],"wp:attachment":[{"href":"https:\/\/linoexpress.com\/hu\/wp-json\/wp\/v2\/media?parent=22696"}],"wp:term":[{"taxonomy":"product_brand","embeddable":true,"href":"https:\/\/linoexpress.com\/hu\/wp-json\/wp\/v2\/product_brand?post=22696"},{"taxonomy":"product_cat","embeddable":true,"href":"https:\/\/linoexpress.com\/hu\/wp-json\/wp\/v2\/product_cat?post=22696"},{"taxonomy":"product_tag","embeddable":true,"href":"https:\/\/linoexpress.com\/hu\/wp-json\/wp\/v2\/product_tag?post=22696"}],"curies":[{"name":"wp","href":"https:\/\/api.w.org\/{rel}","templated":true}]}}