{"id":22707,"date":"2026-01-05T01:33:59","date_gmt":"2026-01-05T00:33:59","guid":{"rendered":"https:\/\/linoexpress.com\/hu\/termek\/bfly-product\/"},"modified":"2026-03-11T00:11:19","modified_gmt":"2026-03-10T23:11:19","slug":"komplet-nyaklanc-es-karkoto-varazslatos-pillango","status":"publish","type":"product","link":"https:\/\/linoexpress.com\/hu\/termek\/komplet-nyaklanc-es-karkoto-varazslatos-pillango\/","title":{"rendered":"Komplet nyakl\u00e1nc \u00e9s kark\u00f6t\u0151 Var\u00e1zslatos pillang\u00f3"},"content":{"rendered":"","protected":false},"excerpt":{"rendered":"<p>Ez a var\u00e1zslatos k\u00e9szlet egy nyakl\u00e1ncot \u00e9s egy kark\u00f6t\u0151t tartalmaz k\u00e9k pillang\u00f3kkal, amelyek gyeng\u00e9den vil\u00e1g\u00edtanak a s\u00f6t\u00e9tben. T\u00f6k\u00e9letes k\u00fcl\u00f6nleges alkalmakra vagy mindennapi viseletre, var\u00e1zslatot \u00e9s eleganci\u00e1t adva megjelen\u00e9s\u00e9nek. K\u00f6nny\u0171 \u00e9s k\u00e9nyelmes, csendes var\u00e1zslatot hordoz, amely soha nem marad \u00e9szrev\u00e9tlen.<\/p>\n","protected":false},"featured_media":22708,"comment_status":"closed","ping_status":"closed","template":"","meta":{"inline_featured_image":false},"product_brand":[],"product_cat":[27,28,15,35],"product_tag":[],"class_list":{"0":"post-22707","1":"product","2":"type-product","3":"status-publish","4":"has-post-thumbnail","6":"product_cat-home","7":"product_cat-beauty","8":"product_cat-uncategorized","9":"product_cat-fun","11":"first","12":"instock","13":"sale","14":"taxable","15":"shipping-taxable","16":"purchasable","17":"product-type-simple"},"acf":[],"_links":{"self":[{"href":"https:\/\/linoexpress.com\/hu\/wp-json\/wp\/v2\/product\/22707","targetHints":{"allow":["GET"]}}],"collection":[{"href":"https:\/\/linoexpress.com\/hu\/wp-json\/wp\/v2\/product"}],"about":[{"href":"https:\/\/linoexpress.com\/hu\/wp-json\/wp\/v2\/types\/product"}],"replies":[{"embeddable":true,"href":"https:\/\/linoexpress.com\/hu\/wp-json\/wp\/v2\/comments?post=22707"}],"wp:featuredmedia":[{"embeddable":true,"href":"https:\/\/linoexpress.com\/hu\/wp-json\/wp\/v2\/media\/22708"}],"wp:attachment":[{"href":"https:\/\/linoexpress.com\/hu\/wp-json\/wp\/v2\/media?parent=22707"}],"wp:term":[{"taxonomy":"product_brand","embeddable":true,"href":"https:\/\/linoexpress.com\/hu\/wp-json\/wp\/v2\/product_brand?post=22707"},{"taxonomy":"product_cat","embeddable":true,"href":"https:\/\/linoexpress.com\/hu\/wp-json\/wp\/v2\/product_cat?post=22707"},{"taxonomy":"product_tag","embeddable":true,"href":"https:\/\/linoexpress.com\/hu\/wp-json\/wp\/v2\/product_tag?post=22707"}],"curies":[{"name":"wp","href":"https:\/\/api.w.org\/{rel}","templated":true}]}}