{"id":22912,"date":"2026-01-19T11:34:24","date_gmt":"2026-01-19T10:34:24","guid":{"rendered":"https:\/\/linoexpress.com\/hu\/termek\/batpmp-product\/"},"modified":"2026-03-11T00:11:06","modified_gmt":"2026-03-10T23:11:06","slug":"hordozhato-tomlo-pumpaval","status":"publish","type":"product","link":"https:\/\/linoexpress.com\/hu\/termek\/hordozhato-tomlo-pumpaval\/","title":{"rendered":"Hordozhat\u00f3 t\u00f6ml\u0151 pump\u00e1val"},"content":{"rendered":"","protected":false},"excerpt":{"rendered":"<p>A hordozhat\u00f3 akkumul\u00e1toros szivatty\u00fa lehet\u0151v\u00e9 teszi a folyad\u00e9kok gyors, tiszta \u00e9s biztons\u00e1gos \u00e1tszivatty\u00faz\u00e1s\u00e1t neh\u00e9z emel\u00e9s n\u00e9lk\u00fcl. Elemr\u0151l m\u0171k\u00f6dik, \u00e9s k\u00f6nnyen haszn\u00e1lhat\u00f3 egy k\u00e9zzel, \u00edgy ide\u00e1lis \u00fczemanyaghoz, v\u00edzhez \u00e9s m\u00e1s folyad\u00e9kokhoz. T\u00f6k\u00e9letes otthoni, professzion\u00e1lis \u00e9s s\u00fcrg\u0151ss\u00e9gi haszn\u00e1latra.<\/p>\n","protected":false},"featured_media":22914,"comment_status":"closed","ping_status":"closed","template":"","meta":{"inline_featured_image":false},"product_brand":[],"product_cat":[25,27,15,35],"product_tag":[],"class_list":{"0":"post-22912","1":"product","2":"type-product","3":"status-publish","4":"has-post-thumbnail","6":"product_cat-car","7":"product_cat-home","8":"product_cat-uncategorized","9":"product_cat-fun","11":"first","12":"instock","13":"sale","14":"taxable","15":"shipping-taxable","16":"purchasable","17":"product-type-simple"},"acf":[],"_links":{"self":[{"href":"https:\/\/linoexpress.com\/hu\/wp-json\/wp\/v2\/product\/22912","targetHints":{"allow":["GET"]}}],"collection":[{"href":"https:\/\/linoexpress.com\/hu\/wp-json\/wp\/v2\/product"}],"about":[{"href":"https:\/\/linoexpress.com\/hu\/wp-json\/wp\/v2\/types\/product"}],"replies":[{"embeddable":true,"href":"https:\/\/linoexpress.com\/hu\/wp-json\/wp\/v2\/comments?post=22912"}],"wp:featuredmedia":[{"embeddable":true,"href":"https:\/\/linoexpress.com\/hu\/wp-json\/wp\/v2\/media\/22914"}],"wp:attachment":[{"href":"https:\/\/linoexpress.com\/hu\/wp-json\/wp\/v2\/media?parent=22912"}],"wp:term":[{"taxonomy":"product_brand","embeddable":true,"href":"https:\/\/linoexpress.com\/hu\/wp-json\/wp\/v2\/product_brand?post=22912"},{"taxonomy":"product_cat","embeddable":true,"href":"https:\/\/linoexpress.com\/hu\/wp-json\/wp\/v2\/product_cat?post=22912"},{"taxonomy":"product_tag","embeddable":true,"href":"https:\/\/linoexpress.com\/hu\/wp-json\/wp\/v2\/product_tag?post=22912"}],"curies":[{"name":"wp","href":"https:\/\/api.w.org\/{rel}","templated":true}]}}