{"id":22924,"date":"2026-01-19T12:14:19","date_gmt":"2026-01-19T11:14:19","guid":{"rendered":"https:\/\/linoexpress.com\/hu\/termek\/hood-product\/"},"modified":"2026-03-11T00:10:54","modified_gmt":"2026-03-10T23:10:54","slug":"tobbfunkcios-eros-ventilator","status":"publish","type":"product","link":"https:\/\/linoexpress.com\/hu\/termek\/tobbfunkcios-eros-ventilator\/","title":{"rendered":"T\u00f6bbfunkci\u00f3s er\u0151s ventil\u00e1tor"},"content":{"rendered":"","protected":false},"excerpt":{"rendered":"<p>Ez a t\u00f6bbfunkci\u00f3s elsz\u00edv\u00f3 ventil\u00e1tor er\u0151s l\u00e9g\u00e1raml\u00e1st biztos\u00edt rendk\u00edv\u00fcl csendes m\u0171k\u00f6d\u00e9s mellett. Hat\u00e9konyan elt\u00e1vol\u00edtja a nedvess\u00e9get, szagokat \u00e9s f\u00fcst\u00f6t, jav\u00edtva a leveg\u0151 min\u0151s\u00e9g\u00e9t minden helyis\u00e9gben. Ide\u00e1lis konyh\u00e1kba, f\u00fcrd\u0151szob\u00e1kba, irod\u00e1kba \u00e9s kereskedelmi l\u00e9tes\u00edtm\u00e9nyekbe.<\/p>\n","protected":false},"featured_media":22925,"comment_status":"closed","ping_status":"closed","template":"","meta":{"inline_featured_image":false},"product_brand":[],"product_cat":[27,24,15,35],"product_tag":[],"class_list":{"0":"post-22924","1":"product","2":"type-product","3":"status-publish","4":"has-post-thumbnail","6":"product_cat-home","7":"product_cat-sale","8":"product_cat-uncategorized","9":"product_cat-fun","11":"first","12":"instock","13":"sale","14":"taxable","15":"shipping-taxable","16":"purchasable","17":"product-type-simple"},"acf":[],"_links":{"self":[{"href":"https:\/\/linoexpress.com\/hu\/wp-json\/wp\/v2\/product\/22924","targetHints":{"allow":["GET"]}}],"collection":[{"href":"https:\/\/linoexpress.com\/hu\/wp-json\/wp\/v2\/product"}],"about":[{"href":"https:\/\/linoexpress.com\/hu\/wp-json\/wp\/v2\/types\/product"}],"replies":[{"embeddable":true,"href":"https:\/\/linoexpress.com\/hu\/wp-json\/wp\/v2\/comments?post=22924"}],"wp:featuredmedia":[{"embeddable":true,"href":"https:\/\/linoexpress.com\/hu\/wp-json\/wp\/v2\/media\/22925"}],"wp:attachment":[{"href":"https:\/\/linoexpress.com\/hu\/wp-json\/wp\/v2\/media?parent=22924"}],"wp:term":[{"taxonomy":"product_brand","embeddable":true,"href":"https:\/\/linoexpress.com\/hu\/wp-json\/wp\/v2\/product_brand?post=22924"},{"taxonomy":"product_cat","embeddable":true,"href":"https:\/\/linoexpress.com\/hu\/wp-json\/wp\/v2\/product_cat?post=22924"},{"taxonomy":"product_tag","embeddable":true,"href":"https:\/\/linoexpress.com\/hu\/wp-json\/wp\/v2\/product_tag?post=22924"}],"curies":[{"name":"wp","href":"https:\/\/api.w.org\/{rel}","templated":true}]}}