{"id":22946,"date":"2026-01-19T21:39:49","date_gmt":"2026-01-19T20:39:49","guid":{"rendered":"https:\/\/linoexpress.com\/hu\/termek\/pants-product\/"},"modified":"2026-03-11T00:10:47","modified_gmt":"2026-03-10T23:10:47","slug":"orult-udvari-jatek-granny-pants","status":"publish","type":"product","link":"https:\/\/linoexpress.com\/hu\/termek\/orult-udvari-jatek-granny-pants\/","title":{"rendered":"\u0150r\u00fclt udvari j\u00e1t\u00e9k &#8211; Granny Pants"},"content":{"rendered":"","protected":false},"excerpt":{"rendered":"<p>L\u00e9pjen be a felejthetetlen sz\u00f3rakoz\u00e1s vil\u00e1g\u00e1ba a Granny Pants-szel, az \u0151r\u00fclt udvari j\u00e1t\u00e9kkal, amely garant\u00e1lja a nevet\u00e9st, a mozg\u00e1st \u00e9s a t\u00e1rsas\u00e1got az eg\u00e9sz csal\u00e1d \u00e9s bar\u00e1tok sz\u00e1m\u00e1ra. T\u00f6k\u00e9letes udvarokhoz, grillez\u00e9sekhez, sz\u00fclet\u00e9snapokhoz, iskolai tev\u00e9kenys\u00e9gekhez \u00e9s csapat\u00e9p\u00edt\u0151 esem\u00e9nyekhez. K\u00f6nnyen fel\u00e1ll\u00edthat\u00f3, univerz\u00e1lis m\u00e9ret\u0171 \u00e9s minden koroszt\u00e1ly sz\u00e1m\u00e1ra alkalmas, gyorsan a gy\u0171l\u00e9sek f\u0151 attrakci\u00f3j\u00e1v\u00e1 v\u00e1lik.<\/p>\n","protected":false},"featured_media":22947,"comment_status":"closed","ping_status":"closed","template":"","meta":{"inline_featured_image":false},"product_brand":[],"product_cat":[27,15,35],"product_tag":[],"class_list":{"0":"post-22946","1":"product","2":"type-product","3":"status-publish","4":"has-post-thumbnail","6":"product_cat-home","7":"product_cat-uncategorized","8":"product_cat-fun","10":"first","11":"instock","12":"sale","13":"taxable","14":"shipping-taxable","15":"purchasable","16":"product-type-simple"},"acf":[],"_links":{"self":[{"href":"https:\/\/linoexpress.com\/hu\/wp-json\/wp\/v2\/product\/22946","targetHints":{"allow":["GET"]}}],"collection":[{"href":"https:\/\/linoexpress.com\/hu\/wp-json\/wp\/v2\/product"}],"about":[{"href":"https:\/\/linoexpress.com\/hu\/wp-json\/wp\/v2\/types\/product"}],"replies":[{"embeddable":true,"href":"https:\/\/linoexpress.com\/hu\/wp-json\/wp\/v2\/comments?post=22946"}],"wp:featuredmedia":[{"embeddable":true,"href":"https:\/\/linoexpress.com\/hu\/wp-json\/wp\/v2\/media\/22947"}],"wp:attachment":[{"href":"https:\/\/linoexpress.com\/hu\/wp-json\/wp\/v2\/media?parent=22946"}],"wp:term":[{"taxonomy":"product_brand","embeddable":true,"href":"https:\/\/linoexpress.com\/hu\/wp-json\/wp\/v2\/product_brand?post=22946"},{"taxonomy":"product_cat","embeddable":true,"href":"https:\/\/linoexpress.com\/hu\/wp-json\/wp\/v2\/product_cat?post=22946"},{"taxonomy":"product_tag","embeddable":true,"href":"https:\/\/linoexpress.com\/hu\/wp-json\/wp\/v2\/product_tag?post=22946"}],"curies":[{"name":"wp","href":"https:\/\/api.w.org\/{rel}","templated":true}]}}