{"id":22962,"date":"2026-01-20T00:27:29","date_gmt":"2026-01-19T23:27:29","guid":{"rendered":"https:\/\/linoexpress.com\/hu\/termek\/bref-product\/"},"modified":"2026-03-11T00:10:28","modified_gmt":"2026-03-10T23:10:28","slug":"reflexlabda-a-sebesseg-es-koordinacio-gyakorlasara","status":"publish","type":"product","link":"https:\/\/linoexpress.com\/hu\/termek\/reflexlabda-a-sebesseg-es-koordinacio-gyakorlasara\/","title":{"rendered":"Reflexlabda a sebess\u00e9g \u00e9s koordin\u00e1ci\u00f3 gyakorl\u00e1s\u00e1ra"},"content":{"rendered":"","protected":false},"excerpt":{"rendered":"<p>A reflexi\u00f3s bokszlabda praktikus edz\u0151eszk\u00f6z a sebess\u00e9g, a f\u00f3kusz \u00e9s a k\u00e9z-szem koordin\u00e1ci\u00f3 jav\u00edt\u00e1s\u00e1ra. Ide\u00e1lis bokszol\u00f3k, sportol\u00f3k \u00e9s minden koroszt\u00e1ly\u00fa szabadid\u0151s sportol\u00f3k sz\u00e1m\u00e1ra, valamint otthoni edz\u00e9shez. K\u00f6nny\u0171, \u00e1ll\u00edthat\u00f3 \u00e9s egyszer\u0171en haszn\u00e1lhat\u00f3, hat\u00e9kony edz\u00e9st tesz lehet\u0151v\u00e9 b\u00e1rhol, ahol tart\u00f3zkodik.<\/p>\n","protected":false},"featured_media":22963,"comment_status":"closed","ping_status":"closed","template":"","meta":{"inline_featured_image":false},"product_brand":[],"product_cat":[27,24,15,35],"product_tag":[],"class_list":{"0":"post-22962","1":"product","2":"type-product","3":"status-publish","4":"has-post-thumbnail","6":"product_cat-home","7":"product_cat-sale","8":"product_cat-uncategorized","9":"product_cat-fun","11":"first","12":"instock","13":"sale","14":"taxable","15":"shipping-taxable","16":"purchasable","17":"product-type-simple"},"acf":[],"_links":{"self":[{"href":"https:\/\/linoexpress.com\/hu\/wp-json\/wp\/v2\/product\/22962","targetHints":{"allow":["GET"]}}],"collection":[{"href":"https:\/\/linoexpress.com\/hu\/wp-json\/wp\/v2\/product"}],"about":[{"href":"https:\/\/linoexpress.com\/hu\/wp-json\/wp\/v2\/types\/product"}],"replies":[{"embeddable":true,"href":"https:\/\/linoexpress.com\/hu\/wp-json\/wp\/v2\/comments?post=22962"}],"wp:featuredmedia":[{"embeddable":true,"href":"https:\/\/linoexpress.com\/hu\/wp-json\/wp\/v2\/media\/22963"}],"wp:attachment":[{"href":"https:\/\/linoexpress.com\/hu\/wp-json\/wp\/v2\/media?parent=22962"}],"wp:term":[{"taxonomy":"product_brand","embeddable":true,"href":"https:\/\/linoexpress.com\/hu\/wp-json\/wp\/v2\/product_brand?post=22962"},{"taxonomy":"product_cat","embeddable":true,"href":"https:\/\/linoexpress.com\/hu\/wp-json\/wp\/v2\/product_cat?post=22962"},{"taxonomy":"product_tag","embeddable":true,"href":"https:\/\/linoexpress.com\/hu\/wp-json\/wp\/v2\/product_tag?post=22962"}],"curies":[{"name":"wp","href":"https:\/\/api.w.org\/{rel}","templated":true}]}}