{"id":23003,"date":"2026-01-21T21:18:53","date_gmt":"2026-01-21T20:18:53","guid":{"rendered":"https:\/\/linoexpress.com\/hu\/termek\/catty-product\/"},"modified":"2026-04-18T11:34:13","modified_gmt":"2026-04-18T09:34:13","slug":"catty-szelid-robotmacska-interaktiv-haziallat","status":"publish","type":"product","link":"https:\/\/linoexpress.com\/hu\/termek\/catty-szelid-robotmacska-interaktiv-haziallat\/","title":{"rendered":"Szel\u00edd robotmacska &#8211; Interakt\u00edv h\u00e1zi\u00e1llat"},"content":{"rendered":"","protected":false},"excerpt":{"rendered":"<p>Ez a val\u00f3s\u00e1gh\u0171 robotmacska s\u00e9t\u00e1l, ny\u00e1vog \u00e9s dorombol, mint egy igazi, val\u00f3di h\u00e1zi\u00e1llat \u00e9rz\u00e9s\u00e9t ny\u00fajtva a gyerekeknek. Puha, kellemes anyagb\u00f3l k\u00e9sz\u00fclt, amely biztons\u00e1gos a j\u00e1t\u00e9kra \u00e9s a simogat\u00e1sra. Ide\u00e1lis a k\u00e9pzelet fejleszt\u00e9s\u00e9re, t\u00e1rsas\u00e1gra \u00e9s hossz\u00fa t\u00e1v\u00fa sz\u00f3rakoz\u00e1sra an\u00e9lk\u00fcl, hogy val\u00f3di \u00e1llatr\u00f3l kellene gondoskodni.<\/p>\n","protected":false},"featured_media":23004,"comment_status":"closed","ping_status":"closed","template":"","meta":{"inline_featured_image":false},"product_brand":[],"product_cat":[27,24,15,35],"product_tag":[],"class_list":{"0":"post-23003","1":"product","2":"type-product","3":"status-publish","4":"has-post-thumbnail","6":"product_cat-home","7":"product_cat-sale","8":"product_cat-uncategorized","9":"product_cat-fun","11":"first","12":"instock","13":"sale","14":"taxable","15":"shipping-taxable","16":"purchasable","17":"product-type-simple"},"acf":[],"_links":{"self":[{"href":"https:\/\/linoexpress.com\/hu\/wp-json\/wp\/v2\/product\/23003","targetHints":{"allow":["GET"]}}],"collection":[{"href":"https:\/\/linoexpress.com\/hu\/wp-json\/wp\/v2\/product"}],"about":[{"href":"https:\/\/linoexpress.com\/hu\/wp-json\/wp\/v2\/types\/product"}],"replies":[{"embeddable":true,"href":"https:\/\/linoexpress.com\/hu\/wp-json\/wp\/v2\/comments?post=23003"}],"wp:featuredmedia":[{"embeddable":true,"href":"https:\/\/linoexpress.com\/hu\/wp-json\/wp\/v2\/media\/23004"}],"wp:attachment":[{"href":"https:\/\/linoexpress.com\/hu\/wp-json\/wp\/v2\/media?parent=23003"}],"wp:term":[{"taxonomy":"product_brand","embeddable":true,"href":"https:\/\/linoexpress.com\/hu\/wp-json\/wp\/v2\/product_brand?post=23003"},{"taxonomy":"product_cat","embeddable":true,"href":"https:\/\/linoexpress.com\/hu\/wp-json\/wp\/v2\/product_cat?post=23003"},{"taxonomy":"product_tag","embeddable":true,"href":"https:\/\/linoexpress.com\/hu\/wp-json\/wp\/v2\/product_tag?post=23003"}],"curies":[{"name":"wp","href":"https:\/\/api.w.org\/{rel}","templated":true}]}}