{"id":23456,"date":"2026-02-04T11:10:24","date_gmt":"2026-02-04T10:10:24","guid":{"rendered":"https:\/\/linoexpress.com\/hu\/termek\/rfid-product\/"},"modified":"2026-03-11T00:09:36","modified_gmt":"2026-03-10T23:09:36","slug":"ejjeliszekreny-rejtett-biztonsagi-terrel","status":"publish","type":"product","link":"https:\/\/linoexpress.com\/hu\/termek\/ejjeliszekreny-rejtett-biztonsagi-terrel\/","title":{"rendered":"\u00c9jjeliszekr\u00e9ny rejtett biztons\u00e1gi t\u00e9rrel"},"content":{"rendered":"","protected":false},"excerpt":{"rendered":"<p>Ez az \u00e9jjeliszekr\u00e9ny t\u00f6k\u00e9letes eleganci\u00e1t \u00e9s diszkr\u00e9t v\u00e9delmet hoz otthon\u00e1ba. Az egyszer\u0171, modern megjelen\u00e9s m\u00f6g\u00f6tt egy okosan elrejtett, RFID z\u00e1rral ell\u00e1tott t\u00e9r tal\u00e1lhat\u00f3, amely az \u00e9rt\u00e9kek biztons\u00e1gos t\u00e1rol\u00e1s\u00e1ra szolg\u00e1l. Ide\u00e1lis mindazok sz\u00e1m\u00e1ra, akik rendezett teret szeretn\u00e9nek, de emellett extra biztons\u00e1g\u00e9rzetet is.<\/p>\n","protected":false},"featured_media":23459,"comment_status":"closed","ping_status":"closed","template":"","meta":{"inline_featured_image":false},"product_brand":[],"product_cat":[27,24,15,35],"product_tag":[],"class_list":{"0":"post-23456","1":"product","2":"type-product","3":"status-publish","4":"has-post-thumbnail","6":"product_cat-home","7":"product_cat-sale","8":"product_cat-uncategorized","9":"product_cat-fun","11":"first","12":"instock","13":"sale","14":"taxable","15":"shipping-taxable","16":"purchasable","17":"product-type-simple"},"acf":[],"_links":{"self":[{"href":"https:\/\/linoexpress.com\/hu\/wp-json\/wp\/v2\/product\/23456","targetHints":{"allow":["GET"]}}],"collection":[{"href":"https:\/\/linoexpress.com\/hu\/wp-json\/wp\/v2\/product"}],"about":[{"href":"https:\/\/linoexpress.com\/hu\/wp-json\/wp\/v2\/types\/product"}],"replies":[{"embeddable":true,"href":"https:\/\/linoexpress.com\/hu\/wp-json\/wp\/v2\/comments?post=23456"}],"wp:featuredmedia":[{"embeddable":true,"href":"https:\/\/linoexpress.com\/hu\/wp-json\/wp\/v2\/media\/23459"}],"wp:attachment":[{"href":"https:\/\/linoexpress.com\/hu\/wp-json\/wp\/v2\/media?parent=23456"}],"wp:term":[{"taxonomy":"product_brand","embeddable":true,"href":"https:\/\/linoexpress.com\/hu\/wp-json\/wp\/v2\/product_brand?post=23456"},{"taxonomy":"product_cat","embeddable":true,"href":"https:\/\/linoexpress.com\/hu\/wp-json\/wp\/v2\/product_cat?post=23456"},{"taxonomy":"product_tag","embeddable":true,"href":"https:\/\/linoexpress.com\/hu\/wp-json\/wp\/v2\/product_tag?post=23456"}],"curies":[{"name":"wp","href":"https:\/\/api.w.org\/{rel}","templated":true}]}}