{"id":23518,"date":"2026-02-05T19:44:37","date_gmt":"2026-02-05T18:44:37","guid":{"rendered":"https:\/\/linoexpress.com\/hu\/termek\/matgnd-product\/"},"modified":"2026-04-22T13:45:48","modified_gmt":"2026-04-22T11:45:48","slug":"foldelo-szonyeg","status":"publish","type":"product","link":"https:\/\/linoexpress.com\/hu\/termek\/foldelo-szonyeg\/","title":{"rendered":"F\u00f6ldel\u0151 sz\u0151nyeg"},"content":{"rendered":"","protected":false},"excerpt":{"rendered":"<p>A f\u00f6ldel\u00e9si al\u00e1t\u00e9t lehet\u0151v\u00e9 teszi a test term\u00e9szetes kapcsolat\u00e1t a f\u00f6lddel \u00e9s a szervezet elektromos egyens\u00faly\u00e1nak helyre\u00e1ll\u00edt\u00e1s\u00e1t. A rendszeres haszn\u00e1lat hozz\u00e1j\u00e1rulhat a jobb alv\u00e1shoz, a stressz cs\u00f6kkent\u00e9s\u00e9hez \u00e9s az izom- \u00e9s \u00edz\u00fcleti f\u00e1jdalmak enyh\u00edt\u00e9s\u00e9hez. Egyszer\u0171en haszn\u00e1lhat\u00f3 \u00e9s alkalmas otthonra, irod\u00e1ba vagy pihen\u00e9sre.<\/p>\n","protected":false},"featured_media":23522,"comment_status":"closed","ping_status":"closed","template":"","meta":{"inline_featured_image":false},"product_brand":[],"product_cat":[27,28,24,15,35,26],"product_tag":[],"class_list":{"0":"post-23518","1":"product","2":"type-product","3":"status-publish","4":"has-post-thumbnail","6":"product_cat-home","7":"product_cat-beauty","8":"product_cat-sale","9":"product_cat-uncategorized","10":"product_cat-fun","11":"product_cat-health","13":"first","14":"instock","15":"sale","16":"taxable","17":"shipping-taxable","18":"purchasable","19":"product-type-simple"},"acf":[],"_links":{"self":[{"href":"https:\/\/linoexpress.com\/hu\/wp-json\/wp\/v2\/product\/23518","targetHints":{"allow":["GET"]}}],"collection":[{"href":"https:\/\/linoexpress.com\/hu\/wp-json\/wp\/v2\/product"}],"about":[{"href":"https:\/\/linoexpress.com\/hu\/wp-json\/wp\/v2\/types\/product"}],"replies":[{"embeddable":true,"href":"https:\/\/linoexpress.com\/hu\/wp-json\/wp\/v2\/comments?post=23518"}],"wp:featuredmedia":[{"embeddable":true,"href":"https:\/\/linoexpress.com\/hu\/wp-json\/wp\/v2\/media\/23522"}],"wp:attachment":[{"href":"https:\/\/linoexpress.com\/hu\/wp-json\/wp\/v2\/media?parent=23518"}],"wp:term":[{"taxonomy":"product_brand","embeddable":true,"href":"https:\/\/linoexpress.com\/hu\/wp-json\/wp\/v2\/product_brand?post=23518"},{"taxonomy":"product_cat","embeddable":true,"href":"https:\/\/linoexpress.com\/hu\/wp-json\/wp\/v2\/product_cat?post=23518"},{"taxonomy":"product_tag","embeddable":true,"href":"https:\/\/linoexpress.com\/hu\/wp-json\/wp\/v2\/product_tag?post=23518"}],"curies":[{"name":"wp","href":"https:\/\/api.w.org\/{rel}","templated":true}]}}