{"id":23545,"date":"2026-02-05T20:35:12","date_gmt":"2026-02-05T19:35:12","guid":{"rendered":"https:\/\/linoexpress.com\/hu\/termek\/strap-product\/"},"modified":"2026-03-11T00:08:54","modified_gmt":"2026-03-10T23:08:54","slug":"sulyemelo-ovek-csuklokampokkal","status":"publish","type":"product","link":"https:\/\/linoexpress.com\/hu\/termek\/sulyemelo-ovek-csuklokampokkal\/","title":{"rendered":"S\u00falyemel\u0151 \u00f6vek csukl\u00f3kamp\u00f3kkal"},"content":{"rendered":"","protected":false},"excerpt":{"rendered":"<p>A s\u00falyemel\u0151 hevederek er\u0151s \u00e9s stabil t\u00e1mogat\u00e1st ny\u00fajtanak a nagyobb terhel\u00e9ssel v\u00e9gzett edz\u00e9s sor\u00e1n. Seg\u00edtenek a mozdulatok biztons\u00e1gosabb v\u00e9grehajt\u00e1s\u00e1ban, \u00e9s cs\u00f6kkentik a kezek \u00e9s csukl\u00f3k terhel\u00e9s\u00e9t. Mindenkinek aj\u00e1nlott, aki jobb kontrollt, er\u0151sebb fog\u00e1st \u00e9s hat\u00e9konyabb edz\u00e9st szeretne.<\/p>\n","protected":false},"featured_media":23549,"comment_status":"closed","ping_status":"closed","template":"","meta":{"inline_featured_image":false},"product_brand":[],"product_cat":[27,15,35,26],"product_tag":[],"class_list":{"0":"post-23545","1":"product","2":"type-product","3":"status-publish","4":"has-post-thumbnail","6":"product_cat-home","7":"product_cat-uncategorized","8":"product_cat-fun","9":"product_cat-health","11":"first","12":"instock","13":"sale","14":"taxable","15":"shipping-taxable","16":"purchasable","17":"product-type-simple"},"acf":[],"_links":{"self":[{"href":"https:\/\/linoexpress.com\/hu\/wp-json\/wp\/v2\/product\/23545","targetHints":{"allow":["GET"]}}],"collection":[{"href":"https:\/\/linoexpress.com\/hu\/wp-json\/wp\/v2\/product"}],"about":[{"href":"https:\/\/linoexpress.com\/hu\/wp-json\/wp\/v2\/types\/product"}],"replies":[{"embeddable":true,"href":"https:\/\/linoexpress.com\/hu\/wp-json\/wp\/v2\/comments?post=23545"}],"wp:featuredmedia":[{"embeddable":true,"href":"https:\/\/linoexpress.com\/hu\/wp-json\/wp\/v2\/media\/23549"}],"wp:attachment":[{"href":"https:\/\/linoexpress.com\/hu\/wp-json\/wp\/v2\/media?parent=23545"}],"wp:term":[{"taxonomy":"product_brand","embeddable":true,"href":"https:\/\/linoexpress.com\/hu\/wp-json\/wp\/v2\/product_brand?post=23545"},{"taxonomy":"product_cat","embeddable":true,"href":"https:\/\/linoexpress.com\/hu\/wp-json\/wp\/v2\/product_cat?post=23545"},{"taxonomy":"product_tag","embeddable":true,"href":"https:\/\/linoexpress.com\/hu\/wp-json\/wp\/v2\/product_tag?post=23545"}],"curies":[{"name":"wp","href":"https:\/\/api.w.org\/{rel}","templated":true}]}}