{"id":23796,"date":"2026-02-13T07:21:57","date_gmt":"2026-02-13T06:21:57","guid":{"rendered":"https:\/\/linoexpress.com\/hu\/termek\/shaver-product\/"},"modified":"2026-03-11T00:08:38","modified_gmt":"2026-03-10T23:08:38","slug":"mini-elektromos-borotva-a-preciz-es-gyors-borotvalkozashoz","status":"publish","type":"product","link":"https:\/\/linoexpress.com\/hu\/termek\/mini-elektromos-borotva-a-preciz-es-gyors-borotvalkozashoz\/","title":{"rendered":"Mini elektromos borotva a prec\u00edz \u00e9s gyors borotv\u00e1lkoz\u00e1shoz"},"content":{"rendered":"","protected":false},"excerpt":{"rendered":"<p>A mini elektromos borotva gyors, tiszta \u00e9s egyenletes borotv\u00e1lkoz\u00e1st tesz lehet\u0151v\u00e9 b\u0151rirrit\u00e1ci\u00f3 n\u00e9lk\u00fcl. Az er\u0151s motornak \u00e9s a prec\u00edz peng\u00e9knek k\u00f6sz\u00f6nhet\u0151en k\u00f6nnyed\u00e9n \u00e9s h\u00faz\u00e1s n\u00e9lk\u00fcl t\u00e1vol\u00edtja el a sz\u0151rsz\u00e1lakat. Ide\u00e1lis a mindennapi \u00e1polt megjelen\u00e9s fenntart\u00e1s\u00e1hoz otthon vagy \u00fatk\u00f6zben.<\/p>\n","protected":false},"featured_media":23798,"comment_status":"closed","ping_status":"closed","template":"","meta":{"inline_featured_image":false},"product_brand":[],"product_cat":[27,24,15,35],"product_tag":[],"class_list":{"0":"post-23796","1":"product","2":"type-product","3":"status-publish","4":"has-post-thumbnail","6":"product_cat-home","7":"product_cat-sale","8":"product_cat-uncategorized","9":"product_cat-fun","11":"first","12":"instock","13":"sale","14":"taxable","15":"shipping-taxable","16":"purchasable","17":"product-type-simple"},"acf":[],"_links":{"self":[{"href":"https:\/\/linoexpress.com\/hu\/wp-json\/wp\/v2\/product\/23796","targetHints":{"allow":["GET"]}}],"collection":[{"href":"https:\/\/linoexpress.com\/hu\/wp-json\/wp\/v2\/product"}],"about":[{"href":"https:\/\/linoexpress.com\/hu\/wp-json\/wp\/v2\/types\/product"}],"replies":[{"embeddable":true,"href":"https:\/\/linoexpress.com\/hu\/wp-json\/wp\/v2\/comments?post=23796"}],"wp:featuredmedia":[{"embeddable":true,"href":"https:\/\/linoexpress.com\/hu\/wp-json\/wp\/v2\/media\/23798"}],"wp:attachment":[{"href":"https:\/\/linoexpress.com\/hu\/wp-json\/wp\/v2\/media?parent=23796"}],"wp:term":[{"taxonomy":"product_brand","embeddable":true,"href":"https:\/\/linoexpress.com\/hu\/wp-json\/wp\/v2\/product_brand?post=23796"},{"taxonomy":"product_cat","embeddable":true,"href":"https:\/\/linoexpress.com\/hu\/wp-json\/wp\/v2\/product_cat?post=23796"},{"taxonomy":"product_tag","embeddable":true,"href":"https:\/\/linoexpress.com\/hu\/wp-json\/wp\/v2\/product_tag?post=23796"}],"curies":[{"name":"wp","href":"https:\/\/api.w.org\/{rel}","templated":true}]}}