{"id":24570,"date":"2026-03-16T11:19:54","date_gmt":"2026-03-16T10:19:54","guid":{"rendered":"https:\/\/linoexpress.com\/hu\/termek\/catty-puppy-product\/"},"modified":"2026-03-16T11:41:27","modified_gmt":"2026-03-16T10:41:27","slug":"intelligens-interaktiv-haziallat-gyerekeknek-kutya-vagy-macska","status":"publish","type":"product","link":"https:\/\/linoexpress.com\/hu\/termek\/intelligens-interaktiv-haziallat-gyerekeknek-kutya-vagy-macska\/","title":{"rendered":"Intelligens interakt\u00edv h\u00e1zi\u00e1llat gyerekeknek &#8211; Kutya vagy Macska"},"content":{"rendered":"","protected":false},"excerpt":{"rendered":"<p>Az interakt\u00edv pl\u00fcss h\u00e1zi\u00e1llat sz\u00f3rakoztat\u00f3 \u00e9s izgalmas j\u00e1t\u00e9kot hoz a gyerekeknek mozdulatok \u00e9s hangok r\u00e9v\u00e9n. A puha anyag \u00e9s a b\u00e1jos diz\u00e1jn t\u00f6k\u00e9letes bar\u00e1tt\u00e1 teszi a mindennapi egy\u00fcttl\u00e9tre \u00e9s j\u00e1t\u00e9kra. Kutyak\u00e9nt vagy macskak\u00e9nt kaphat\u00f3, \u00edgy minden gyerek kiv\u00e1laszthatja kedvenc h\u00e1zi\u00e1llat\u00e1t.<\/p>\n","protected":false},"featured_media":24571,"comment_status":"closed","ping_status":"closed","template":"","meta":{"inline_featured_image":false},"product_brand":[],"product_cat":[27,24,15,35],"product_tag":[],"class_list":{"0":"post-24570","1":"product","2":"type-product","3":"status-publish","4":"has-post-thumbnail","6":"product_cat-home","7":"product_cat-sale","8":"product_cat-uncategorized","9":"product_cat-fun","11":"first","12":"instock","13":"sale","14":"taxable","15":"shipping-taxable","16":"purchasable","17":"product-type-variable"},"acf":[],"_links":{"self":[{"href":"https:\/\/linoexpress.com\/hu\/wp-json\/wp\/v2\/product\/24570","targetHints":{"allow":["GET"]}}],"collection":[{"href":"https:\/\/linoexpress.com\/hu\/wp-json\/wp\/v2\/product"}],"about":[{"href":"https:\/\/linoexpress.com\/hu\/wp-json\/wp\/v2\/types\/product"}],"replies":[{"embeddable":true,"href":"https:\/\/linoexpress.com\/hu\/wp-json\/wp\/v2\/comments?post=24570"}],"wp:featuredmedia":[{"embeddable":true,"href":"https:\/\/linoexpress.com\/hu\/wp-json\/wp\/v2\/media\/24571"}],"wp:attachment":[{"href":"https:\/\/linoexpress.com\/hu\/wp-json\/wp\/v2\/media?parent=24570"}],"wp:term":[{"taxonomy":"product_brand","embeddable":true,"href":"https:\/\/linoexpress.com\/hu\/wp-json\/wp\/v2\/product_brand?post=24570"},{"taxonomy":"product_cat","embeddable":true,"href":"https:\/\/linoexpress.com\/hu\/wp-json\/wp\/v2\/product_cat?post=24570"},{"taxonomy":"product_tag","embeddable":true,"href":"https:\/\/linoexpress.com\/hu\/wp-json\/wp\/v2\/product_tag?post=24570"}],"curies":[{"name":"wp","href":"https:\/\/api.w.org\/{rel}","templated":true}]}}