{"id":24752,"date":"2026-03-27T09:26:49","date_gmt":"2026-03-27T08:26:49","guid":{"rendered":"https:\/\/linoexpress.com\/hu\/termek\/reflexpro-product\/"},"modified":"2026-04-06T12:56:05","modified_gmt":"2026-04-06T10:56:05","slug":"sebesseg-es-eroedzo-reflexzsak","status":"publish","type":"product","link":"https:\/\/linoexpress.com\/hu\/termek\/sebesseg-es-eroedzo-reflexzsak\/","title":{"rendered":"Sebess\u00e9g- \u00e9s er\u0151edz\u0151 reflexzs\u00e1k"},"content":{"rendered":"","protected":false},"excerpt":{"rendered":"<p>Fejlessze reflexeit, sebess\u00e9g\u00e9t \u00e9s koordin\u00e1ci\u00f3j\u00e1t az innovat\u00edv reflexzs\u00e1kkal, amelyet a maxim\u00e1lis teljes\u00edtm\u00e9ny \u00e9rdek\u00e9ben terveztek. A stabil v\u00e1kuumb\u00e1zisnak \u00e9s az okos kialak\u00edt\u00e1snak k\u00f6sz\u00f6nhet\u0151en intenz\u00edv edz\u00e9st tesz lehet\u0151v\u00e9 elmozdul\u00e1s \u00e9s zaj n\u00e9lk\u00fcl. Ide\u00e1lis otthoni haszn\u00e1latra, edz\u0151terembe \u00e9s minden szint\u0171 felhaszn\u00e1l\u00f3 sz\u00e1m\u00e1ra, a kezd\u0151kt\u0151l a profikig.<\/p>\n","protected":false},"featured_media":24754,"comment_status":"closed","ping_status":"closed","template":"","meta":{"inline_featured_image":false},"product_brand":[],"product_cat":[27,24,15,35],"product_tag":[],"class_list":{"0":"post-24752","1":"product","2":"type-product","3":"status-publish","4":"has-post-thumbnail","6":"product_cat-home","7":"product_cat-sale","8":"product_cat-uncategorized","9":"product_cat-fun","11":"first","12":"instock","13":"sale","14":"taxable","15":"shipping-taxable","16":"purchasable","17":"product-type-simple"},"acf":[],"_links":{"self":[{"href":"https:\/\/linoexpress.com\/hu\/wp-json\/wp\/v2\/product\/24752","targetHints":{"allow":["GET"]}}],"collection":[{"href":"https:\/\/linoexpress.com\/hu\/wp-json\/wp\/v2\/product"}],"about":[{"href":"https:\/\/linoexpress.com\/hu\/wp-json\/wp\/v2\/types\/product"}],"replies":[{"embeddable":true,"href":"https:\/\/linoexpress.com\/hu\/wp-json\/wp\/v2\/comments?post=24752"}],"wp:featuredmedia":[{"embeddable":true,"href":"https:\/\/linoexpress.com\/hu\/wp-json\/wp\/v2\/media\/24754"}],"wp:attachment":[{"href":"https:\/\/linoexpress.com\/hu\/wp-json\/wp\/v2\/media?parent=24752"}],"wp:term":[{"taxonomy":"product_brand","embeddable":true,"href":"https:\/\/linoexpress.com\/hu\/wp-json\/wp\/v2\/product_brand?post=24752"},{"taxonomy":"product_cat","embeddable":true,"href":"https:\/\/linoexpress.com\/hu\/wp-json\/wp\/v2\/product_cat?post=24752"},{"taxonomy":"product_tag","embeddable":true,"href":"https:\/\/linoexpress.com\/hu\/wp-json\/wp\/v2\/product_tag?post=24752"}],"curies":[{"name":"wp","href":"https:\/\/api.w.org\/{rel}","templated":true}]}}