{"id":25238,"date":"2026-04-24T00:09:30","date_gmt":"2026-04-23T22:09:30","guid":{"rendered":"https:\/\/linoexpress.com\/hu\/termek\/magicshelf-product\/"},"modified":"2026-04-28T09:46:20","modified_gmt":"2026-04-28T07:46:20","slug":"diszkret-biztonsagi-polc","status":"publish","type":"product","link":"https:\/\/linoexpress.com\/hu\/termek\/diszkret-biztonsagi-polc\/","title":{"rendered":"Diszkr\u00e9t biztons\u00e1gi polc"},"content":{"rendered":"","protected":false},"excerpt":{"rendered":"<p>Diszkr\u00e9ten rejtse el \u00e9rt\u00e9keit egy olyan helyen, ahol senki sem sz\u00e1m\u00edt r\u00e1 \u2013 egy eleg\u00e1ns fali polcon. A praktikuss\u00e1g \u00e9s biztons\u00e1g \u00f6tv\u00f6zete lehet\u0151v\u00e9 teszi, hogy rendszerezze a teret, mik\u00f6zben megv\u00e9di azt, ami a legfontosabb az \u00d6n sz\u00e1m\u00e1ra. A modern diz\u00e1jn minden bels\u0151 t\u00e9rbe illeszkedik, \u00e9s a luxus \u00e9s az okos megold\u00e1s benyom\u00e1s\u00e1t kelti.<\/p>\n","protected":false},"featured_media":25239,"comment_status":"closed","ping_status":"closed","template":"","meta":{"inline_featured_image":false},"product_brand":[],"product_cat":[27,24,15,35],"product_tag":[],"class_list":{"0":"post-25238","1":"product","2":"type-product","3":"status-publish","4":"has-post-thumbnail","6":"product_cat-home","7":"product_cat-sale","8":"product_cat-uncategorized","9":"product_cat-fun","11":"first","12":"instock","13":"sale","14":"taxable","15":"shipping-taxable","16":"purchasable","17":"product-type-simple"},"acf":[],"_links":{"self":[{"href":"https:\/\/linoexpress.com\/hu\/wp-json\/wp\/v2\/product\/25238","targetHints":{"allow":["GET"]}}],"collection":[{"href":"https:\/\/linoexpress.com\/hu\/wp-json\/wp\/v2\/product"}],"about":[{"href":"https:\/\/linoexpress.com\/hu\/wp-json\/wp\/v2\/types\/product"}],"replies":[{"embeddable":true,"href":"https:\/\/linoexpress.com\/hu\/wp-json\/wp\/v2\/comments?post=25238"}],"wp:featuredmedia":[{"embeddable":true,"href":"https:\/\/linoexpress.com\/hu\/wp-json\/wp\/v2\/media\/25239"}],"wp:attachment":[{"href":"https:\/\/linoexpress.com\/hu\/wp-json\/wp\/v2\/media?parent=25238"}],"wp:term":[{"taxonomy":"product_brand","embeddable":true,"href":"https:\/\/linoexpress.com\/hu\/wp-json\/wp\/v2\/product_brand?post=25238"},{"taxonomy":"product_cat","embeddable":true,"href":"https:\/\/linoexpress.com\/hu\/wp-json\/wp\/v2\/product_cat?post=25238"},{"taxonomy":"product_tag","embeddable":true,"href":"https:\/\/linoexpress.com\/hu\/wp-json\/wp\/v2\/product_tag?post=25238"}],"curies":[{"name":"wp","href":"https:\/\/api.w.org\/{rel}","templated":true}]}}