{"id":25265,"date":"2026-04-24T15:10:44","date_gmt":"2026-04-24T13:10:44","guid":{"rendered":"https:\/\/linoexpress.com\/hu\/termek\/vac60-product\/"},"modified":"2026-04-24T15:50:17","modified_gmt":"2026-04-24T13:50:17","slug":"kezi-turbo-tisztito","status":"publish","type":"product","link":"https:\/\/linoexpress.com\/hu\/termek\/kezi-turbo-tisztito\/","title":{"rendered":"K\u00e9zi turb\u00f3 tiszt\u00edt\u00f3"},"content":{"rendered":"","protected":false},"excerpt":{"rendered":"<p>A k\u00e9zi turb\u00f3 tiszt\u00edt\u00f3 er\u0151s \u00e9s gyors tiszt\u00edt\u00e1st biztos\u00edt k\u00e1belek \u00e9s komplik\u00e1ci\u00f3k n\u00e9lk\u00fcl. Kompakt kialak\u00edt\u00e1s\u00e1nak \u00e9s er\u0151s sz\u00edv\u00f3erej\u00e9nek k\u00f6sz\u00f6nhet\u0151en k\u00f6nnyed\u00e9n elt\u00e1vol\u00edtja a port \u00e9s szennyez\u0151d\u00e9seket a legnehezebben el\u00e9rhet\u0151 helyekr\u0151l is. Ide\u00e1lis otthonra \u00e9s aut\u00f3ba &#8211; mindig k\u00e9szen \u00e1ll, amikor sz\u00fcks\u00e9ge van r\u00e1.<\/p>\n","protected":false},"featured_media":25266,"comment_status":"closed","ping_status":"closed","template":"","meta":{"inline_featured_image":false},"product_brand":[],"product_cat":[27,24,15,35],"product_tag":[],"class_list":{"0":"post-25265","1":"product","2":"type-product","3":"status-publish","4":"has-post-thumbnail","6":"product_cat-home","7":"product_cat-sale","8":"product_cat-uncategorized","9":"product_cat-fun","11":"first","12":"instock","13":"sale","14":"taxable","15":"shipping-taxable","16":"purchasable","17":"product-type-simple"},"acf":[],"_links":{"self":[{"href":"https:\/\/linoexpress.com\/hu\/wp-json\/wp\/v2\/product\/25265","targetHints":{"allow":["GET"]}}],"collection":[{"href":"https:\/\/linoexpress.com\/hu\/wp-json\/wp\/v2\/product"}],"about":[{"href":"https:\/\/linoexpress.com\/hu\/wp-json\/wp\/v2\/types\/product"}],"replies":[{"embeddable":true,"href":"https:\/\/linoexpress.com\/hu\/wp-json\/wp\/v2\/comments?post=25265"}],"wp:featuredmedia":[{"embeddable":true,"href":"https:\/\/linoexpress.com\/hu\/wp-json\/wp\/v2\/media\/25266"}],"wp:attachment":[{"href":"https:\/\/linoexpress.com\/hu\/wp-json\/wp\/v2\/media?parent=25265"}],"wp:term":[{"taxonomy":"product_brand","embeddable":true,"href":"https:\/\/linoexpress.com\/hu\/wp-json\/wp\/v2\/product_brand?post=25265"},{"taxonomy":"product_cat","embeddable":true,"href":"https:\/\/linoexpress.com\/hu\/wp-json\/wp\/v2\/product_cat?post=25265"},{"taxonomy":"product_tag","embeddable":true,"href":"https:\/\/linoexpress.com\/hu\/wp-json\/wp\/v2\/product_tag?post=25265"}],"curies":[{"name":"wp","href":"https:\/\/api.w.org\/{rel}","templated":true}]}}