{"id":2904,"date":"2022-07-04T10:02:06","date_gmt":"2022-07-04T08:02:06","guid":{"rendered":"https:\/\/linoexpress.com\/hu\/?post_type=product&#038;p=2904"},"modified":"2022-07-08T10:16:37","modified_gmt":"2022-07-08T08:16:37","slug":"cipotisztito-es-feherito-gel","status":"publish","type":"product","link":"https:\/\/linoexpress.com\/hu\/termek\/cipotisztito-es-feherito-gel\/","title":{"rendered":"Cip\u0151tiszt\u00edt\u00f3 \u00e9s feh\u00e9r\u00edt\u0151 g\u00e9l"},"content":{"rendered":"","protected":false},"excerpt":{"rendered":"<p>T\u00e1vol\u00edtsa el a szennyez\u0151d\u00e9seket \u00e9s a s\u00e1rga foltokat ennek a kiv\u00e1l\u00f3 feh\u00e9r\u00edt\u0151 \u00e9s tiszt\u00edt\u00f3 g\u00e9lnek a seg\u00edts\u00e9g\u00e9vel!<\/p>\n","protected":false},"featured_media":2910,"comment_status":"closed","ping_status":"closed","template":"","meta":{"inline_featured_image":false},"product_brand":[],"product_cat":[27,15],"product_tag":[],"class_list":{"0":"post-2904","1":"product","2":"type-product","3":"status-publish","4":"has-post-thumbnail","6":"product_cat-home","7":"product_cat-uncategorized","9":"first","10":"instock","11":"sale","12":"taxable","13":"shipping-taxable","14":"purchasable","15":"product-type-simple"},"acf":[],"_links":{"self":[{"href":"https:\/\/linoexpress.com\/hu\/wp-json\/wp\/v2\/product\/2904","targetHints":{"allow":["GET"]}}],"collection":[{"href":"https:\/\/linoexpress.com\/hu\/wp-json\/wp\/v2\/product"}],"about":[{"href":"https:\/\/linoexpress.com\/hu\/wp-json\/wp\/v2\/types\/product"}],"replies":[{"embeddable":true,"href":"https:\/\/linoexpress.com\/hu\/wp-json\/wp\/v2\/comments?post=2904"}],"wp:featuredmedia":[{"embeddable":true,"href":"https:\/\/linoexpress.com\/hu\/wp-json\/wp\/v2\/media\/2910"}],"wp:attachment":[{"href":"https:\/\/linoexpress.com\/hu\/wp-json\/wp\/v2\/media?parent=2904"}],"wp:term":[{"taxonomy":"product_brand","embeddable":true,"href":"https:\/\/linoexpress.com\/hu\/wp-json\/wp\/v2\/product_brand?post=2904"},{"taxonomy":"product_cat","embeddable":true,"href":"https:\/\/linoexpress.com\/hu\/wp-json\/wp\/v2\/product_cat?post=2904"},{"taxonomy":"product_tag","embeddable":true,"href":"https:\/\/linoexpress.com\/hu\/wp-json\/wp\/v2\/product_tag?post=2904"}],"curies":[{"name":"wp","href":"https:\/\/api.w.org\/{rel}","templated":true}]}}