{"id":3985,"date":"2022-09-29T12:00:34","date_gmt":"2022-09-29T10:00:34","guid":{"rendered":"https:\/\/linoexpress.com\/hu\/?post_type=product&#038;p=3985"},"modified":"2023-01-05T09:33:25","modified_gmt":"2023-01-05T08:33:25","slug":"karacsonyi-mikulasdisz-santas","status":"publish","type":"product","link":"https:\/\/linoexpress.com\/hu\/termek\/karacsonyi-mikulasdisz-santas\/","title":{"rendered":"Kar\u00e1csonyi mikul\u00e1sd\u00edsz &#8211; Santas"},"content":{"rendered":"","protected":false},"excerpt":{"rendered":"<p>K\u00f6zelegnek az \u00fcnnepek, eg\u00e9sz\u00edtse ki kar\u00e1csonyfad\u00edsz-gy\u0171jtem\u00e9ny\u00e9t ezzel az innovat\u00edv \u00e9s szupermen\u0151 megjelen\u00e9s\u0171 \u00e9s hangz\u00e1s\u00fa mikul\u00e1sd\u00edszt \u00e9s \u00f6rvendeztesse meg gyermekeit<\/p>\n","protected":false},"featured_media":3996,"comment_status":"closed","ping_status":"closed","template":"","meta":{"inline_featured_image":false},"product_brand":[],"product_cat":[27,15,35],"product_tag":[],"class_list":{"0":"post-3985","1":"product","2":"type-product","3":"status-publish","4":"has-post-thumbnail","6":"product_cat-home","7":"product_cat-uncategorized","8":"product_cat-fun","10":"first","11":"instock","12":"sale","13":"taxable","14":"shipping-taxable","15":"purchasable","16":"product-type-simple"},"acf":[],"_links":{"self":[{"href":"https:\/\/linoexpress.com\/hu\/wp-json\/wp\/v2\/product\/3985","targetHints":{"allow":["GET"]}}],"collection":[{"href":"https:\/\/linoexpress.com\/hu\/wp-json\/wp\/v2\/product"}],"about":[{"href":"https:\/\/linoexpress.com\/hu\/wp-json\/wp\/v2\/types\/product"}],"replies":[{"embeddable":true,"href":"https:\/\/linoexpress.com\/hu\/wp-json\/wp\/v2\/comments?post=3985"}],"wp:featuredmedia":[{"embeddable":true,"href":"https:\/\/linoexpress.com\/hu\/wp-json\/wp\/v2\/media\/3996"}],"wp:attachment":[{"href":"https:\/\/linoexpress.com\/hu\/wp-json\/wp\/v2\/media?parent=3985"}],"wp:term":[{"taxonomy":"product_brand","embeddable":true,"href":"https:\/\/linoexpress.com\/hu\/wp-json\/wp\/v2\/product_brand?post=3985"},{"taxonomy":"product_cat","embeddable":true,"href":"https:\/\/linoexpress.com\/hu\/wp-json\/wp\/v2\/product_cat?post=3985"},{"taxonomy":"product_tag","embeddable":true,"href":"https:\/\/linoexpress.com\/hu\/wp-json\/wp\/v2\/product_tag?post=3985"}],"curies":[{"name":"wp","href":"https:\/\/api.w.org\/{rel}","templated":true}]}}