{"id":7345,"date":"2023-02-24T11:25:54","date_gmt":"2023-02-24T10:25:54","guid":{"rendered":"https:\/\/linoexpress.com\/hu\/?post_type=product&#038;p=7345"},"modified":"2023-12-11T08:32:30","modified_gmt":"2023-12-11T07:32:30","slug":"elenk-led-szalag-gepkocsikhoz","status":"publish","type":"product","link":"https:\/\/linoexpress.com\/hu\/termek\/elenk-led-szalag-gepkocsikhoz\/","title":{"rendered":"\u00c9l\u00e9nk LED szalag g\u00e9pkocsikhoz"},"content":{"rendered":"","protected":false},"excerpt":{"rendered":"<p>Az \u00e9l\u00e9nk LED szalag t\u00f6k\u00e9letess\u00e9 var\u00e1zsolja aut\u00f3ja megjelen\u00e9s\u00e9t. Egyszer\u0171 \u00e9s k\u00f6nny\u0171 felhelyez\u00e9s, univerz\u00e1lis haszn\u00e1lat b\u00e1rmilyen g\u00e9pkocsihoz.<\/p>\n","protected":false},"featured_media":7366,"comment_status":"closed","ping_status":"closed","template":"","meta":{"inline_featured_image":false},"product_brand":[],"product_cat":[25,15],"product_tag":[],"class_list":{"0":"post-7345","1":"product","2":"type-product","3":"status-publish","4":"has-post-thumbnail","6":"product_cat-car","7":"product_cat-uncategorized","9":"first","10":"instock","11":"sale","12":"taxable","13":"shipping-taxable","14":"purchasable","15":"product-type-simple"},"acf":[],"_links":{"self":[{"href":"https:\/\/linoexpress.com\/hu\/wp-json\/wp\/v2\/product\/7345","targetHints":{"allow":["GET"]}}],"collection":[{"href":"https:\/\/linoexpress.com\/hu\/wp-json\/wp\/v2\/product"}],"about":[{"href":"https:\/\/linoexpress.com\/hu\/wp-json\/wp\/v2\/types\/product"}],"replies":[{"embeddable":true,"href":"https:\/\/linoexpress.com\/hu\/wp-json\/wp\/v2\/comments?post=7345"}],"wp:featuredmedia":[{"embeddable":true,"href":"https:\/\/linoexpress.com\/hu\/wp-json\/wp\/v2\/media\/7366"}],"wp:attachment":[{"href":"https:\/\/linoexpress.com\/hu\/wp-json\/wp\/v2\/media?parent=7345"}],"wp:term":[{"taxonomy":"product_brand","embeddable":true,"href":"https:\/\/linoexpress.com\/hu\/wp-json\/wp\/v2\/product_brand?post=7345"},{"taxonomy":"product_cat","embeddable":true,"href":"https:\/\/linoexpress.com\/hu\/wp-json\/wp\/v2\/product_cat?post=7345"},{"taxonomy":"product_tag","embeddable":true,"href":"https:\/\/linoexpress.com\/hu\/wp-json\/wp\/v2\/product_tag?post=7345"}],"curies":[{"name":"wp","href":"https:\/\/api.w.org\/{rel}","templated":true}]}}