{"id":9812,"date":"2023-07-04T10:37:04","date_gmt":"2023-07-04T08:37:04","guid":{"rendered":"https:\/\/linoexpress.com\/hu\/?post_type=product&#038;p=9812"},"modified":"2024-06-19T10:59:46","modified_gmt":"2024-06-19T08:59:46","slug":"mini-gps-lokator-2","status":"publish","type":"product","link":"https:\/\/linoexpress.com\/hu\/termek\/mini-gps-lokator-2\/","title":{"rendered":"Mini GPS lok\u00e1tor"},"content":{"rendered":"","protected":false},"excerpt":{"rendered":"<p>GPS lok\u00e1tor aut\u00f3k vagy egy\u00e9b j\u00e1rm\u0171vek, \u00e1llatok \u00e9s egy\u00e9b \u00e9rt\u00e9kek nyomon k\u00f6vet\u00e9s\u00e9re!<\/p>\n","protected":false},"featured_media":9485,"comment_status":"closed","ping_status":"closed","template":"","meta":{"inline_featured_image":false},"product_brand":[],"product_cat":[25,15],"product_tag":[],"class_list":{"0":"post-9812","1":"product","2":"type-product","3":"status-publish","4":"has-post-thumbnail","6":"product_cat-car","7":"product_cat-uncategorized","9":"first","10":"instock","11":"sale","12":"taxable","13":"shipping-taxable","14":"purchasable","15":"product-type-simple"},"acf":[],"_links":{"self":[{"href":"https:\/\/linoexpress.com\/hu\/wp-json\/wp\/v2\/product\/9812","targetHints":{"allow":["GET"]}}],"collection":[{"href":"https:\/\/linoexpress.com\/hu\/wp-json\/wp\/v2\/product"}],"about":[{"href":"https:\/\/linoexpress.com\/hu\/wp-json\/wp\/v2\/types\/product"}],"replies":[{"embeddable":true,"href":"https:\/\/linoexpress.com\/hu\/wp-json\/wp\/v2\/comments?post=9812"}],"wp:featuredmedia":[{"embeddable":true,"href":"https:\/\/linoexpress.com\/hu\/wp-json\/wp\/v2\/media\/9485"}],"wp:attachment":[{"href":"https:\/\/linoexpress.com\/hu\/wp-json\/wp\/v2\/media?parent=9812"}],"wp:term":[{"taxonomy":"product_brand","embeddable":true,"href":"https:\/\/linoexpress.com\/hu\/wp-json\/wp\/v2\/product_brand?post=9812"},{"taxonomy":"product_cat","embeddable":true,"href":"https:\/\/linoexpress.com\/hu\/wp-json\/wp\/v2\/product_cat?post=9812"},{"taxonomy":"product_tag","embeddable":true,"href":"https:\/\/linoexpress.com\/hu\/wp-json\/wp\/v2\/product_tag?post=9812"}],"curies":[{"name":"wp","href":"https:\/\/api.w.org\/{rel}","templated":true}]}}