{"id":843,"date":"2021-01-05T14:24:13","date_gmt":"2021-01-05T13:24:13","guid":{"rendered":"https:\/\/shopium.eu\/it\/?page_id=843"},"modified":"2025-04-11T11:39:36","modified_gmt":"2025-04-11T09:39:36","slug":"informativa-sui-cookie","status":"publish","type":"page","link":"https:\/\/linoexpress.com\/it\/informativa-sui-cookie\/","title":{"rendered":"Informativa sui cookie"},"content":{"rendered":"<p><span style=\"font-weight: 400\">La societ\u00e0 ECTCEU d.o.o. rispetta e protegge la sua privacy. In seguito sono riportate informazioni pi\u00f9 dettagliate sulle modalit\u00e0 di trattamento dei suoi dati personali.<\/span><\/p>\n<p><span style=\"font-weight: 400\">La presente informativa sui cookie descrive le modalit\u00e0 di trattamento dei dati raccolti mediante l&#8217;utilizzo di cookie e tecnologie simili. Questa politica \u00e8 stata redatta in conformit\u00e0 con il regolamento generale sulla protezione dei dati dell&#8217;Unione europea e la legislazione slovena in vigore.<\/span><\/p>\n<p>&nbsp;<\/p>\n<p><strong>1. <\/strong><b>Informazioni sui cookie<\/b><\/p>\n<p><span style=\"font-weight: 400\">Cosa sono i cookie e perch\u00e9 sono necessari?<\/span><\/p>\n<p><span style=\"font-weight: 400\">Un cookie \u00e8 una piccola porzione di dati che il sito web invia al browser relativamente alla sua visita. In questo modo un sito web la riconosce, ricorda le informazioni relative alla sua visita e le offre un servizio web semplice e intuitivo. I cookie ci aiutano ad adattare il contenuto del nostro sito web, a ricordare le sue preferenze e a registrare le visite al nostro sito web. I cookie rendono la navigazione sul nostro sito web un&#8217;esperienza piacevole, veloce e, soprattutto, pi\u00f9 efficiente.<\/span><\/p>\n<p>&nbsp;<\/p>\n<p><strong>2. <b>I cookie che utilizziamo<\/b><\/strong><\/p>\n<p><span style=\"font-weight: 400\">Sul nostro sito web utilizziamo diverse categorie di cookie suddivise in quattro categorie:<\/span><\/p>\n<ul>\n<li style=\"font-weight: 400\"><span style=\"font-weight: 400\">cookie necessari,<\/span><\/li>\n<li style=\"font-weight: 400\"><span style=\"font-weight: 400\">cookie analitici,<\/span><\/li>\n<li style=\"font-weight: 400\"><span style=\"font-weight: 400\">cookie funzionali e<\/span><\/li>\n<li style=\"font-weight: 400\"><span style=\"font-weight: 400\">cookie pubblicitari (marketing).<\/span><\/li>\n<\/ul>\n<p><b>I cookie necessari<\/b><span style=\"font-weight: 400\">\u00a0sono i cookie senza i quali il nostro sito web non sarebbe in grado di funzionare. Questi cookie vengono automaticamente inseriti sul suo dispositivo e non possono essere disattivati. I cookie necessari non sono in grado di identificarla e sono l\u00ec solo per garantire che il sito web sia visualizzato correttamente.<\/span><\/p>\n<p><b>I cookie analitici<\/b><span style=\"font-weight: 400\">\u00a0ci consentono di effettuare varie analisi statistiche del nostro sito web. Questi cookie vengono utilizzati in forma anonima e non sono quindi in grado di identificarla. Pu\u00f2 disattivare l&#8217;uso di questi cookie nel suo browser o utilizzando il banner &#8220;Impostazioni cookie&#8221; nella parte inferiore del nostro sito web.<\/span><\/p>\n<p><b>I cookie funzionali<\/b><span style=\"font-weight: 400\">\u00a0sono cookie che abilitano varie funzioni del nostro sito web, come l&#8217;impostazione della lingua, la conservazione del contenuto del carrello, ecc. Questi cookie vengono inseriti sul suo dispositivo solo previo suo consenso.<\/span><\/p>\n<p><b>I cookie di marketing<\/b><span style=\"font-weight: 400\">\u00a0vengono utilizzati per realizzare servizi pubblicitari personalizzati. Utilizzando i dati, questi cookie creano il suo profilo, in base al quale vedr\u00e0 solo annunci pubblicitari ritenuti interessanti per lei. Questi cookie vengono inseriti sul suo dispositivo solo previo suo consenso. La informiamo che il rifiuto di utilizzare questi cookie non impedir\u00e0 al sito web di mostrare annunci pubblicitari che continueranno a comparire; tuttavia, non saranno pi\u00f9 adattati ai suoi interessi.<\/span><\/p>\n<p><span style=\"font-weight: 400\">Oltre alle suddette categorie, distinguiamo anche tra cookie di prima parte e cookie di terze parti che operano sul nostro sito web.<\/span><\/p>\n<p><b>I cookie di prima parte<\/b><span style=\"font-weight: 400\">\u00a0<\/span><span style=\"font-weight: 400\">sono cookie che appartengono a questo sito web, ovvero i cookie che sono stati inseriti su questo sito web dalla nostra azienda o dai nostri responsabili del trattamento da contratto.\u00a0<\/span><span style=\"font-weight: 400\">Per saperne di pi\u00f9 sui nostri responsabili del trattamento da contratto, legga la\u00a0<\/span><span style=\"font-weight: 400\">nostra informativa sulla privacy<\/span><span style=\"font-weight: 400\">.<\/span><\/p>\n<p><b>I cookie di terze parti<\/b><span style=\"font-weight: 400\">\u00a0sono cookie impostati da siti web diversi da quello in cui si trova attualmente, che ci consentono di utilizzare annunci personalizzati. Questi cookie vengono utilizzati per monitorare il suo utilizzo di internet, permettendoci cos\u00ec di mostrarle gli annunci che sono rilevanti e interessanti per lei.<\/span><\/p>\n<p>&nbsp;<\/p>\n<p><strong>3. <b>Modifica delle preferenze sui cookie<\/b><\/strong><\/p>\n<p><span style=\"font-weight: 400\">Pu\u00f2 decidere se consentire la memorizzazione dei cookie sul suo dispositivo.<\/span><\/p>\n<p><span style=\"font-weight: 400\">In qualsiasi momento pu\u00f2 modificare le impostazioni dei cookie nel banner &#8220;Impostazioni cookie&#8221; nella parte inferiore del sito web.<\/span><\/p>\n<p><span style=\"font-weight: 400\">Quando visita il nostro sito web, solo i cookie necessari e i cookie analitici anonimi vengono automaticamente inseriti sul suo dispositivo, mentre i cookie preferenziali e di marketing vengono inseriti sul suo dispositivo solo con il suo consenso.<\/span><\/p>\n<p><span style=\"font-weight: 400\">Come posso fornire il mio consenso?<\/span><\/p>\n<p><span style=\"font-weight: 400\">Quando visita il nostro sito web per la prima volta, si aprir\u00e0 una finestra pop-up e le sar\u00e0 proposto di selezionare le impostazioni dei cookie appropriate. Se ha gi\u00e0 visitato il nostro sito web e ha confermato i cookie selezionati, pu\u00f2 modificare queste impostazioni facendo clic su &#8220;Impostazioni cookie&#8221; nella parte inferiore del nostro sito web. Si aprir\u00e0 una nuova finestra pop-up e le sar\u00e0 data la possibilit\u00e0 di selezionare le impostazioni dei cookie.<\/span><\/p>\n<p><span style=\"font-weight: 400\">La avvisiamo che il rifiuto di utilizzare i cookie non impedir\u00e0 al sito web di mostrare annunci e che il numero di annunci visualizzati sar\u00e0 comunque lo stesso, come nel caso in cui avesse accettato i cookie. Se rifiuta di accettare i cookie pubblicitari, vedr\u00e0 solo annunci generalizzati e non vedr\u00e0 annunci adattati ai suoi desideri e bisogni.<\/span><\/p>\n<p><span style=\"font-weight: 400\">Le impostazioni dei cookie possono anche essere monitorate e modificate nel suo browser.<\/span><\/p>\n<p><span style=\"font-weight: 400\">Per maggiori informazioni sulle impostazioni dei cookie selezioni il browser che sta utilizzando:<\/span><\/p>\n<ul>\n<li><a href=\"https:\/\/support.google.com\/chrome\/answer\/95647?co=GENIE.Platform=Desktop&amp;hl=en\"><span style=\"font-weight: 400\">Chrome<\/span><\/a><\/li>\n<li><a href=\"https:\/\/support.mozilla.org\/en-US\/kb\/clear-cookies-and-site-data-firefox\"><span style=\"font-weight: 400\">Firefox<\/span><\/a><\/li>\n<li><a href=\"https:\/\/support.microsoft.com\/en-us\/help\/17442\/windows-internet-explorer-delete-manage-cookies\"><span style=\"font-weight: 400\">Internet Explorer<\/span><\/a><\/li>\n<li><a href=\"https:\/\/support.apple.com\/sl-si\/guide\/safari\/sfri11471\/mac\"><span style=\"font-weight: 400\">Safari<\/span><\/a><\/li>\n<li><a href=\"https:\/\/blogs.opera.com\/news\/2015\/08\/how-to-manage-cookies-in-opera\/\"><span style=\"font-weight: 400\">Opera<\/span><\/a><\/li>\n<\/ul>\n<p><span style=\"font-weight: 400\">Se modifica o elimina il file cookie del suo browser, o cambia\/aggiorna il suo browser o dispositivo, potrebbe essere obbligato a disabilitare nuovamente i cookie. Il processo di gestione e cancellazione dei cookie dipende dal browser in questione. Se ha bisogno di aiuto, pu\u00f2 consultare la sezione &#8220;Supporto utente&#8221; del suo browser.<\/span><\/p>\n<p><span style=\"font-weight: 400\">Pu\u00f2 anche disabilitare Google Analytics su\u00a0<\/span><a href=\"https:\/\/marketingplatform.google.com\/about\/\"><span style=\"font-weight: 400\">https:\/\/marketingplatform.google.com\/about\/<\/span><\/a><span style=\"font-weight: 400\">.<\/span><\/p>\n<p><span style=\"font-weight: 400\">Per saperne di pi\u00f9 sui cookie vada su\u00a0<\/span><a href=\"http:\/\/youronlinechoices.com\/\"><span style=\"font-weight: 400\">http:\/\/youronlinechoices.com\/<\/span><\/a><span style=\"font-weight: 400\">.<\/span><\/p>\n<p>&nbsp;<\/p>\n<p><strong>4. <b>Cookie utilizzati in questo sito web<\/b><\/strong><\/p>\n<p>&nbsp;<\/p>\n<table>\n<tbody>\n<tr>\n<td><b>NOME DEL COOKIE<\/b><\/td>\n<td><b>SCOPO<\/b><\/td>\n<td><b>DURATA<\/b><\/td>\n<td><b>AZIENDA<\/b><\/td>\n<\/tr>\n<tr>\n<td><b>sb<\/b><\/td>\n<td><b>Funzionamento del plug-in<\/b><\/td>\n<td><b>2 anni<\/b><\/td>\n<td><b>Facebook<\/b><\/td>\n<\/tr>\n<tr>\n<td><b>fr<\/b><\/td>\n<td><b>Funzionamento del plug-in<\/b><\/td>\n<td><b>3 mesi<\/b><\/td>\n<td><b>Facebook<\/b><\/td>\n<\/tr>\n<tr>\n<td><b>xs<\/b><\/td>\n<td><b>Funzionamento del plug-in<\/b><\/td>\n<td><b>3 mesi<\/b><\/td>\n<td><b>Facebook<\/b><\/td>\n<\/tr>\n<tr>\n<td><b>c_user<\/b><\/td>\n<td><b>Funzionamento del plug-in<\/b><\/td>\n<td><b>3 mesi<\/b><\/td>\n<td><b>Facebook<\/b><\/td>\n<\/tr>\n<tr>\n<td><b>presence<\/b><\/td>\n<td><b>Funzionamento del plug-in<\/b><\/td>\n<td><b>Durata della sessione<\/b><\/td>\n<td><b>Facebook<\/b><\/td>\n<\/tr>\n<tr>\n<td><b>pl<\/b><\/td>\n<td><b>Funzionamento del plug-in<\/b><\/td>\n<td><b>1 mese<\/b><\/td>\n<td><b>Facebook<\/b><\/td>\n<\/tr>\n<tr>\n<td><b>wd<\/b><\/td>\n<td><b>Funzionamento del plug-in<\/b><\/td>\n<td><b>1 settimana<\/b><\/td>\n<td><b>Facebook<\/b><\/td>\n<\/tr>\n<tr>\n<td><b>datr<\/b><\/td>\n<td><b>Funzionamento del plug-in<\/b><\/td>\n<td><b>3 mesi<\/b><\/td>\n<td><b>Facebook<\/b><\/td>\n<\/tr>\n<tr>\n<td><\/td>\n<td><\/td>\n<td><\/td>\n<td><\/td>\n<\/tr>\n<tr>\n<td><b>NOME DEL COOKIE<\/b><\/td>\n<td><b>SCOPO<\/b><\/td>\n<td><b>DURATA<\/b><\/td>\n<td><b>AZIENDA<\/b><\/td>\n<\/tr>\n<tr>\n<td><b>m_pixel_ratio<\/b><\/td>\n<td><b>Funzionamento del plug-in<\/b><\/td>\n<td><b>Durata della sessione<\/b><\/td>\n<td><b>Facebook<\/b><\/td>\n<\/tr>\n<tr>\n<td><b>dpr<\/b><\/td>\n<td><b>Funzionamento del plug-in<\/b><\/td>\n<td><b>1 settimana<\/b><\/td>\n<td><b>Facebook<\/b><\/td>\n<\/tr>\n<tr>\n<td><b>act<\/b><\/td>\n<td><b>Funzionamento del plug-in<\/b><\/td>\n<td><b>Durata della sessione<\/b><\/td>\n<td><b>Facebook<\/b><\/td>\n<\/tr>\n<tr>\n<td><b>_lo_v<\/b><\/td>\n<td><b>Funzionamento del plug-in Ghost Monitor<\/b><\/td>\n<td><b>3 mesi<\/b><\/td>\n<td><b>Ghost Monitor<\/b><\/td>\n<\/tr>\n<tr>\n<td><b>__cfduid<\/b><\/td>\n<td><b>Funzionamento del plug-in Ghost Monitor<\/b><\/td>\n<td><b>1 anno<\/b><\/td>\n<td><b>Ghost Monitor<\/b><\/td>\n<\/tr>\n<tr>\n<td><b>_lo_u<\/b><\/td>\n<td><b>Funzionamento del plug-in Ghost Monitor<\/b><\/td>\n<td><b>1 anno<\/b><\/td>\n<td><b>Ghost Monitor<\/b><\/td>\n<\/tr>\n<tr>\n<td><b>_ga<\/b><\/td>\n<td><b>Funzionamento del plug-in Ghost Monitor<\/b><\/td>\n<td><b>1 anno<\/b><\/td>\n<td><b>Ghost Monitor<\/b><\/td>\n<\/tr>\n<tr>\n<td><\/td>\n<td><\/td>\n<td><\/td>\n<td><\/td>\n<\/tr>\n<tr>\n<td><b>NOME DEL COOKIE<\/b><\/td>\n<td><b>SCOPO<\/b><\/td>\n<td><b>DURATA<\/b><\/td>\n<td><b>AZIENDA<\/b><\/td>\n<\/tr>\n<tr>\n<td><b>__utma<\/b><\/td>\n<td><b>Statistiche delle visite degli utenti<\/b><\/td>\n<td><b>2 anni<\/b><\/td>\n<td><b>Google Analytics<\/b><\/td>\n<\/tr>\n<tr>\n<td><b>__utmz<\/b><\/td>\n<td><b>Statistiche delle visite degli utenti<\/b><\/td>\n<td><b>6 mesi<\/b><\/td>\n<td><b>Google Analytics<\/b><\/td>\n<\/tr>\n<tr>\n<td><b>__utmc<\/b><\/td>\n<td><b>Statistiche delle visite degli utenti<\/b><\/td>\n<td><b>Durata della sessione<\/b><\/td>\n<td><b>Google Analytics<\/b><\/td>\n<\/tr>\n<tr>\n<td><b>__utmv<\/b><\/td>\n<td><b>Statistiche delle visite degli utenti<\/b><\/td>\n<td><b>Durata della sessione<\/b><\/td>\n<td><b>Google Analytics<\/b><\/td>\n<\/tr>\n<tr>\n<td><b>__distillery<\/b><\/td>\n<td><strong>Funzionamento del lettore video<\/strong><\/td>\n<td><strong>linoexpress.com\/it<\/strong><\/td>\n<td><strong>linoexpress.com\/it<\/strong><\/td>\n<\/tr>\n<tr>\n<td><strong>woocommerce_items_in_cart<\/strong><\/td>\n<td><strong>Funzionamento del sito web linoexpress.com\/it<\/strong><\/td>\n<td><strong>linoexpress.com\/it<\/strong><\/td>\n<td><strong>linoexpress.com\/it<\/strong><\/td>\n<\/tr>\n<tr>\n<td><strong>__kla_id<\/strong><\/td>\n<td><strong>Funzionamento del sito web linoexpress.com\/it<\/strong><\/td>\n<td><strong>linoexpress.com\/it<\/strong><\/td>\n<td><strong>linoexpress.com\/it<\/strong><\/td>\n<\/tr>\n<tr>\n<td><strong>wp_woocommerce_session_<\/strong><\/td>\n<td><strong>Funzionamento del sito web linoexpress.com\/it<\/strong><\/td>\n<td><strong>linoexpress.com\/it<\/strong><\/td>\n<td><strong>linoexpress.com\/it<\/strong><\/td>\n<\/tr>\n<\/tbody>\n<\/table>\n<p><strong>5. <b>Finalit\u00e0 per le quali i cookie vengono utilizzati sul nostro sito web<\/b><\/strong><\/p>\n<p><span style=\"font-weight: 400\">Sul nostro sito web i cookie vengono utilizzati per i seguenti scopi:<\/span><\/p>\n<ul>\n<li style=\"font-weight: 400\"><span style=\"font-weight: 400\">riconoscere il visitatore durante la sua prossima visita,<\/span><\/li>\n<li style=\"font-weight: 400\"><span style=\"font-weight: 400\">conservare le valutazioni del prodotto da lei fornite,<\/span><\/li>\n<li style=\"font-weight: 400\"><span style=\"font-weight: 400\">analizzare il sito web,<\/span><\/li>\n<li style=\"font-weight: 400\"><span style=\"font-weight: 400\">garantire la sicurezza del sito web,<\/span><\/li>\n<li style=\"font-weight: 400\"><span style=\"font-weight: 400\">monitorare e preservare il contenuto del suo carrello (cookie di sessione),<\/span><\/li>\n<li style=\"font-weight: 400\"><span style=\"font-weight: 400\">cookie per l&#8217;invio di un messaggio su un acquisto incompleto,<\/span><\/li>\n<li style=\"font-weight: 400\"><span style=\"font-weight: 400\">funzionamento del contenuto video,<\/span><\/li>\n<li style=\"font-weight: 400\"><span style=\"font-weight: 400\">funzionamento della funzione di chat sul sito web, e<\/span><\/li>\n<li style=\"font-weight: 400\"><span style=\"font-weight: 400\">pubblicit\u00e0.<\/span><\/li>\n<\/ul>\n<p>&nbsp;<\/p>\n<p><strong>6. <b>I suoi diritti relativi al trattamento dei dati personali raccolti tramite i cookie<\/b><\/strong><\/p>\n<p><span style=\"font-weight: 400\">Oltre a modificare le preferenze dei cookie come descritto sopra, ha anche la possibilit\u00e0 di far valere i suoi diritti relativi al trattamento dei dati personali. Questi diritti sono descritti in dettaglio nella nostra informativa sulla privacy.<\/span><\/p>\n<p>&nbsp;<\/p>\n<p><strong>7. <\/strong><b>Modifiche e contatti<\/b><\/p>\n<p><span style=\"font-weight: 400\">La presente informativa sui cookie pu\u00f2 cambiare in qualsiasi momento. La versione aggiornata sar\u00e0 pubblicata su:\u00a0<\/span> https:\/\/linoexpress.com\/it\/<\/p>\n<p><span style=\"font-weight: 400\">Se ha domande o ha bisogno di ulteriori informazioni sui cookie o sul trattamento dei dati personali, ci contatti all&#8217;indirizzo <\/span><span style=\"font-weight: 400\">it.<\/span> <span style=\"font-weight: 400\">eu@linoexpress.com<\/span><span style=\"font-weight: 400\">.<\/span><\/p>\n<p>&nbsp;<\/p>\n<p><b>ECTCEU d.o.o.\u00a0 \u00a0 Kamni\u0161ka cesta 24, 1235 Radomlje<\/b><span style=\"font-weight: 400\">\u00a0<\/span><span style=\"font-weight: 400\">\/\u00a0<\/span><span style=\"font-weight: 400\">Slovenia\u00a0<\/span><span style=\"font-weight: 400\">\/\u00a0<\/span><span style=\"font-weight: 400\"> it. eu@linoexpress.com<\/span><\/p>\n<p><span style=\"font-weight: 400\">Autorit\u00e0 di registrazione: Tribunale distrettuale di Lubiana\u00a0<\/span><span style=\"font-weight: 400\">\/<\/span><span style=\"font-weight: 400\">\u00a0Capitale sociale: 7.500 EUR<\/span><span style=\"font-weight: 400\">\/<\/span><span style=\"font-weight: 400\">\u00a0IBAN SI56 1010 0005 7929 365\u00a0 <\/span><span style=\"font-weight: 400\">\/<\/span><span style=\"font-weight: 400\">\u00a0Partita IVA: 37400223\u00a0<\/span><span style=\"font-weight: 400\">\/<\/span><span style=\"font-weight: 400\">\u00a0Numero di registrazione della societ\u00e0: 8477493000<\/span><\/p>\n","protected":false},"excerpt":{"rendered":"<p>La societ\u00e0 ECTCEU d.o.o. rispetta e protegge la sua privacy. In seguito sono riportate informazioni pi\u00f9 dettagliate sulle modalit\u00e0 di trattamento dei suoi dati personali. La presente informativa sui cookie descrive le modalit\u00e0 di trattamento dei dati raccolti mediante l&#8217;utilizzo di cookie e tecnologie simili. Questa politica \u00e8 stata redatta in conformit\u00e0 con il regolamento &hellip; <a href=\"https:\/\/linoexpress.com\/it\/informativa-sui-cookie\/\">Continued<\/a><\/p>\n","protected":false},"author":4,"featured_media":0,"parent":0,"menu_order":0,"comment_status":"closed","ping_status":"closed","template":"","meta":{"inline_featured_image":false,"footnotes":""},"class_list":["post-843","page","type-page","status-publish","hentry"],"acf":[],"_links":{"self":[{"href":"https:\/\/linoexpress.com\/it\/wp-json\/wp\/v2\/pages\/843","targetHints":{"allow":["GET"]}}],"collection":[{"href":"https:\/\/linoexpress.com\/it\/wp-json\/wp\/v2\/pages"}],"about":[{"href":"https:\/\/linoexpress.com\/it\/wp-json\/wp\/v2\/types\/page"}],"author":[{"embeddable":true,"href":"https:\/\/linoexpress.com\/it\/wp-json\/wp\/v2\/users\/4"}],"replies":[{"embeddable":true,"href":"https:\/\/linoexpress.com\/it\/wp-json\/wp\/v2\/comments?post=843"}],"version-history":[{"count":3,"href":"https:\/\/linoexpress.com\/it\/wp-json\/wp\/v2\/pages\/843\/revisions"}],"predecessor-version":[{"id":38673,"href":"https:\/\/linoexpress.com\/it\/wp-json\/wp\/v2\/pages\/843\/revisions\/38673"}],"wp:attachment":[{"href":"https:\/\/linoexpress.com\/it\/wp-json\/wp\/v2\/media?parent=843"}],"curies":[{"name":"wp","href":"https:\/\/api.w.org\/{rel}","templated":true}]}}