{"id":14856,"date":"2023-01-31T11:05:58","date_gmt":"2023-01-31T10:05:58","guid":{"rendered":"https:\/\/linoexpress.com\/it\/?post_type=product&#038;p=14856"},"modified":"2023-02-06T11:53:45","modified_gmt":"2023-02-06T10:53:45","slug":"tester-rele-per-uso-automobilistico","status":"publish","type":"product","link":"https:\/\/linoexpress.com\/it\/prodotto\/tester-rele-per-uso-automobilistico\/","title":{"rendered":"Tester rel\u00e8 per uso automobilistico"},"content":{"rendered":"","protected":false},"excerpt":{"rendered":"<p>Il tester rel\u00e8 per auto, compatto e pratico, \u00e8 un&#8217;ottima cosa da avere sempre in auto.<\/p>\n<p>&nbsp;<\/p>\n","protected":false},"featured_media":14860,"comment_status":"closed","ping_status":"closed","template":"","meta":{"inline_featured_image":false},"product_brand":[],"product_cat":[15],"product_tag":[],"class_list":{"0":"post-14856","1":"product","2":"type-product","3":"status-publish","4":"has-post-thumbnail","6":"product_cat-uncategorized","8":"first","9":"instock","10":"sale","11":"taxable","12":"shipping-taxable","13":"purchasable","14":"product-type-simple"},"acf":[],"_links":{"self":[{"href":"https:\/\/linoexpress.com\/it\/wp-json\/wp\/v2\/product\/14856","targetHints":{"allow":["GET"]}}],"collection":[{"href":"https:\/\/linoexpress.com\/it\/wp-json\/wp\/v2\/product"}],"about":[{"href":"https:\/\/linoexpress.com\/it\/wp-json\/wp\/v2\/types\/product"}],"replies":[{"embeddable":true,"href":"https:\/\/linoexpress.com\/it\/wp-json\/wp\/v2\/comments?post=14856"}],"wp:featuredmedia":[{"embeddable":true,"href":"https:\/\/linoexpress.com\/it\/wp-json\/wp\/v2\/media\/14860"}],"wp:attachment":[{"href":"https:\/\/linoexpress.com\/it\/wp-json\/wp\/v2\/media?parent=14856"}],"wp:term":[{"taxonomy":"product_brand","embeddable":true,"href":"https:\/\/linoexpress.com\/it\/wp-json\/wp\/v2\/product_brand?post=14856"},{"taxonomy":"product_cat","embeddable":true,"href":"https:\/\/linoexpress.com\/it\/wp-json\/wp\/v2\/product_cat?post=14856"},{"taxonomy":"product_tag","embeddable":true,"href":"https:\/\/linoexpress.com\/it\/wp-json\/wp\/v2\/product_tag?post=14856"}],"curies":[{"name":"wp","href":"https:\/\/api.w.org\/{rel}","templated":true}]}}