{"id":22335,"date":"2023-07-23T10:42:21","date_gmt":"2023-07-23T08:42:21","guid":{"rendered":"https:\/\/linoexpress.com\/it\/?post_type=product&#038;p=22335"},"modified":"2023-07-24T12:49:49","modified_gmt":"2023-07-24T10:49:49","slug":"allenatore-in-vita","status":"publish","type":"product","link":"https:\/\/linoexpress.com\/it\/prodotto\/allenatore-in-vita\/","title":{"rendered":"Allenatore in vita"},"content":{"rendered":"","protected":false},"excerpt":{"rendered":"<p>Una fascia elastica comoda e traspirante per l&#8217;anca e la schiena ti d\u00e0 un senso di sicurezza e facilit\u00e0 di movimento. Riduce il mal di schiena e brucia calorie pi\u00f9 velocemente e la cellulite scompare anche 2-3 volte pi\u00f9 velocemente con questo nastro.<\/p>\n","protected":false},"featured_media":22343,"comment_status":"closed","ping_status":"closed","template":"","meta":{"inline_featured_image":false},"product_brand":[],"product_cat":[15],"product_tag":[],"class_list":{"0":"post-22335","1":"product","2":"type-product","3":"status-publish","4":"has-post-thumbnail","6":"product_cat-uncategorized","8":"first","9":"instock","10":"sale","11":"taxable","12":"shipping-taxable","13":"purchasable","14":"product-type-simple"},"acf":[],"_links":{"self":[{"href":"https:\/\/linoexpress.com\/it\/wp-json\/wp\/v2\/product\/22335","targetHints":{"allow":["GET"]}}],"collection":[{"href":"https:\/\/linoexpress.com\/it\/wp-json\/wp\/v2\/product"}],"about":[{"href":"https:\/\/linoexpress.com\/it\/wp-json\/wp\/v2\/types\/product"}],"replies":[{"embeddable":true,"href":"https:\/\/linoexpress.com\/it\/wp-json\/wp\/v2\/comments?post=22335"}],"wp:featuredmedia":[{"embeddable":true,"href":"https:\/\/linoexpress.com\/it\/wp-json\/wp\/v2\/media\/22343"}],"wp:attachment":[{"href":"https:\/\/linoexpress.com\/it\/wp-json\/wp\/v2\/media?parent=22335"}],"wp:term":[{"taxonomy":"product_brand","embeddable":true,"href":"https:\/\/linoexpress.com\/it\/wp-json\/wp\/v2\/product_brand?post=22335"},{"taxonomy":"product_cat","embeddable":true,"href":"https:\/\/linoexpress.com\/it\/wp-json\/wp\/v2\/product_cat?post=22335"},{"taxonomy":"product_tag","embeddable":true,"href":"https:\/\/linoexpress.com\/it\/wp-json\/wp\/v2\/product_tag?post=22335"}],"curies":[{"name":"wp","href":"https:\/\/api.w.org\/{rel}","templated":true}]}}