{"id":35111,"date":"2024-11-07T15:40:25","date_gmt":"2024-11-07T14:40:25","guid":{"rendered":"https:\/\/linoexpress.com\/it\/?post_type=product&#038;p=35111"},"modified":"2024-11-07T15:41:59","modified_gmt":"2024-11-07T14:41:59","slug":"cassetta-degli-attrezzi-montessori","status":"publish","type":"product","link":"https:\/\/linoexpress.com\/it\/prodotto\/cassetta-degli-attrezzi-montessori\/","title":{"rendered":"Cassetta degli attrezzi Montessori"},"content":{"rendered":"","protected":false},"excerpt":{"rendered":"<p>Un nuovo modo di divertirsi e di trascorrere del tempo di qualit\u00e0. Questa cassetta degli attrezzi Montessori \u00e8 tutto ci\u00f2 di cui hai bisogno per far divertire e divertire i tuoi bambini per ore!<\/p>\n","protected":false},"featured_media":35114,"comment_status":"closed","ping_status":"closed","template":"","meta":{"inline_featured_image":false},"product_brand":[],"product_cat":[15,35],"product_tag":[],"class_list":{"0":"post-35111","1":"product","2":"type-product","3":"status-publish","4":"has-post-thumbnail","6":"product_cat-uncategorized","7":"product_cat-fun","9":"first","10":"instock","11":"sale","12":"taxable","13":"shipping-taxable","14":"purchasable","15":"product-type-simple"},"acf":[],"_links":{"self":[{"href":"https:\/\/linoexpress.com\/it\/wp-json\/wp\/v2\/product\/35111","targetHints":{"allow":["GET"]}}],"collection":[{"href":"https:\/\/linoexpress.com\/it\/wp-json\/wp\/v2\/product"}],"about":[{"href":"https:\/\/linoexpress.com\/it\/wp-json\/wp\/v2\/types\/product"}],"replies":[{"embeddable":true,"href":"https:\/\/linoexpress.com\/it\/wp-json\/wp\/v2\/comments?post=35111"}],"wp:featuredmedia":[{"embeddable":true,"href":"https:\/\/linoexpress.com\/it\/wp-json\/wp\/v2\/media\/35114"}],"wp:attachment":[{"href":"https:\/\/linoexpress.com\/it\/wp-json\/wp\/v2\/media?parent=35111"}],"wp:term":[{"taxonomy":"product_brand","embeddable":true,"href":"https:\/\/linoexpress.com\/it\/wp-json\/wp\/v2\/product_brand?post=35111"},{"taxonomy":"product_cat","embeddable":true,"href":"https:\/\/linoexpress.com\/it\/wp-json\/wp\/v2\/product_cat?post=35111"},{"taxonomy":"product_tag","embeddable":true,"href":"https:\/\/linoexpress.com\/it\/wp-json\/wp\/v2\/product_tag?post=35111"}],"curies":[{"name":"wp","href":"https:\/\/api.w.org\/{rel}","templated":true}]}}