{"id":35126,"date":"2024-11-08T10:02:33","date_gmt":"2024-11-08T09:02:33","guid":{"rendered":"https:\/\/linoexpress.com\/it\/?post_type=product&#038;p=35126"},"modified":"2024-11-08T10:04:17","modified_gmt":"2024-11-08T09:04:17","slug":"set-fai-da-te-per-lavorare-a-maglia-braccialetti-di-corda","status":"publish","type":"product","link":"https:\/\/linoexpress.com\/it\/prodotto\/set-fai-da-te-per-lavorare-a-maglia-braccialetti-di-corda\/","title":{"rendered":"Set fai da te per lavorare a maglia braccialetti di corda"},"content":{"rendered":"","protected":false},"excerpt":{"rendered":"<p>Questo set di lavoro a maglia manuale \u00e8 un gioco creativo per bambini che permette loro di coltivare le proprie abilit\u00e0 manuali e incoraggiare la propria creativit\u00e0.<\/p>\n","protected":false},"featured_media":35130,"comment_status":"closed","ping_status":"closed","template":"","meta":{"inline_featured_image":false},"product_brand":[],"product_cat":[15,35],"product_tag":[],"class_list":{"0":"post-35126","1":"product","2":"type-product","3":"status-publish","4":"has-post-thumbnail","6":"product_cat-uncategorized","7":"product_cat-fun","9":"first","10":"instock","11":"sale","12":"taxable","13":"shipping-taxable","14":"purchasable","15":"product-type-simple"},"acf":[],"_links":{"self":[{"href":"https:\/\/linoexpress.com\/it\/wp-json\/wp\/v2\/product\/35126","targetHints":{"allow":["GET"]}}],"collection":[{"href":"https:\/\/linoexpress.com\/it\/wp-json\/wp\/v2\/product"}],"about":[{"href":"https:\/\/linoexpress.com\/it\/wp-json\/wp\/v2\/types\/product"}],"replies":[{"embeddable":true,"href":"https:\/\/linoexpress.com\/it\/wp-json\/wp\/v2\/comments?post=35126"}],"wp:featuredmedia":[{"embeddable":true,"href":"https:\/\/linoexpress.com\/it\/wp-json\/wp\/v2\/media\/35130"}],"wp:attachment":[{"href":"https:\/\/linoexpress.com\/it\/wp-json\/wp\/v2\/media?parent=35126"}],"wp:term":[{"taxonomy":"product_brand","embeddable":true,"href":"https:\/\/linoexpress.com\/it\/wp-json\/wp\/v2\/product_brand?post=35126"},{"taxonomy":"product_cat","embeddable":true,"href":"https:\/\/linoexpress.com\/it\/wp-json\/wp\/v2\/product_cat?post=35126"},{"taxonomy":"product_tag","embeddable":true,"href":"https:\/\/linoexpress.com\/it\/wp-json\/wp\/v2\/product_tag?post=35126"}],"curies":[{"name":"wp","href":"https:\/\/api.w.org\/{rel}","templated":true}]}}