{"id":37952,"date":"2025-03-04T13:33:23","date_gmt":"2025-03-04T12:33:23","guid":{"rendered":"https:\/\/linoexpress.com\/it\/?post_type=product&#038;p=37952"},"modified":"2025-03-26T15:39:18","modified_gmt":"2025-03-26T14:39:18","slug":"set-artistico-magia-creativa","status":"publish","type":"product","link":"https:\/\/linoexpress.com\/it\/prodotto\/set-artistico-magia-creativa\/","title":{"rendered":"Set artistico: magia creativa"},"content":{"rendered":"","protected":false},"excerpt":{"rendered":"<p>Scopri il magico mondo dell&#8217;arte! Con questo set creativo \u00e8 facile realizzare splendide opere d&#8217;arte con un solo graffio. Che tu sia un principiante o un artista esperto, questo set offre infinite possibilit\u00e0 per esprimere la tua creativit\u00e0. Deliziate i vostri bambini o voi stessi con questa attivit\u00e0 divertente e istruttiva!<\/p>\n","protected":false},"featured_media":37958,"comment_status":"closed","ping_status":"closed","template":"","meta":{"inline_featured_image":false},"product_brand":[],"product_cat":[15,35],"product_tag":[],"class_list":{"0":"post-37952","1":"product","2":"type-product","3":"status-publish","4":"has-post-thumbnail","6":"product_cat-uncategorized","7":"product_cat-fun","9":"first","10":"instock","11":"sale","12":"taxable","13":"shipping-taxable","14":"purchasable","15":"product-type-simple"},"acf":[],"_links":{"self":[{"href":"https:\/\/linoexpress.com\/it\/wp-json\/wp\/v2\/product\/37952","targetHints":{"allow":["GET"]}}],"collection":[{"href":"https:\/\/linoexpress.com\/it\/wp-json\/wp\/v2\/product"}],"about":[{"href":"https:\/\/linoexpress.com\/it\/wp-json\/wp\/v2\/types\/product"}],"replies":[{"embeddable":true,"href":"https:\/\/linoexpress.com\/it\/wp-json\/wp\/v2\/comments?post=37952"}],"wp:featuredmedia":[{"embeddable":true,"href":"https:\/\/linoexpress.com\/it\/wp-json\/wp\/v2\/media\/37958"}],"wp:attachment":[{"href":"https:\/\/linoexpress.com\/it\/wp-json\/wp\/v2\/media?parent=37952"}],"wp:term":[{"taxonomy":"product_brand","embeddable":true,"href":"https:\/\/linoexpress.com\/it\/wp-json\/wp\/v2\/product_brand?post=37952"},{"taxonomy":"product_cat","embeddable":true,"href":"https:\/\/linoexpress.com\/it\/wp-json\/wp\/v2\/product_cat?post=37952"},{"taxonomy":"product_tag","embeddable":true,"href":"https:\/\/linoexpress.com\/it\/wp-json\/wp\/v2\/product_tag?post=37952"}],"curies":[{"name":"wp","href":"https:\/\/api.w.org\/{rel}","templated":true}]}}