{"id":38080,"date":"2025-03-12T23:50:51","date_gmt":"2025-03-12T22:50:51","guid":{"rendered":"https:\/\/linoexpress.com\/it\/?post_type=product&#038;p=38080"},"modified":"2025-04-28T10:19:50","modified_gmt":"2025-04-28T08:19:50","slug":"auto-elettrica-e-manuale-2-in-1","status":"publish","type":"product","link":"https:\/\/linoexpress.com\/it\/prodotto\/auto-elettrica-e-manuale-2-in-1\/","title":{"rendered":"Auto elettrica e manuale 2 in 1"},"content":{"rendered":"","protected":false},"excerpt":{"rendered":"<p>Questa innovativa macchinina giocattolo consente ai bambini di scegliere tra il classico controllo manuale e la modalit\u00e0 elettrica, per una guida ancora pi\u00f9 divertente. \u00c8 perfetto per giocare in casa o all&#8217;aperto, garantendo sicurezza e stabilit\u00e0. Il design moderno e la facilit\u00e0 d&#8217;uso lo rendono la scelta ideale per i pi\u00f9 piccoli.<\/p>\n","protected":false},"featured_media":38081,"comment_status":"closed","ping_status":"closed","template":"","meta":{"inline_featured_image":false},"product_brand":[],"product_cat":[15,35],"product_tag":[],"class_list":{"0":"post-38080","1":"product","2":"type-product","3":"status-publish","4":"has-post-thumbnail","6":"product_cat-uncategorized","7":"product_cat-fun","9":"first","10":"instock","11":"sale","12":"taxable","13":"shipping-taxable","14":"purchasable","15":"product-type-simple"},"acf":[],"_links":{"self":[{"href":"https:\/\/linoexpress.com\/it\/wp-json\/wp\/v2\/product\/38080","targetHints":{"allow":["GET"]}}],"collection":[{"href":"https:\/\/linoexpress.com\/it\/wp-json\/wp\/v2\/product"}],"about":[{"href":"https:\/\/linoexpress.com\/it\/wp-json\/wp\/v2\/types\/product"}],"replies":[{"embeddable":true,"href":"https:\/\/linoexpress.com\/it\/wp-json\/wp\/v2\/comments?post=38080"}],"wp:featuredmedia":[{"embeddable":true,"href":"https:\/\/linoexpress.com\/it\/wp-json\/wp\/v2\/media\/38081"}],"wp:attachment":[{"href":"https:\/\/linoexpress.com\/it\/wp-json\/wp\/v2\/media?parent=38080"}],"wp:term":[{"taxonomy":"product_brand","embeddable":true,"href":"https:\/\/linoexpress.com\/it\/wp-json\/wp\/v2\/product_brand?post=38080"},{"taxonomy":"product_cat","embeddable":true,"href":"https:\/\/linoexpress.com\/it\/wp-json\/wp\/v2\/product_cat?post=38080"},{"taxonomy":"product_tag","embeddable":true,"href":"https:\/\/linoexpress.com\/it\/wp-json\/wp\/v2\/product_tag?post=38080"}],"curies":[{"name":"wp","href":"https:\/\/api.w.org\/{rel}","templated":true}]}}