{"id":39629,"date":"2025-06-25T19:29:54","date_gmt":"2025-06-25T17:29:54","guid":{"rendered":"https:\/\/linoexpress.com\/it\/?post_type=product&#038;p=39629"},"modified":"2025-06-26T11:22:29","modified_gmt":"2025-06-26T09:22:29","slug":"garage-di-lusso-per-modelli-di-auto-da-collezione","status":"publish","type":"product","link":"https:\/\/linoexpress.com\/it\/prodotto\/garage-di-lusso-per-modelli-di-auto-da-collezione\/","title":{"rendered":"Garage di lusso per modelli di auto da collezione"},"content":{"rendered":"","protected":false},"excerpt":{"rendered":"<div class=\"woocommerce-product-details__short-description\">\n<div class=\"woocommerce-product-details__short-description\">\n<div class=\"woocommerce-product-details__short-description\">\n<div class=\"woocommerce-product-details__short-description\">\n<p data-start=\"3189\" data-end=\"3547\">Questa lussuosa mini-garage \u00e8 la soluzione perfetta per esporre i tuoi modelli di auto da collezione. Con illuminazione LED elegante e design moderno, offre uno spazio raffinato per un solo modello. Puoi ordinare pi\u00f9 garage per organizzare una collezione pi\u00f9 ampia. Realizzata con materiali di alta qualit\u00e0, garantisce durata e sicurezza alla tua collezione.<\/p>\n<\/div>\n<\/div>\n<\/div>\n<\/div>\n","protected":false},"featured_media":39635,"comment_status":"closed","ping_status":"closed","template":"","meta":{"inline_featured_image":false},"product_brand":[],"product_cat":[27,15],"product_tag":[],"class_list":{"0":"post-39629","1":"product","2":"type-product","3":"status-publish","4":"has-post-thumbnail","6":"product_cat-home","7":"product_cat-uncategorized","9":"first","10":"instock","11":"sale","12":"taxable","13":"shipping-taxable","14":"purchasable","15":"product-type-simple"},"acf":[],"_links":{"self":[{"href":"https:\/\/linoexpress.com\/it\/wp-json\/wp\/v2\/product\/39629","targetHints":{"allow":["GET"]}}],"collection":[{"href":"https:\/\/linoexpress.com\/it\/wp-json\/wp\/v2\/product"}],"about":[{"href":"https:\/\/linoexpress.com\/it\/wp-json\/wp\/v2\/types\/product"}],"replies":[{"embeddable":true,"href":"https:\/\/linoexpress.com\/it\/wp-json\/wp\/v2\/comments?post=39629"}],"wp:featuredmedia":[{"embeddable":true,"href":"https:\/\/linoexpress.com\/it\/wp-json\/wp\/v2\/media\/39635"}],"wp:attachment":[{"href":"https:\/\/linoexpress.com\/it\/wp-json\/wp\/v2\/media?parent=39629"}],"wp:term":[{"taxonomy":"product_brand","embeddable":true,"href":"https:\/\/linoexpress.com\/it\/wp-json\/wp\/v2\/product_brand?post=39629"},{"taxonomy":"product_cat","embeddable":true,"href":"https:\/\/linoexpress.com\/it\/wp-json\/wp\/v2\/product_cat?post=39629"},{"taxonomy":"product_tag","embeddable":true,"href":"https:\/\/linoexpress.com\/it\/wp-json\/wp\/v2\/product_tag?post=39629"}],"curies":[{"name":"wp","href":"https:\/\/api.w.org\/{rel}","templated":true}]}}