{"id":44691,"date":"2026-01-04T20:30:50","date_gmt":"2026-01-04T19:30:50","guid":{"rendered":"https:\/\/linoexpress.com\/it\/prodotto\/catch-product\/"},"modified":"2026-03-11T00:40:53","modified_gmt":"2026-03-10T23:40:53","slug":"trappola-multipla-umana-per-roditori","status":"publish","type":"product","link":"https:\/\/linoexpress.com\/it\/prodotto\/trappola-multipla-umana-per-roditori\/","title":{"rendered":"Trappola multipla umana per roditori"},"content":{"rendered":"","protected":false},"excerpt":{"rendered":"<p>La trappola multipla umana per roditori consente di catturare in sicurezza topi e altri piccoli roditori senza ferirli o ucciderli. \u00c8 realizzata in acciaio zincato di alta qualit\u00e0, adatta per uso interno ed esterno. \u00c8 la soluzione ideale per chi desidera un controllo dei roditori efficace, etico e duraturo.<\/p>\n","protected":false},"featured_media":44692,"comment_status":"closed","ping_status":"closed","template":"","meta":{"inline_featured_image":false},"product_brand":[],"product_cat":[27,24,15,35],"product_tag":[],"class_list":{"0":"post-44691","1":"product","2":"type-product","3":"status-publish","4":"has-post-thumbnail","6":"product_cat-home","7":"product_cat-sale","8":"product_cat-uncategorized","9":"product_cat-fun","11":"first","12":"instock","13":"sale","14":"taxable","15":"shipping-taxable","16":"purchasable","17":"product-type-simple"},"acf":[],"_links":{"self":[{"href":"https:\/\/linoexpress.com\/it\/wp-json\/wp\/v2\/product\/44691","targetHints":{"allow":["GET"]}}],"collection":[{"href":"https:\/\/linoexpress.com\/it\/wp-json\/wp\/v2\/product"}],"about":[{"href":"https:\/\/linoexpress.com\/it\/wp-json\/wp\/v2\/types\/product"}],"replies":[{"embeddable":true,"href":"https:\/\/linoexpress.com\/it\/wp-json\/wp\/v2\/comments?post=44691"}],"wp:featuredmedia":[{"embeddable":true,"href":"https:\/\/linoexpress.com\/it\/wp-json\/wp\/v2\/media\/44692"}],"wp:attachment":[{"href":"https:\/\/linoexpress.com\/it\/wp-json\/wp\/v2\/media?parent=44691"}],"wp:term":[{"taxonomy":"product_brand","embeddable":true,"href":"https:\/\/linoexpress.com\/it\/wp-json\/wp\/v2\/product_brand?post=44691"},{"taxonomy":"product_cat","embeddable":true,"href":"https:\/\/linoexpress.com\/it\/wp-json\/wp\/v2\/product_cat?post=44691"},{"taxonomy":"product_tag","embeddable":true,"href":"https:\/\/linoexpress.com\/it\/wp-json\/wp\/v2\/product_tag?post=44691"}],"curies":[{"name":"wp","href":"https:\/\/api.w.org\/{rel}","templated":true}]}}