{"id":45340,"date":"2026-01-19T12:25:26","date_gmt":"2026-01-19T11:25:26","guid":{"rendered":"https:\/\/linoexpress.com\/it\/prodotto\/hood-product\/"},"modified":"2026-01-25T09:20:20","modified_gmt":"2026-01-25T08:20:20","slug":"ventilatore-potente-multifunzionale","status":"publish","type":"product","link":"https:\/\/linoexpress.com\/it\/prodotto\/ventilatore-potente-multifunzionale\/","title":{"rendered":"Ventilatore potente multifunzionale"},"content":{"rendered":"","protected":false},"excerpt":{"rendered":"<p>Questo ventilatore di scarico multifunzionale garantisce un potente flusso d&#8217;aria con un funzionamento estremamente silenzioso. Rimuove efficacemente umidit\u00e0, odori e fumo, migliorando la qualit\u00e0 dell&#8217;aria in ogni ambiente. \u00c8 ideale per cucine, bagni, uffici e strutture commerciali.<\/p>\n","protected":false},"featured_media":45341,"comment_status":"closed","ping_status":"closed","template":"","meta":{"inline_featured_image":false},"product_brand":[],"product_cat":[27,15,35],"product_tag":[],"class_list":{"0":"post-45340","1":"product","2":"type-product","3":"status-publish","4":"has-post-thumbnail","6":"product_cat-home","7":"product_cat-uncategorized","8":"product_cat-fun","10":"first","11":"instock","12":"sale","13":"taxable","14":"shipping-taxable","15":"purchasable","16":"product-type-simple"},"acf":[],"_links":{"self":[{"href":"https:\/\/linoexpress.com\/it\/wp-json\/wp\/v2\/product\/45340","targetHints":{"allow":["GET"]}}],"collection":[{"href":"https:\/\/linoexpress.com\/it\/wp-json\/wp\/v2\/product"}],"about":[{"href":"https:\/\/linoexpress.com\/it\/wp-json\/wp\/v2\/types\/product"}],"replies":[{"embeddable":true,"href":"https:\/\/linoexpress.com\/it\/wp-json\/wp\/v2\/comments?post=45340"}],"wp:featuredmedia":[{"embeddable":true,"href":"https:\/\/linoexpress.com\/it\/wp-json\/wp\/v2\/media\/45341"}],"wp:attachment":[{"href":"https:\/\/linoexpress.com\/it\/wp-json\/wp\/v2\/media?parent=45340"}],"wp:term":[{"taxonomy":"product_brand","embeddable":true,"href":"https:\/\/linoexpress.com\/it\/wp-json\/wp\/v2\/product_brand?post=45340"},{"taxonomy":"product_cat","embeddable":true,"href":"https:\/\/linoexpress.com\/it\/wp-json\/wp\/v2\/product_cat?post=45340"},{"taxonomy":"product_tag","embeddable":true,"href":"https:\/\/linoexpress.com\/it\/wp-json\/wp\/v2\/product_tag?post=45340"}],"curies":[{"name":"wp","href":"https:\/\/api.w.org\/{rel}","templated":true}]}}