{"id":45399,"date":"2026-01-20T00:15:25","date_gmt":"2026-01-19T23:15:25","guid":{"rendered":"https:\/\/linoexpress.com\/it\/prodotto\/bref-product\/"},"modified":"2026-03-11T00:40:04","modified_gmt":"2026-03-10T23:40:04","slug":"palla-da-riflesso-per-allenare-velocita-e-coordinazione","status":"publish","type":"product","link":"https:\/\/linoexpress.com\/it\/prodotto\/palla-da-riflesso-per-allenare-velocita-e-coordinazione\/","title":{"rendered":"Palla da riflesso per allenare velocit\u00e0 e coordinazione"},"content":{"rendered":"","protected":false},"excerpt":{"rendered":"<p>La palla da boxe riflessa \u00e8 un pratico attrezzo di allenamento per migliorare la velocit\u00e0, la concentrazione e la coordinazione mano-occhio. \u00c8 ideale per pugili, atleti e appassionati di tutte le et\u00e0, oltre che per l&#8217;allenamento a casa. Leggera, regolabile e facile da usare, consente un allenamento efficace ovunque vi troviate.<\/p>\n","protected":false},"featured_media":45400,"comment_status":"closed","ping_status":"closed","template":"","meta":{"inline_featured_image":false},"product_brand":[],"product_cat":[27,15,35],"product_tag":[],"class_list":{"0":"post-45399","1":"product","2":"type-product","3":"status-publish","4":"has-post-thumbnail","6":"product_cat-home","7":"product_cat-uncategorized","8":"product_cat-fun","10":"first","11":"instock","12":"sale","13":"taxable","14":"shipping-taxable","15":"purchasable","16":"product-type-simple"},"acf":[],"_links":{"self":[{"href":"https:\/\/linoexpress.com\/it\/wp-json\/wp\/v2\/product\/45399","targetHints":{"allow":["GET"]}}],"collection":[{"href":"https:\/\/linoexpress.com\/it\/wp-json\/wp\/v2\/product"}],"about":[{"href":"https:\/\/linoexpress.com\/it\/wp-json\/wp\/v2\/types\/product"}],"replies":[{"embeddable":true,"href":"https:\/\/linoexpress.com\/it\/wp-json\/wp\/v2\/comments?post=45399"}],"wp:featuredmedia":[{"embeddable":true,"href":"https:\/\/linoexpress.com\/it\/wp-json\/wp\/v2\/media\/45400"}],"wp:attachment":[{"href":"https:\/\/linoexpress.com\/it\/wp-json\/wp\/v2\/media?parent=45399"}],"wp:term":[{"taxonomy":"product_brand","embeddable":true,"href":"https:\/\/linoexpress.com\/it\/wp-json\/wp\/v2\/product_brand?post=45399"},{"taxonomy":"product_cat","embeddable":true,"href":"https:\/\/linoexpress.com\/it\/wp-json\/wp\/v2\/product_cat?post=45399"},{"taxonomy":"product_tag","embeddable":true,"href":"https:\/\/linoexpress.com\/it\/wp-json\/wp\/v2\/product_tag?post=45399"}],"curies":[{"name":"wp","href":"https:\/\/api.w.org\/{rel}","templated":true}]}}