{"id":46390,"date":"2026-02-05T20:40:25","date_gmt":"2026-02-05T19:40:25","guid":{"rendered":"https:\/\/linoexpress.com\/it\/prodotto\/strap-product\/"},"modified":"2026-02-05T21:36:02","modified_gmt":"2026-02-05T20:36:02","slug":"cinghie-per-sollevamento-pesi-con-ganci-per-polso","status":"publish","type":"product","link":"https:\/\/linoexpress.com\/it\/prodotto\/cinghie-per-sollevamento-pesi-con-ganci-per-polso\/","title":{"rendered":"Cinghie per sollevamento pesi con ganci per polso"},"content":{"rendered":"","protected":false},"excerpt":{"rendered":"<p>Le cinghie per sollevamento pesi offrono un supporto forte e stabile durante l&#8217;allenamento con carichi maggiori. Aiutano a eseguire i movimenti in modo pi\u00f9 sicuro e riducono il carico su mani e polsi. Sono destinate a chiunque desideri un miglior controllo, una presa pi\u00f9 forte e un allenamento pi\u00f9 efficiente.<\/p>\n","protected":false},"featured_media":46394,"comment_status":"closed","ping_status":"closed","template":"","meta":{"inline_featured_image":false},"product_brand":[],"product_cat":[27,15,35,26],"product_tag":[],"class_list":{"0":"post-46390","1":"product","2":"type-product","3":"status-publish","4":"has-post-thumbnail","6":"product_cat-home","7":"product_cat-uncategorized","8":"product_cat-fun","9":"product_cat-health","11":"first","12":"instock","13":"sale","14":"taxable","15":"shipping-taxable","16":"purchasable","17":"product-type-simple"},"acf":[],"_links":{"self":[{"href":"https:\/\/linoexpress.com\/it\/wp-json\/wp\/v2\/product\/46390","targetHints":{"allow":["GET"]}}],"collection":[{"href":"https:\/\/linoexpress.com\/it\/wp-json\/wp\/v2\/product"}],"about":[{"href":"https:\/\/linoexpress.com\/it\/wp-json\/wp\/v2\/types\/product"}],"replies":[{"embeddable":true,"href":"https:\/\/linoexpress.com\/it\/wp-json\/wp\/v2\/comments?post=46390"}],"wp:featuredmedia":[{"embeddable":true,"href":"https:\/\/linoexpress.com\/it\/wp-json\/wp\/v2\/media\/46394"}],"wp:attachment":[{"href":"https:\/\/linoexpress.com\/it\/wp-json\/wp\/v2\/media?parent=46390"}],"wp:term":[{"taxonomy":"product_brand","embeddable":true,"href":"https:\/\/linoexpress.com\/it\/wp-json\/wp\/v2\/product_brand?post=46390"},{"taxonomy":"product_cat","embeddable":true,"href":"https:\/\/linoexpress.com\/it\/wp-json\/wp\/v2\/product_cat?post=46390"},{"taxonomy":"product_tag","embeddable":true,"href":"https:\/\/linoexpress.com\/it\/wp-json\/wp\/v2\/product_tag?post=46390"}],"curies":[{"name":"wp","href":"https:\/\/api.w.org\/{rel}","templated":true}]}}