{"id":47639,"date":"2026-03-16T11:20:04","date_gmt":"2026-03-16T10:20:04","guid":{"rendered":"https:\/\/linoexpress.com\/it\/prodotto\/catty-puppy-product\/"},"modified":"2026-03-16T11:42:38","modified_gmt":"2026-03-16T10:42:38","slug":"animale-domestico-interattivo-intelligente-per-bambini-cane-o-gatto","status":"publish","type":"product","link":"https:\/\/linoexpress.com\/it\/prodotto\/animale-domestico-interattivo-intelligente-per-bambini-cane-o-gatto\/","title":{"rendered":"Animale domestico interattivo intelligente per bambini &#8211; Cane o Gatto"},"content":{"rendered":"","protected":false},"excerpt":{"rendered":"<p>Il peluche interattivo offre ai bambini un gioco divertente e interessante attraverso movimenti e suoni. Il materiale morbido e il design simpatico lo rendono un perfetto compagno per la compagnia e il gioco quotidiano. \u00c8 disponibile nella variante cane o gatto, cos\u00ec ogni bambino pu\u00f2 scegliere il suo animale domestico preferito.<\/p>\n","protected":false},"featured_media":47640,"comment_status":"closed","ping_status":"closed","template":"","meta":{"inline_featured_image":false},"product_brand":[],"product_cat":[27,24,15,35],"product_tag":[],"class_list":{"0":"post-47639","1":"product","2":"type-product","3":"status-publish","4":"has-post-thumbnail","6":"product_cat-home","7":"product_cat-sale","8":"product_cat-uncategorized","9":"product_cat-fun","11":"first","12":"instock","13":"sale","14":"taxable","15":"shipping-taxable","16":"purchasable","17":"product-type-variable"},"acf":[],"_links":{"self":[{"href":"https:\/\/linoexpress.com\/it\/wp-json\/wp\/v2\/product\/47639","targetHints":{"allow":["GET"]}}],"collection":[{"href":"https:\/\/linoexpress.com\/it\/wp-json\/wp\/v2\/product"}],"about":[{"href":"https:\/\/linoexpress.com\/it\/wp-json\/wp\/v2\/types\/product"}],"replies":[{"embeddable":true,"href":"https:\/\/linoexpress.com\/it\/wp-json\/wp\/v2\/comments?post=47639"}],"wp:featuredmedia":[{"embeddable":true,"href":"https:\/\/linoexpress.com\/it\/wp-json\/wp\/v2\/media\/47640"}],"wp:attachment":[{"href":"https:\/\/linoexpress.com\/it\/wp-json\/wp\/v2\/media?parent=47639"}],"wp:term":[{"taxonomy":"product_brand","embeddable":true,"href":"https:\/\/linoexpress.com\/it\/wp-json\/wp\/v2\/product_brand?post=47639"},{"taxonomy":"product_cat","embeddable":true,"href":"https:\/\/linoexpress.com\/it\/wp-json\/wp\/v2\/product_cat?post=47639"},{"taxonomy":"product_tag","embeddable":true,"href":"https:\/\/linoexpress.com\/it\/wp-json\/wp\/v2\/product_tag?post=47639"}],"curies":[{"name":"wp","href":"https:\/\/api.w.org\/{rel}","templated":true}]}}