{"id":9322,"date":"2022-10-17T14:46:16","date_gmt":"2022-10-17T12:46:16","guid":{"rendered":"https:\/\/linoexpress.com\/it\/?post_type=product&#038;p=9322"},"modified":"2022-10-17T18:05:04","modified_gmt":"2022-10-17T16:05:04","slug":"proiettore-olografico","status":"publish","type":"product","link":"https:\/\/linoexpress.com\/it\/prodotto\/proiettore-olografico\/","title":{"rendered":"Proiettore olografico"},"content":{"rendered":"","protected":false},"excerpt":{"rendered":"<p>&nbsp;<\/p>\n<p>Porta la decorazione della tua casa vacanza ad un livello pi\u00f9 alto. 12 diverse proiezioni renderanno queste vacanze indimenticabili. Rendi la tua casa la pi\u00f9 spaventosa per Halloween e la pi\u00f9 felice per Natale.<\/p>\n","protected":false},"featured_media":9323,"comment_status":"closed","ping_status":"closed","template":"","meta":{"inline_featured_image":false},"product_brand":[],"product_cat":[15],"product_tag":[],"class_list":{"0":"post-9322","1":"product","2":"type-product","3":"status-publish","4":"has-post-thumbnail","6":"product_cat-uncategorized","8":"first","9":"instock","10":"sale","11":"taxable","12":"shipping-taxable","13":"purchasable","14":"product-type-simple"},"acf":[],"_links":{"self":[{"href":"https:\/\/linoexpress.com\/it\/wp-json\/wp\/v2\/product\/9322","targetHints":{"allow":["GET"]}}],"collection":[{"href":"https:\/\/linoexpress.com\/it\/wp-json\/wp\/v2\/product"}],"about":[{"href":"https:\/\/linoexpress.com\/it\/wp-json\/wp\/v2\/types\/product"}],"replies":[{"embeddable":true,"href":"https:\/\/linoexpress.com\/it\/wp-json\/wp\/v2\/comments?post=9322"}],"wp:featuredmedia":[{"embeddable":true,"href":"https:\/\/linoexpress.com\/it\/wp-json\/wp\/v2\/media\/9323"}],"wp:attachment":[{"href":"https:\/\/linoexpress.com\/it\/wp-json\/wp\/v2\/media?parent=9322"}],"wp:term":[{"taxonomy":"product_brand","embeddable":true,"href":"https:\/\/linoexpress.com\/it\/wp-json\/wp\/v2\/product_brand?post=9322"},{"taxonomy":"product_cat","embeddable":true,"href":"https:\/\/linoexpress.com\/it\/wp-json\/wp\/v2\/product_cat?post=9322"},{"taxonomy":"product_tag","embeddable":true,"href":"https:\/\/linoexpress.com\/it\/wp-json\/wp\/v2\/product_tag?post=9322"}],"curies":[{"name":"wp","href":"https:\/\/api.w.org\/{rel}","templated":true}]}}