{"id":100,"date":"2020-10-28T10:57:15","date_gmt":"2020-10-28T10:57:15","guid":{"rendered":"https:\/\/shopium.eu\/rs\/?page_id=100"},"modified":"2023-09-20T12:36:25","modified_gmt":"2023-09-20T10:36:25","slug":"taisykles-ir-salygos","status":"publish","type":"page","link":"https:\/\/linoexpress.com\/lt\/taisykles-ir-salygos\/","title":{"rendered":"Taisykl\u0117s ir s\u0105lygos"},"content":{"rendered":"<p>Bendrosios s\u0105lygos<\/p>\n<p>Linoexpress.com\/ (toliau \u2013 \u201emes\u201c, \u201emes\u201c, \u201em\u016bs\u0173\u201c, \u201em\u016bs\u0173\u201c, \u201em\u016bs\u0173\u201c ir kt.) yra ECTCEU doo priklausanti internetin\u0117 parduotuv\u0117. (toliau \u201emes\u201c, \u201em\u016bs\u0173\u201c, \u201em\u016bs\u0173\u201c, \u201em\u016bs\u0173\u201c, \u201em\u016bs\u0173\u201c ir kt.), kuris veikia pagal Elektronin\u0117s komercijos \u012fstatym\u0105 ir visus kitus Europos S\u0105jungoje galiojan\u010dius \u012fstatymus ir kitus teis\u0117s aktus. Apsilank\u0119 arba pirkdami m\u016bs\u0173 internetin\u0117je parduotuv\u0117je, j\u016bs sutinkate su \u0161iomis naudojimo s\u0105lygomis. Atid\u017eiai perskaitykite ir susipa\u017einkite su m\u016bs\u0173 taikomomis taisykl\u0117mis. Pasiliekame teis\u0119 be i\u0161ankstinio \u012fsp\u0117jimo keisti ir taisyti \u0161ias naudojimo s\u0105lygas.<\/p>\n<p>Privatumo parei\u0161kimas<\/p>\n<p>M\u016bs\u0173 internetin\u0117s parduotuv\u0117s vardu \u012fsipareigojame saugoti vis\u0173 savo klient\u0173 privatum\u0105 pagal Europos S\u0105jungos teis\u0117s (BDAR) ir vietos teis\u0117s akt\u0173 nuostatas. Renkame tik b\u016btinus, pagrindinius duomenis apie klientus\/vartotojus ir duomenis, reikalingus verslui vykdyti ir vartotojus informuoti pagal ger\u0105 verslo praktik\u0105 bei teikti kokybi\u0161kas paslaugas. Suteikiame klientams pasirinkim\u0105, \u012fskaitant galimyb\u0119 nuspr\u0119sti, ar jie nori b\u016bti pa\u0161alinti i\u0161 rinkodaros kampanijose naudojam\u0173 adres\u0173 s\u0105ra\u0161\u0173. Visi vartotojo\/kliento duomenys yra grie\u017etai saugomi ir yra prieinami tik tiems darbuotojams, kuriems duomen\u0173 reikia savo darbui atlikti. Visi m\u016bs\u0173 darbuotojai (ir verslo partneriai) yra atsakingi u\u017e privatumo princip\u0173 laikym\u0105si.<\/p>\n<p>Kainos<\/p>\n<p>Visos svetain\u0117je nurodytos produkt\u0173 kainos nurodytos su PVM. Mes \u012fsipareigojame gerbti kain\u0105, u\u017e kuri\u0105 buvo pateiktas j\u016bs\u0173 u\u017esakymas, nepaisant to, ar prek\u0117s kaina pasikeit\u0117 nuo u\u017esakymo sudarymo. Ta\u010diau mes turime teis\u0119 at\u0161aukti u\u017esakym\u0105, i\u0161si\u0173sdami prane\u0161im\u0105 vartotojui el. pa\u0161tu, jei svetain\u0117je \u012fvyko rimta kainodaros klaida. Kiekvienas klientas pirkimo metu gauna s\u0105skait\u0105 elektronine forma \u012f elektroninio pa\u0161to adres\u0105, nurodyt\u0105 pateikdamas u\u017esakym\u0105.<\/p>\n<p>&nbsp;<\/p>\n<p>Pristatymas<\/p>\n<p>Visos m\u016bs\u0173 svetain\u0117je pateiktos prek\u0117s yra m\u016bs\u0173 sand\u0117lyje. Pirk\u0117jas, pirkdamas, \u012fsipareigoja padengti siuntimo i\u0161laidas, i\u0161skyrus atskiras prekes su informacija: \u201esiuntimas \u012fskai\u010diuotas \u012f kain\u0105\u201c arba \u201enemokamas pristatymas\u201c. Vykdydami u\u017esakymus naudojame GLS ir Paketini\u0173 kurjeri\u0173 kompanij\u0173 paslaugas. Su visomis auk\u0161\u010diau pamin\u0117tomis kurjeri\u0173 tarnybomis esame pasira\u0161\u0119 verslo bendradarbiavimo sutart\u012f. U\u017esakyt\u0173 preki\u0173 pristatymo laikas yra nuo 2 iki 5 darbo dien\u0173 (d\u0117l COVID-19 situacijos pristatymo laikas gali b\u016bti \u0161iek tiek ilgesnis). U\u017esakytos prek\u0117s pristatomos pristatymo adresu nurodytu adresu.<\/p>\n<p>&nbsp;<\/p>\n<p>Intelektin\u0117 nuosavyb\u0117<\/p>\n<p>\u0160ioje svetain\u0117je rodomas turinys, pvz., puslapiai, dizaino elementai (mygtukai, piktogramos ir kt.), tekstai, nuotraukos, logotipai, garso \u012fra\u0161ai ir programin\u0117 \u012franga, yra m\u016bs\u0173 arba m\u016bs\u0173 partneri\u0173 nuosavyb\u0117 ir negali b\u016bti naudojamas be i\u0161ankstinio m\u016bs\u0173 sutikimo. sutikimas. Jei manote, kad m\u016bs\u0173 svetain\u0117je esantis turinys priklauso jums ir juo buvo piktnaud\u017eiaujama, susisiekite su mumis d\u0117l intelektin\u0117s nuosavyb\u0117s teis\u0117s nustatymo. Visa svetain\u0117je pateikiama informacija yra skirta tik informaciniams tikslams ir negali b\u016bti naudojama komerciniais tikslais ar platinama tre\u010diosioms \u0161alims<\/p>\n<p>&nbsp;<\/p>\n<p>&nbsp;<\/p>\n<p>Komentarai, prane\u0161imai ir kitas lankytoj\u0173 paliktas turinys<\/p>\n<p>Lankytojai gali komentuoti produktus ir si\u0173sti \u017einutes m\u016bs\u0173 el. pa\u0161to adresu. Turime teis\u0119 neskelbti komentar\u0173, kurie yra piktavali\u0161ki, kuriuose yra ne\u0161vanki\u0173 teigini\u0173, skleid\u017eia neapykant\u0105 ar kaip nors kelia gr\u0117sm\u0119 kit\u0173 \u017emoni\u0173 teis\u0117ms. Tokie komentarai bus i\u0161trinti be \u012fsp\u0117jimo. Apsimetin\u0117ti ir registruotis kieno nors kito el. pa\u0161to adresu neleid\u017eiama. D\u0117l toki\u0173 veiksm\u0173 galime prad\u0117ti atitinkamas teisines proced\u016bras<\/p>\n<p>&nbsp;<\/p>\n<p>Preki\u0173 apra\u0161ymai.<\/p>\n<p>M\u016bs\u0173 interesas yra kuo tiksliau apra\u0161yti visus produktus. Ta\u010diau mes negarantuojame, kad bet kokia pateikta informacija apie gamin\u012f yra tiksli, i\u0161sami, patikima ar be klaid\u0173. Jei \u012fsigyta prek\u0117 skiriasi nuo svetain\u0117je pateikto apra\u0161ymo, prekybininkas turi teis\u0119 j\u0105 gr\u0105\u017einti nepa\u017eeist\u0105 kartu su visa papildoma \u012franga, kuri buvo pristatyta kartu su ja, o mes gr\u0105\u017einsime pinigus.<\/p>\n<p>&nbsp;<\/p>\n<p>Darbo valandos<\/p>\n<p>Dirbame 9-17 val., 5 dienas per savait\u0119 (pirmadien\u012f, antradien\u012f, tre\u010diadien\u012f, ketvirtadien\u012f, penktadien\u012f). Esant techniniams nesklandumams ar nuolatinei prie\u017ei\u016brai, svetain\u0117 gali b\u016bti trumpam nepasiekiama, apie tai Jus informuosime i\u0161 anksto.<\/p>\n<p>&nbsp;<\/p>\n<p>Duomen\u0173 keitimas (atnaujinimas) svetain\u0117je<\/p>\n<p>Pasiliekame teis\u0119 bet kuriuo metu be i\u0161ankstinio \u012fsp\u0117jimo keisti informacij\u0105, rodom\u0105 bet kuriame svetain\u0117s puslapyje. Svetain\u0117s lankytojai neturi teis\u0117s viena\u0161ali\u0161kai keisti naudojimosi s\u0105lyg\u0173, o bet koks pakeitimas negalioja, nebent abi \u0161alys susitaria ra\u0161tu.<\/p>\n<p>&nbsp;<\/p>\n<p>Papildoma informacija<\/p>\n<p><span style=\"vertical-align: inherit\"><span style=\"vertical-align: inherit\">Djelomi\u010dna ili potpuna nevaljanost ili nezakonitost pojedinih odredbi ovih Uvjeta kori\u0161tenja ne\u0107e utjecati na valjanost ostalih odredbi, koje ostaju va\u017ee\u0107e u cjelini. <\/span><span style=\"vertical-align: inherit\">Nevaljana ili nezakonita odredba bit \u0107e zamijenjena drugom valjanom odredbom. <\/span><span style=\"vertical-align: inherit\">Suglasni ste da svoja prava i obveze prema ovim Uvjetima kori\u0161tenja ne\u0107ete dodijeliti tre\u0107oj strani bez na\u0161eg izri\u010ditog pisanog pristanka.<\/span><\/span><\/p>\n","protected":false},"excerpt":{"rendered":"<p>Bendrosios s\u0105lygos Linoexpress.com\/ (toliau \u2013 \u201emes\u201c, \u201emes\u201c, \u201em\u016bs\u0173\u201c, \u201em\u016bs\u0173\u201c, \u201em\u016bs\u0173\u201c ir kt.) yra ECTCEU doo priklausanti internetin\u0117 parduotuv\u0117. (toliau \u201emes\u201c, \u201em\u016bs\u0173\u201c, \u201em\u016bs\u0173\u201c, \u201em\u016bs\u0173\u201c, \u201em\u016bs\u0173\u201c ir kt.), kuris veikia pagal Elektronin\u0117s komercijos \u012fstatym\u0105 ir visus kitus Europos S\u0105jungoje galiojan\u010dius \u012fstatymus ir kitus teis\u0117s aktus. Apsilank\u0119 arba pirkdami m\u016bs\u0173 internetin\u0117je parduotuv\u0117je, j\u016bs sutinkate su \u0161iomis naudojimo s\u0105lygomis. &hellip; <a href=\"https:\/\/linoexpress.com\/lt\/taisykles-ir-salygos\/\">Continued<\/a><\/p>\n","protected":false},"author":1,"featured_media":0,"parent":0,"menu_order":0,"comment_status":"closed","ping_status":"closed","template":"","meta":{"inline_featured_image":false,"footnotes":""},"class_list":["post-100","page","type-page","status-publish","hentry"],"acf":[],"_links":{"self":[{"href":"https:\/\/linoexpress.com\/lt\/wp-json\/wp\/v2\/pages\/100","targetHints":{"allow":["GET"]}}],"collection":[{"href":"https:\/\/linoexpress.com\/lt\/wp-json\/wp\/v2\/pages"}],"about":[{"href":"https:\/\/linoexpress.com\/lt\/wp-json\/wp\/v2\/types\/page"}],"author":[{"embeddable":true,"href":"https:\/\/linoexpress.com\/lt\/wp-json\/wp\/v2\/users\/1"}],"replies":[{"embeddable":true,"href":"https:\/\/linoexpress.com\/lt\/wp-json\/wp\/v2\/comments?post=100"}],"version-history":[{"count":16,"href":"https:\/\/linoexpress.com\/lt\/wp-json\/wp\/v2\/pages\/100\/revisions"}],"predecessor-version":[{"id":10633,"href":"https:\/\/linoexpress.com\/lt\/wp-json\/wp\/v2\/pages\/100\/revisions\/10633"}],"wp:attachment":[{"href":"https:\/\/linoexpress.com\/lt\/wp-json\/wp\/v2\/media?parent=100"}],"curies":[{"name":"wp","href":"https:\/\/api.w.org\/{rel}","templated":true}]}}