{"id":102,"date":"2020-10-28T10:57:38","date_gmt":"2020-10-28T10:57:38","guid":{"rendered":"https:\/\/shopium.eu\/rs\/?page_id=102"},"modified":"2023-09-14T15:33:19","modified_gmt":"2023-09-14T13:33:19","slug":"skundai-ir-mainai","status":"publish","type":"page","link":"https:\/\/linoexpress.com\/lt\/skundai-ir-mainai\/","title":{"rendered":"Skundai ir mainai"},"content":{"rendered":"<p>Skundai ir mainai<\/p>\n<p>&nbsp;<\/p>\n<p>Jei turite nusiskundim\u0173 d\u0117l produkto ar m\u016bs\u0173 paslaugos, susisiekite su mumis (lt@linoexpress.com). B\u016bkite tikri, kad esame pasireng\u0119 ir sugebame susidoroti su bet kokia i\u0161kilusia situacija.<\/p>\n<p>&nbsp;<\/p>\n<p>J\u016bs galite atsisakyti pirkimo per 15 dien\u0173 nuo pristatymo, nenurodydami prie\u017easties. Prek\u0119 turite gr\u0105\u017einti, jei norite pra\u0161yti pakeisti prek\u0119 \u012f kit\u0105 arba gr\u0105\u017einti pinigus u\u017e prek\u0119. 15 dien\u0173 at\u0161aukimo laikotarpis prasideda t\u0105 dien\u0105, kai j\u016bs arba j\u016bs\u0173 paskirta tre\u010dioji \u0161alis (kuri n\u0117ra ve\u017e\u0117jas) fakti\u0161kai \u012fgyja prekes<\/p>\n<p>Per 15 dien\u0173 nuo siuntos gavimo galite ra\u0161tu informuoti mus el. pa\u0161tu (lt@linoexpress.com), kad atsisakote sutarties ir \u012fvesti savo informacij\u0105 bei siuntos numer\u012f arba atsi\u0173sti elektronin\u0119 s\u0105skait\u0105 fakt\u016br\u0105. kur\u012f pirkdami gavote savo el. pa\u0161tu, kad gal\u0117tume atpa\u017einti J\u016bs\u0173 u\u017esakym\u0105.<\/p>\n<p>&nbsp;<\/p>\n<p>Prek\u0117, kuri\u0105 norite gr\u0105\u017einti, turi b\u016bti nepa\u017eeista ir su visais priedais bei, kiek tai pagr\u012fsta, originalioje ir nepa\u017eeistoje pakuot\u0117je. Prek\u0117s ar originalios pakuot\u0117s sugadinimo ar pernelyg didelio naudojimo atveju, parduotuv\u0117 pasilieka teis\u0119 pareik\u0161ti pretenzij\u0105 d\u0117l suma\u017eintos prek\u0117s vert\u0117s gr\u0105\u017einimo.<\/p>\n<p>El. pa\u0161tas, \u012f kur\u012f b\u016btina ra\u0161yti skundo ar apsikeitimo atveju: lt@linoexpress.com<\/p>\n<p>&nbsp;<\/p>\n<p>Pinig\u0173 gr\u0105\u017einimo forma: https:\/\/docs.google.com\/forms\/d\/11Nd-_mFwqFgJminqzvMgmvzjzdWvWglb5Iay-RS7cmk<\/p>\n<p>Produkto keitimo forma: https:\/\/docs.google.com\/forms\/d\/1jXdZvAGXN_0khHcmJl91RRi8kQ8YiZeN1vQSE3CGCzY\/<\/p>\n<p>&nbsp;<\/p>\n<p>Nuo pra\u0161ymo pateikimo turite 15 dien\u0173 i\u0161si\u0173sti paket\u0105 m\u016bs\u0173 adresu: ECTCEU d.o.o., Kamni\u0161ka cesta 24, 1235 Radomlje, Slov\u0117nija<\/p>\n<p>Rekomenduojame pakuot\u0119 si\u0173sti registruotu pa\u0161tu su pristatymo kvitu, kad j\u016bs\u0173 skundas b\u016bt\u0173 i\u0161spr\u0119stas net ir praradus pakuot\u0119, remiantis siuntos pristatymo patvirtinimu per sekimo numer\u012f.<\/p>\n<p>Siuntimo kaina yra siunt\u0117jo pus\u0117je, siunt\u0173 su i\u0161pirka nepriimame.<\/p>\n<p>Kai tik skund\u0173 skyrius i\u0161nagrin\u0117ja gr\u0105\u017eint\u0105 prek\u0119, nauja prek\u0117 siun\u010diama pakeisti arba pirkimo kaina gr\u0105\u017einama per 8 darbo dienas. Sumok\u0117sime visas j\u016bs\u0173 pirkimo i\u0161laidas, \u012fskaitant siuntimo i\u0161laidas (i\u0161skyrus visas papildomas i\u0161laidas, atsirandan\u010dias pasirinkus kit\u0105 pristatymo b\u016bd\u0105 nei pigiausias, kur\u012f si\u016blome standartiniam pristatymui).<\/p>\n<p>Siuntos siuntimo i\u0161laidas apmoka siunt\u0117jas. Mes nepriimame i\u0161pirkos mok\u0117jim\u0173!<\/p>\n<p>&nbsp;<\/p>\n<p>&nbsp;<\/p>\n<p>&nbsp;<\/p>\n<p>Per 8 darbo dienas nuo siuntos gavimo mes pakeisime prek\u0119 arba gr\u0105\u017einsime pinigus.<\/p>\n<p>&nbsp;<\/p>\n<p>GIN\u010cAI<\/p>\n<p>Jei turite nusiskundim\u0173 d\u0117l m\u016bs\u0173 gaminio ar paslaugos ir nesutinkate su sprendimu arba negalime priimti sprendimo taikiai, galite pateikti skund\u0105 Gin\u010d\u0173 komitetui per Europos gin\u010d\u0173 sprendimo platform\u0105 http:\/\/ec.europa. .eu\/consumers\/odr\/ .<\/p>\n<p>TIK VISAS AUK\u0160\u010cIAUSIAS S\u0104LYGAS ATITINKAN\u010cIOS PAREI\u0160KOS BUS TEIGIAMI SPRENDIMAS.<\/p>\n<p>Daugiau apie bendr\u0105sias s\u0105lygas ir slapuk\u0173 politik\u0105 galite perskaityti puslapio apa\u010dioje esan\u010diose nuorodose.<\/p>\n","protected":false},"excerpt":{"rendered":"<p>Skundai ir mainai &nbsp; Jei turite nusiskundim\u0173 d\u0117l produkto ar m\u016bs\u0173 paslaugos, susisiekite su mumis (lt@linoexpress.com). B\u016bkite tikri, kad esame pasireng\u0119 ir sugebame susidoroti su bet kokia i\u0161kilusia situacija. &nbsp; J\u016bs galite atsisakyti pirkimo per 15 dien\u0173 nuo pristatymo, nenurodydami prie\u017easties. Prek\u0119 turite gr\u0105\u017einti, jei norite pra\u0161yti pakeisti prek\u0119 \u012f kit\u0105 arba gr\u0105\u017einti pinigus u\u017e &hellip; <a href=\"https:\/\/linoexpress.com\/lt\/skundai-ir-mainai\/\">Continued<\/a><\/p>\n","protected":false},"author":1,"featured_media":0,"parent":0,"menu_order":0,"comment_status":"closed","ping_status":"closed","template":"","meta":{"inline_featured_image":false,"footnotes":""},"class_list":["post-102","page","type-page","status-publish","hentry"],"acf":[],"_links":{"self":[{"href":"https:\/\/linoexpress.com\/lt\/wp-json\/wp\/v2\/pages\/102","targetHints":{"allow":["GET"]}}],"collection":[{"href":"https:\/\/linoexpress.com\/lt\/wp-json\/wp\/v2\/pages"}],"about":[{"href":"https:\/\/linoexpress.com\/lt\/wp-json\/wp\/v2\/types\/page"}],"author":[{"embeddable":true,"href":"https:\/\/linoexpress.com\/lt\/wp-json\/wp\/v2\/users\/1"}],"replies":[{"embeddable":true,"href":"https:\/\/linoexpress.com\/lt\/wp-json\/wp\/v2\/comments?post=102"}],"version-history":[{"count":7,"href":"https:\/\/linoexpress.com\/lt\/wp-json\/wp\/v2\/pages\/102\/revisions"}],"predecessor-version":[{"id":10625,"href":"https:\/\/linoexpress.com\/lt\/wp-json\/wp\/v2\/pages\/102\/revisions\/10625"}],"wp:attachment":[{"href":"https:\/\/linoexpress.com\/lt\/wp-json\/wp\/v2\/media?parent=102"}],"curies":[{"name":"wp","href":"https:\/\/api.w.org\/{rel}","templated":true}]}}