{"id":104,"date":"2020-10-28T10:57:46","date_gmt":"2020-10-28T10:57:46","guid":{"rendered":"https:\/\/shopium.eu\/rs\/?page_id=104"},"modified":"2023-09-14T15:41:43","modified_gmt":"2023-09-14T13:41:43","slug":"apie-mus","status":"publish","type":"page","link":"https:\/\/linoexpress.com\/lt\/apie-mus\/","title":{"rendered":"Apie mus"},"content":{"rendered":"<p>M\u016bs\u0173 m\u0105stymas per BRAND prizm\u0119 \u2013 kas mes tokie ir kod\u0117l taip ilgai egzistuojame?<\/p>\n<p>\u0160iandieniniame \u012ftemptame gyvenimo b\u016bdu kiekvienas verslas yra pagr\u012fstas kuo didesnio pelno gavimu. Ta\u010diau ir tai \u012fveikiama atsi\u017evelgiant \u012f kasdienius pasaulio poky\u010dius, o vien pelno, kaip tik vienos \u0161alies tikslo pasiekimo, tiesiog nebepakanka.<\/p>\n<p>Kartais geriausia pa\u017evelgti \u012f dalykus kitu, da\u017enai realisti\u0161kesniu, po\u017ei\u016briu, kad pamatytum\u0117te, ko i\u0161 tikr\u0173j\u0173 reikia norint \u012fveikti laiptel\u012f auk\u0161\u010diau.<\/p>\n<p>Atitinkamai, 2018 m. prad\u0117jome \u017emoni\u0173 apklausas, kuri\u0173 pagrindinis tikslas buvo i\u0161siai\u0161kinti, ko \u017emon\u0117ms i\u0161 tikr\u0173j\u0173 reikia kasdieniame gyvenime, ir tam pritaik\u0117me savo verslo model\u012f.<\/p>\n<p>&nbsp;<\/p>\n<p>M\u016bs\u0173 tikslas:<\/p>\n<p>Pasaulin\u0119 interneto rink\u0105 u\u017epl\u016bdo nesuskai\u010diuojamas kiekis preki\u0173, kurios si\u016blomos i\u0161 viso pasaulio, o vien j\u0173 u\u017esakymas yra didel\u0117 problema ir raizginys, tod\u0117l \u017emon\u0117s \u017ei\u016bri \u012f tokius dalykus abejoni\u0173.<\/p>\n<p>Tampa sunku atskirti, kuri internetin\u0117 parduotuv\u0117 turi gerai i\u0161pl\u0117tot\u0105 verslo model\u012f ir auk\u0161to lygio organizacij\u0105, kur prioritetas \u2013 klientas ir saugus apsipirkimas!<\/p>\n<p>Visa tai netur\u0117t\u0173 b\u016bti prie\u017eastis, kod\u0117l mes negalime m\u0117gautis \u012fdomiais dalykais, kurie mums prieinami tik internete, tod\u0117l esame \u010dia, kad gal\u0117tume jus aptarnauti kaip filtras ir saugus pasirinkimas tokiems smalsiems kaip mes.<\/p>\n<p>Atsi\u017evelgdami \u012f pasaulin\u0119 interneto rink\u0105, kuri\u0105 nuolat stebime, norime \u012f vien\u0105 viet\u0105 surinkti visus geriausius ir reikalingiausius tendencij\u0173 produktus, kurie padarys jus laimingesnius ir palengvins j\u016bs\u0173 kasdienyb\u0119.<\/p>\n<p>Vienas i\u0161 parametr\u0173, kuris m\u016bs\u0173 apklausos metu pasirod\u0117 itin svarbus \u2013 greitas pristatymas, tod\u0117l pagal tai visas prekes, kurias demonstravome svetain\u0117je, laikome realiose sand\u0117lyje m\u016bs\u0173 sand\u0117liuose Europoje, kad jos b\u016bt\u0173 prieinamos.<\/p>\n<p>dabar ir dabar!<\/p>\n<p>\u017dinoma, svarbiausia yra gaminio kokyb\u0117, tod\u0117l kiekvien\u0105 gamin\u012f prie\u0161 pateikdami \u012f rink\u0105 atid\u017eiai i\u0161bandome ir patikriname visas funkcijas, kad \u012fsitikintume, jog gaminys tikrai atitinka pateiktus kokyb\u0117s standartus.<\/p>\n<p>M\u016bs\u0173 \u0161\u016bkis:<\/p>\n<p>Mes ie\u0161kome paie\u0161kos sistemos u\u017e jus ir jums patinkan\u010dius produktus \u2013 be j\u016bs\u0173 rizikos!<\/p>\n<p>ECTCEU d.o.o.<\/p>\n<p>Kamni\u0161ka cesta 24, 1235 Radomlje, Slov\u0117nija<\/p>\n<p>Mokes\u010dio kodas: 37400233<\/p>\n<p>Registracijos numeris:\u00a0 8477493000<br \/>\n\u200b<\/p>\n","protected":false},"excerpt":{"rendered":"<p>M\u016bs\u0173 m\u0105stymas per BRAND prizm\u0119 \u2013 kas mes tokie ir kod\u0117l taip ilgai egzistuojame? \u0160iandieniniame \u012ftemptame gyvenimo b\u016bdu kiekvienas verslas yra pagr\u012fstas kuo didesnio pelno gavimu. Ta\u010diau ir tai \u012fveikiama atsi\u017evelgiant \u012f kasdienius pasaulio poky\u010dius, o vien pelno, kaip tik vienos \u0161alies tikslo pasiekimo, tiesiog nebepakanka. Kartais geriausia pa\u017evelgti \u012f dalykus kitu, da\u017enai realisti\u0161kesniu, po\u017ei\u016briu, &hellip; <a href=\"https:\/\/linoexpress.com\/lt\/apie-mus\/\">Continued<\/a><\/p>\n","protected":false},"author":1,"featured_media":0,"parent":0,"menu_order":0,"comment_status":"closed","ping_status":"closed","template":"","meta":{"inline_featured_image":false,"footnotes":""},"class_list":["post-104","page","type-page","status-publish","hentry"],"acf":[],"_links":{"self":[{"href":"https:\/\/linoexpress.com\/lt\/wp-json\/wp\/v2\/pages\/104","targetHints":{"allow":["GET"]}}],"collection":[{"href":"https:\/\/linoexpress.com\/lt\/wp-json\/wp\/v2\/pages"}],"about":[{"href":"https:\/\/linoexpress.com\/lt\/wp-json\/wp\/v2\/types\/page"}],"author":[{"embeddable":true,"href":"https:\/\/linoexpress.com\/lt\/wp-json\/wp\/v2\/users\/1"}],"replies":[{"embeddable":true,"href":"https:\/\/linoexpress.com\/lt\/wp-json\/wp\/v2\/comments?post=104"}],"version-history":[{"count":6,"href":"https:\/\/linoexpress.com\/lt\/wp-json\/wp\/v2\/pages\/104\/revisions"}],"predecessor-version":[{"id":10631,"href":"https:\/\/linoexpress.com\/lt\/wp-json\/wp\/v2\/pages\/104\/revisions\/10631"}],"wp:attachment":[{"href":"https:\/\/linoexpress.com\/lt\/wp-json\/wp\/v2\/media?parent=104"}],"curies":[{"name":"wp","href":"https:\/\/api.w.org\/{rel}","templated":true}]}}