{"id":1044,"date":"2021-01-05T14:08:01","date_gmt":"2021-01-05T13:08:01","guid":{"rendered":"https:\/\/shopium.eu\/hr\/?page_id=1044"},"modified":"2025-04-11T11:49:51","modified_gmt":"2025-04-11T09:49:51","slug":"slapuku-politika","status":"publish","type":"page","link":"https:\/\/linoexpress.com\/lt\/slapuku-politika\/","title":{"rendered":"Slapuk\u0173 politika"},"content":{"rendered":"<p>\u012emon\u0117 ECTCEU d.o.o. gerbia ir saugo j\u016bs\u0173 privatum\u0105. \u017demiau pateikiama i\u0161samesn\u0117 informacija apie tai, kaip tvarkome j\u016bs\u0173 asmens duomenis.<\/p>\n<p>\u0160ioje slapuk\u0173 politikoje apra\u0161omas duomen\u0173, surinkt\u0173 naudojant slapukus ir pana\u0161ias technologijas, apdorojimas. \u0160ios taisykl\u0117s parengtos pagal Europos S\u0105jungos Bendr\u0105j\u012f duomen\u0173 apsaugos reglament\u0105 (BDAR) ir galiojan\u010dius Slov\u0117nijos teis\u0117s aktus.<\/p>\n<p>1. Apie slapukus<\/p>\n<p>Kas yra slapukai ir kam jie reikalingi?<\/p>\n<p>Slapukas yra nedidel\u0117 duomen\u0173 dalis, kuri\u0105 svetain\u0117 siun\u010dia \u012f nar\u0161ykl\u0119, susijusi\u0105 su j\u016bs\u0173 apsilankymu. Tokiu b\u016bdu svetain\u0117 jus atpa\u017e\u012fsta, \u012fsimena informacij\u0105, susijusi\u0105 su j\u016bs\u0173 apsilankymu, ir suteikia jums pritaikyt\u0105 ir paprast\u0105 internetin\u0119 paslaug\u0105. Slapukai padeda mums pritaikyti m\u016bs\u0173 svetain\u0117s turin\u012f, atsiminti j\u016bs\u0173 pageidavimus ir \u012fra\u0161yti apsilankymus m\u016bs\u0173 svetain\u0117je. Slapukai u\u017etikrina malon\u0173, greit\u0105 ir efektyvesn\u012f nar\u0161ym\u0105 m\u016bs\u0173 svetain\u0117je.<\/p>\n<p>&nbsp;<\/p>\n<p>2. M\u016bs\u0173 naudojami slapukai<\/p>\n<p>Savo svetain\u0117je naudojame skirting\u0173 kategorij\u0173 slapukus, suskirstytus \u012f keturias kategorijas:<\/p>\n<p>b\u016btini slapukai,<br \/>\nanalitiniai slapukai,<br \/>\nfunkciniai slapukai ir<br \/>\nreklamos (rinkodaros) slapukai.<br \/>\nB\u016btini slapukai yra slapukai, be kuri\u0173 m\u016bs\u0173 svetain\u0117 negal\u0117t\u0173 veikti. \u0160ie slapukai automati\u0161kai \u012fdedami \u012f j\u016bs\u0173 \u012frengin\u012f ir j\u0173 negalima i\u0161jungti. B\u016btini slapukai negali j\u016bs\u0173 identifikuoti ir yra skirti tik u\u017etikrinti, kad svetain\u0117 b\u016bt\u0173 rodoma teisingai.<\/p>\n<p>Analitiniai slapukai leid\u017eia atlikti \u012fvairi\u0105 statistin\u0119 m\u016bs\u0173 svetain\u0117s analiz\u0119. \u0160ie slapukai naudojami anonimizuota forma, o tai rei\u0161kia, kad jie negali j\u016bs\u0173 identifikuoti. \u0160i\u0173 slapuk\u0173 naudojim\u0105 galite i\u0161jungti savo interneto nar\u0161ykl\u0117je arba m\u016bs\u0173 svetain\u0117s apa\u010dioje esan\u010dioje skiltyje \u201eSlapuk\u0173 nustatymai\u201c.<\/p>\n<p>Funkciniai slapukai \u2013 tai slapukai, kurie \u012fgalina \u012fvairias m\u016bs\u0173 svetain\u0117s funkcijas, tokias kaip kalbos nustatymas, J\u016bs\u0173 pirkini\u0173 krep\u0161elio turinio i\u0161saugojimas ir kt. \u0160ie slapukai \u012f J\u016bs\u0173 \u012frengin\u012f \u012fra\u0161omi tik gavus J\u016bs\u0173 i\u0161ankstin\u012f sutikim\u0105.<\/p>\n<p>Rinkodaros slapukai naudojami personalizuotoms reklamos paslaugoms teikti. Naudodami duomenis \u0161ie slapukai sukuria j\u016bs\u0173 profil\u012f, pagal kur\u012f matysite tik tuos skelbimus, kurie, j\u016bs\u0173 manymu, jus domina. \u0160ie slapukai \u012f j\u016bs\u0173 \u012frengin\u012f \u012fra\u0161omi tik gavus i\u0161ankstin\u012f j\u016bs\u0173 sutikim\u0105. Norime \u012fsp\u0117ti, kad \u0161i\u0173 slapuk\u0173 naudojimo atsisakymas netrukdys svetain\u0117je rodyti skelbim\u0173, nes jie vis tiek bus rodomi; ta\u010diau jie nebebus pritaikyti j\u016bs\u0173 pom\u0117giams.<\/p>\n<p>Be pirmiau min\u0117t\u0173 kategorij\u0173, mes skiriame pirmosios \u0161alies slapukus ir tre\u010di\u0173j\u0173 \u0161ali\u0173 slapukus, kuriuos naudojame savo svetain\u0117je.<\/p>\n<p>Pirmosios \u0161alies slapukai yra \u0161iai svetainei priklausantys slapukai, t. y. slapukai, kuriuos \u0161ioje svetain\u0117je \u012fd\u0117jo m\u016bs\u0173 \u012fmon\u0117 arba m\u016bs\u0173 sutartiniai tvarkytojai. Nor\u0117dami su\u017einoti daugiau apie m\u016bs\u0173 sutartinius duomen\u0173 tvarkytojus, skaitykite m\u016bs\u0173 privatumo politik\u0105.<\/p>\n<p>Tre\u010di\u0173j\u0173 \u0161ali\u0173 slapukai yra slapukai, patalpinti kit\u0173 svetaini\u0173 nei ta, kurioje \u0161iuo metu lankot\u0117s, ir leid\u017eia mums naudoti suasmenintus skelbimus. \u0160ie slapukai naudojami j\u016bs\u0173 interneto naudojimui steb\u0117ti, tod\u0117l galime rodyti jums aktualius ir \u012fdomius skelbimus.<\/p>\n<p>&nbsp;<\/p>\n<p>3. Slapuk\u0173 nustatym\u0173 redagavimas<\/p>\n<p>Galite nuspr\u0119sti, ar norite leisti, kad j\u016bs\u0173 \u012frenginyje b\u016bt\u0173 saugomi slapukai.<\/p>\n<p>Svetain\u0117s apa\u010dioje esan\u010dioje skiltyje \u201eSlapuk\u0173 nustatymai\u201c galite bet kada pakeisti savo slapuk\u0173 nustatymus.<\/p>\n<p>Kai lankot\u0117s m\u016bs\u0173 svetain\u0117je, \u012f j\u016bs\u0173 \u012frengin\u012f automati\u0161kai \u012fra\u0161omi tik b\u016btini slapukai ir anoniminiai analitiniai slapukai, o pasirinkimo ir rinkodaros slapukai \u012f j\u016bs\u0173 \u012frengin\u012f \u012fra\u0161omi tik gavus j\u016bs\u0173 sutikim\u0105.<\/p>\n<p>Kaip galiu duoti sutikim\u0105?<\/p>\n<p>Kai apsilankysite m\u016bs\u0173 svetain\u0117je pirm\u0105 kart\u0105, atsidarys i\u0161\u0161okantis langas ir gal\u0117site pasirinkti tinkamus slapuk\u0173 nustatymus. Jei jau lank\u0117t\u0117s m\u016bs\u0173 svetain\u0117je ir patvirtinote pasirinktus slapukus, \u0161iuos nustatymus galite pakeisti apsilank\u0119 m\u016bs\u0173 svetain\u0117s apa\u010dioje esan\u010diame skyriuje \u201eSlapuk\u0173 nustatymai\u201c. Atsidarys naujas i\u0161\u0161okantis langas ir gal\u0117site pasirinkti slapuk\u0173 nustatymus.<\/p>\n<p>Norime \u012fsp\u0117ti, kad slapuk\u0173 naudojimo atsisakymas netrukdys svetain\u0117je rodyti skelbimus. Rodom\u0173 skelbim\u0173 skai\u010dius bus toks pat, kaip ir pri\u0117mus slapukus. Jei atsisakysite priimti reklaminius slapukus, matysite tik apibendrintus skelbimus, o ne pagal j\u016bs\u0173 norus ir poreikius pritaikyt\u0173 skelbim\u0173.<\/p>\n<p>Slapuk\u0173 nustatymus taip pat galima steb\u0117ti ir keisti savo interneto nar\u0161ykl\u0117je.<\/p>\n<p>Nor\u0117dami gauti daugiau informacijos apie slapuk\u0173 nustatymus, pasirinkite naudojam\u0105 interneto nar\u0161ykl\u0119:<\/p>\n<p>Chrome<br \/>\nFirefox<br \/>\nInternet Explorer<br \/>\nSafari<br \/>\nOpera<br \/>\nJei pakeisite arba i\u0161trinsite savo nar\u0161ykl\u0117s slapuk\u0173 fail\u0105 arba pakeisite\/atnaujinsite nar\u0161ykl\u0119 ar \u012frengin\u012f, gali tekti v\u0117l i\u0161jungti slapukus. Slapuk\u0173 valdymo ir i\u0161trynimo proced\u016bra priklauso nuo nar\u0161ykl\u0117s. Jei jums reikia pagalbos, galite kreiptis \u012f savo nar\u0161ykl\u0117s skyri\u0173 \u201ePalaikymas vartotojui\u201c.<\/p>\n<p>Taip pat galite i\u0161jungti \u201eGoogle Analytics\u201c adresu https:\/\/marketingplatform.google.com\/about\/.<\/p>\n<p>Nor\u0117dami su\u017einoti daugiau apie slapukus, eikite \u012f http:\/\/youronlinechoices.com\/.<\/p>\n<p>&nbsp;<\/p>\n<p class=\"\" data-start=\"71\" data-end=\"122\"><strong>4. Slapukai, kuriuos naudojame \u0161ioje svetain\u0117je<\/strong><\/p>\n<div class=\"pointer-events-none relative left-[50%] flex w-[100cqw] translate-x-[-50%] justify-center *:pointer-events-auto\">\n<div class=\"tableContainer horzScrollShadows\">\n<table class=\"min-w-full\" data-start=\"124\" data-end=\"639\">\n<thead data-start=\"124\" data-end=\"180\">\n<tr data-start=\"124\" data-end=\"180\">\n<th data-start=\"124\" data-end=\"146\"><strong>SLAPUKO PAVADINIMAS<\/strong><\/th>\n<th data-start=\"146\" data-end=\"158\"><strong>PASKIRTIS<\/strong><\/th>\n<th data-start=\"158\" data-end=\"171\"><strong>GALIOJIMAS<\/strong><\/th>\n<th data-start=\"171\" data-end=\"180\"><strong>\u012eMON\u0116<\/strong><\/th>\n<\/tr>\n<\/thead>\n<tbody data-start=\"239\" data-end=\"639\">\n<tr data-start=\"239\" data-end=\"284\">\n<td class=\"\" data-start=\"239\" data-end=\"244\"><strong>sb<\/strong><\/td>\n<td class=\"\" data-start=\"244\" data-end=\"262\"><strong>Priedo veikimui<\/strong><\/td>\n<td class=\"\" data-start=\"262\" data-end=\"272\"><strong>2 metai<\/strong><\/td>\n<td class=\"\" data-start=\"272\" data-end=\"284\"><strong>Facebook<\/strong><\/td>\n<\/tr>\n<tr data-start=\"285\" data-end=\"333\">\n<td class=\"\" data-start=\"285\" data-end=\"290\"><strong>fr<\/strong><\/td>\n<td class=\"\" data-start=\"290\" data-end=\"308\"><strong>Priedo veikimui<\/strong><\/td>\n<td class=\"\" data-start=\"308\" data-end=\"321\"><strong>3 m\u0117nesiai<\/strong><\/td>\n<td class=\"\" data-start=\"321\" data-end=\"333\"><strong>Facebook<\/strong><\/td>\n<\/tr>\n<tr data-start=\"334\" data-end=\"382\">\n<td class=\"\" data-start=\"334\" data-end=\"339\"><strong>xs<\/strong><\/td>\n<td class=\"\" data-start=\"339\" data-end=\"357\"><strong>Priedo veikimui<\/strong><\/td>\n<td class=\"\" data-start=\"357\" data-end=\"370\"><strong>3 m\u0117nesiai<\/strong><\/td>\n<td class=\"\" data-start=\"370\" data-end=\"382\"><strong>Facebook<\/strong><\/td>\n<\/tr>\n<tr data-start=\"383\" data-end=\"435\">\n<td class=\"\" data-start=\"383\" data-end=\"392\"><strong>c_user<\/strong><\/td>\n<td class=\"\" data-start=\"392\" data-end=\"410\"><strong>Priedo veikimui<\/strong><\/td>\n<td class=\"\" data-start=\"410\" data-end=\"423\"><strong>3 m\u0117nesiai<\/strong><\/td>\n<td class=\"\" data-start=\"423\" data-end=\"435\"><strong>Facebook<\/strong><\/td>\n<\/tr>\n<tr data-start=\"436\" data-end=\"494\">\n<td class=\"\" data-start=\"436\" data-end=\"447\"><strong>presence<\/strong><\/td>\n<td class=\"\" data-start=\"447\" data-end=\"465\"><strong>Priedo veikimui<\/strong><\/td>\n<td class=\"\" data-start=\"465\" data-end=\"482\"><strong>Sesijos trukm\u0117<\/strong><\/td>\n<td class=\"\" data-start=\"482\" data-end=\"494\"><strong>Facebook<\/strong><\/td>\n<\/tr>\n<tr data-start=\"495\" data-end=\"540\">\n<td class=\"\" data-start=\"495\" data-end=\"500\"><strong>pl<\/strong><\/td>\n<td class=\"\" data-start=\"500\" data-end=\"518\"><strong>Priedo veikimui<\/strong><\/td>\n<td class=\"\" data-start=\"518\" data-end=\"528\"><strong>1 m\u0117nuo<\/strong><\/td>\n<td class=\"\" data-start=\"528\" data-end=\"540\"><strong>Facebook<\/strong><\/td>\n<\/tr>\n<tr data-start=\"541\" data-end=\"588\">\n<td class=\"\" data-start=\"541\" data-end=\"546\"><strong>wd<\/strong><\/td>\n<td class=\"\" data-start=\"546\" data-end=\"564\"><strong>Priedo veikimui<\/strong><\/td>\n<td class=\"\" data-start=\"564\" data-end=\"576\"><strong>1 savait\u0117<\/strong><\/td>\n<td class=\"\" data-start=\"576\" data-end=\"588\"><strong>Facebook<\/strong><\/td>\n<\/tr>\n<tr data-start=\"589\" data-end=\"639\">\n<td class=\"\" data-start=\"589\" data-end=\"596\"><strong>datr<\/strong><\/td>\n<td class=\"\" data-start=\"596\" data-end=\"614\"><strong>Priedo veikimui<\/strong><\/td>\n<td class=\"\" data-start=\"614\" data-end=\"627\"><strong>3 m\u0117nesiai<\/strong><\/td>\n<td class=\"\" data-start=\"627\" data-end=\"639\"><strong>Facebook<\/strong><\/td>\n<\/tr>\n<\/tbody>\n<\/table>\n<\/div>\n<\/div>\n<div class=\"pointer-events-none relative left-[50%] flex w-[100cqw] translate-x-[-50%] justify-center *:pointer-events-auto\">\n<div class=\"tableContainer horzScrollShadows\">\n<table class=\"min-w-full\" data-start=\"641\" data-end=\"1198\">\n<thead data-start=\"641\" data-end=\"697\">\n<tr data-start=\"641\" data-end=\"697\">\n<th data-start=\"641\" data-end=\"663\"><strong>SLAPUKO PAVADINIMAS<\/strong><\/th>\n<th data-start=\"663\" data-end=\"675\"><strong>PASKIRTIS<\/strong><\/th>\n<th data-start=\"675\" data-end=\"688\"><strong>GALIOJIMAS<\/strong><\/th>\n<th data-start=\"688\" data-end=\"697\"><strong>\u012eMON\u0116<\/strong><\/th>\n<\/tr>\n<\/thead>\n<tbody data-start=\"756\" data-end=\"1198\">\n<tr data-start=\"756\" data-end=\"819\">\n<td class=\"\" data-start=\"756\" data-end=\"772\"><strong>m_pixel_ratio<\/strong><\/td>\n<td class=\"\" data-start=\"772\" data-end=\"790\"><strong>Priedo veikimui<\/strong><\/td>\n<td class=\"\" data-start=\"790\" data-end=\"807\"><strong>Sesijos trukm\u0117<\/strong><\/td>\n<td class=\"\" data-start=\"807\" data-end=\"819\"><strong>Facebook<\/strong><\/td>\n<\/tr>\n<tr data-start=\"820\" data-end=\"868\">\n<td class=\"\" data-start=\"820\" data-end=\"826\"><strong>dpr<\/strong><\/td>\n<td class=\"\" data-start=\"826\" data-end=\"844\"><strong>Priedo veikimui<\/strong><\/td>\n<td class=\"\" data-start=\"844\" data-end=\"856\"><strong>1 savait\u0117<\/strong><\/td>\n<td class=\"\" data-start=\"856\" data-end=\"868\"><strong>Facebook<\/strong><\/td>\n<\/tr>\n<tr data-start=\"869\" data-end=\"922\">\n<td class=\"\" data-start=\"869\" data-end=\"875\"><strong>act<\/strong><\/td>\n<td class=\"\" data-start=\"875\" data-end=\"893\"><strong>Priedo veikimui<\/strong><\/td>\n<td class=\"\" data-start=\"893\" data-end=\"910\"><strong>Sesijos trukm\u0117<\/strong><\/td>\n<td class=\"\" data-start=\"910\" data-end=\"922\"><strong>Facebook<\/strong><\/td>\n<\/tr>\n<tr data-start=\"923\" data-end=\"993\">\n<td class=\"\" data-start=\"923\" data-end=\"931\"><strong>_lo_v<\/strong><\/td>\n<td class=\"\" data-start=\"931\" data-end=\"963\"><strong>Ghost Monitor priedo veikimui<\/strong><\/td>\n<td class=\"\" data-start=\"963\" data-end=\"976\"><strong>3 m\u0117nesiai<\/strong><\/td>\n<td class=\"\" data-start=\"976\" data-end=\"993\"><strong>Ghost Monitor<\/strong><\/td>\n<\/tr>\n<tr data-start=\"994\" data-end=\"1064\">\n<td class=\"\" data-start=\"994\" data-end=\"1005\"><strong>__cfduid<\/strong><\/td>\n<td class=\"\" data-start=\"1005\" data-end=\"1037\"><strong>Ghost Monitor priedo veikimui<\/strong><\/td>\n<td class=\"\" data-start=\"1037\" data-end=\"1047\"><strong>1 metai<\/strong><\/td>\n<td class=\"\" data-start=\"1047\" data-end=\"1064\"><strong>Ghost Monitor<\/strong><\/td>\n<\/tr>\n<tr data-start=\"1065\" data-end=\"1132\">\n<td class=\"\" data-start=\"1065\" data-end=\"1073\"><strong>_lo_u<\/strong><\/td>\n<td class=\"\" data-start=\"1073\" data-end=\"1105\"><strong>Ghost Monitor priedo veikimui<\/strong><\/td>\n<td class=\"\" data-start=\"1105\" data-end=\"1115\"><strong>1 metai<\/strong><\/td>\n<td class=\"\" data-start=\"1115\" data-end=\"1132\"><strong>Ghost Monitor<\/strong><\/td>\n<\/tr>\n<tr data-start=\"1133\" data-end=\"1198\">\n<td class=\"\" data-start=\"1133\" data-end=\"1139\"><strong>_ga<\/strong><\/td>\n<td class=\"\" data-start=\"1139\" data-end=\"1171\"><strong>Ghost Monitor priedo veikimui<\/strong><\/td>\n<td class=\"\" data-start=\"1171\" data-end=\"1181\"><strong>1 metai<\/strong><\/td>\n<td class=\"\" data-start=\"1181\" data-end=\"1198\"><strong>Ghost Monitor<\/strong><\/td>\n<\/tr>\n<\/tbody>\n<\/table>\n<\/div>\n<\/div>\n<div class=\"pointer-events-none relative left-[50%] flex w-[100cqw] translate-x-[-50%] justify-center *:pointer-events-auto\">\n<div class=\"tableContainer horzScrollShadows\">\n<table class=\"min-w-full\" data-start=\"1200\" data-end=\"2025\">\n<thead data-start=\"1200\" data-end=\"1256\">\n<tr data-start=\"1200\" data-end=\"1256\">\n<th data-start=\"1200\" data-end=\"1222\"><strong>SLAPUKO PAVADINIMAS<\/strong><\/th>\n<th data-start=\"1222\" data-end=\"1234\"><strong>PASKIRTIS<\/strong><\/th>\n<th data-start=\"1234\" data-end=\"1247\"><strong>GALIOJIMAS<\/strong><\/th>\n<th data-start=\"1247\" data-end=\"1256\"><strong>\u012eMON\u0116<\/strong><\/th>\n<\/tr>\n<\/thead>\n<tbody data-start=\"1315\" data-end=\"2025\">\n<tr data-start=\"1315\" data-end=\"1387\">\n<td class=\"\" data-start=\"1315\" data-end=\"1324\"><strong>__utma<\/strong><\/td>\n<td class=\"\" data-start=\"1324\" data-end=\"1357\"><strong>Vartotoj\u0173 lankomumo statistika<\/strong><\/td>\n<td class=\"\" data-start=\"1357\" data-end=\"1367\"><strong>2 metai<\/strong><\/td>\n<td class=\"\" data-start=\"1367\" data-end=\"1387\"><strong>Google Analytics<\/strong><\/td>\n<\/tr>\n<tr data-start=\"1388\" data-end=\"1463\">\n<td class=\"\" data-start=\"1388\" data-end=\"1397\"><strong>__utmz<\/strong><\/td>\n<td class=\"\" data-start=\"1397\" data-end=\"1430\"><strong>Vartotoj\u0173 lankomumo statistika<\/strong><\/td>\n<td class=\"\" data-start=\"1430\" data-end=\"1443\"><strong>6 m\u0117nesiai<\/strong><\/td>\n<td class=\"\" data-start=\"1443\" data-end=\"1463\"><strong>Google Analytics<\/strong><\/td>\n<\/tr>\n<tr data-start=\"1464\" data-end=\"1543\">\n<td class=\"\" data-start=\"1464\" data-end=\"1473\"><strong>__utmc<\/strong><\/td>\n<td class=\"\" data-start=\"1473\" data-end=\"1506\"><strong>Vartotoj\u0173 lankomumo statistika<\/strong><\/td>\n<td class=\"\" data-start=\"1506\" data-end=\"1523\"><strong>Sesijos trukm\u0117<\/strong><\/td>\n<td class=\"\" data-start=\"1523\" data-end=\"1543\"><strong>Google Analytics<\/strong><\/td>\n<\/tr>\n<tr data-start=\"1544\" data-end=\"1623\">\n<td class=\"\" data-start=\"1544\" data-end=\"1553\"><strong>__utmv<\/strong><\/td>\n<td class=\"\" data-start=\"1553\" data-end=\"1586\"><strong>Vartotoj\u0173 lankomumo statistika<\/strong><\/td>\n<td class=\"\" data-start=\"1586\" data-end=\"1603\"><strong>Sesijos trukm\u0117<\/strong><\/td>\n<td class=\"\" data-start=\"1603\" data-end=\"1623\"><strong>Google Analytics<\/strong><\/td>\n<\/tr>\n<tr data-start=\"1624\" data-end=\"1708\">\n<td class=\"\" data-start=\"1624\" data-end=\"1639\"><strong>__distillery<\/strong><\/td>\n<td class=\"\" data-start=\"1639\" data-end=\"1665\"><strong>Vaizdo grotuvo veikimui<\/strong><\/td>\n<td class=\"\" data-start=\"1665\" data-end=\"1686\"><strong>scroll-zone.com.eu<\/strong><\/td>\n<td class=\"\" data-start=\"1686\" data-end=\"1708\"><strong>scroll-zone.com.eu<\/strong><\/td>\n<\/tr>\n<tr data-start=\"1709\" data-end=\"1820\">\n<td class=\"\" data-start=\"1709\" data-end=\"1737\"><strong>woocommerce_items_in_cart<\/strong><\/td>\n<td class=\"\" data-start=\"1737\" data-end=\"1777\"><strong>Svetain\u0117s veikimui linoexpress.com\/lt<\/strong><\/td>\n<td class=\"\" data-start=\"1777\" data-end=\"1798\"><strong>linoexpress.com\/lt<\/strong><\/td>\n<td class=\"\" data-start=\"1798\" data-end=\"1820\"><strong>linoexpress.com\/lt<\/strong><\/td>\n<\/tr>\n<tr data-start=\"1821\" data-end=\"1915\">\n<td class=\"\" data-start=\"1821\" data-end=\"1832\"><strong>__kla_id<\/strong><\/td>\n<td class=\"\" data-start=\"1832\" data-end=\"1872\"><strong>Svetain\u0117s veikimui linoexpress.com\/lt<\/strong><\/td>\n<td class=\"\" data-start=\"1872\" data-end=\"1893\"><strong>linoexpress.com\/lt<\/strong><\/td>\n<td class=\"\" data-start=\"1893\" data-end=\"1915\"><strong>linoexpress.com\/lt<\/strong><\/td>\n<\/tr>\n<tr data-start=\"1916\" data-end=\"2025\">\n<td class=\"\" data-start=\"1916\" data-end=\"1942\"><strong>wp_woocommerce_session_<\/strong><\/td>\n<td class=\"\" data-start=\"1942\" data-end=\"1982\"><strong>Svetain\u0117s veikimui linoexpress.com\/lt<\/strong><\/td>\n<td class=\"\" data-start=\"1982\" data-end=\"2003\"><strong>linoexpress.com\/lt<\/strong><\/td>\n<td class=\"\" data-start=\"2003\" data-end=\"2025\"><strong>linoexpress.com\/lt<\/strong><\/td>\n<\/tr>\n<\/tbody>\n<\/table>\n<\/div>\n<\/div>\n<p>&nbsp;<\/p>\n<p>&nbsp;<\/p>\n<p><strong>5. Tikslai, kuriais m\u016bs\u0173 svetain\u0117je naudojami slapukai<\/strong><\/p>\n<p>&nbsp;<\/p>\n<p>M\u016bs\u0173 svetain\u0117je slapukai naudojami \u0161iais tikslais:<\/p>\n<p>atpa\u017einti lankytojus kito apsilankymo metu,<br \/>\nsaugoti j\u016bs\u0173 pateiktus produkt\u0173 \u012fvertinimus,<br \/>\nsvetain\u0117s analiz\u0117,<br \/>\nu\u017etikrinti svetain\u0117s saugum\u0105,<br \/>\nsekti ir i\u0161saugoti savo pirkini\u0173 krep\u0161elio turin\u012f (seanso slapukas),<br \/>\nslapukas, skirtas i\u0161si\u0173sti prane\u0161im\u0105 apie nebaigt\u0105 pirkim\u0105,<br \/>\nvaizdo turinio valdymas,<br \/>\npokalbi\u0173 funkcijos veikim\u0105 svetain\u0117je ir<br \/>\nreklama.<\/p>\n<p>6. J\u016bs\u0173 teis\u0117s d\u0117l asmens duomen\u0173 tvarkymo naudojant slapukus<\/p>\n<p>Be auk\u0161\u010diau apra\u0161yt\u0173 slapuk\u0173 nustatym\u0173 redagavimo, j\u016bs taip pat turite galimyb\u0119 pasinaudoti savo teis\u0117mis, susijusiomis su asmens duomen\u0173 tvarkymu. \u0160ios teis\u0117s i\u0161samiai apra\u0161ytos m\u016bs\u0173 privatumo politikoje.<\/p>\n<p>&nbsp;<\/p>\n<p>7. Pakeitimai ir kontaktas<\/p>\n<p>\u0160i slapuk\u0173 politika gali b\u016bti bet kada pakeista. Atnaujinta versija bus paskelbta adresu:\u00a0 https:\/\/linoexpress.com\/lt\/<\/p>\n<p>I\u0161kilus klausimams arba norint gauti daugiau informacijos apie slapukus ar asmens duomen\u0173 tvarkym\u0105, susisiekite su mumis adresu lt@linoexpress.com<\/p>\n<p>&nbsp;<\/p>\n<p>ECTCEU d.o.o. Kamni\u0161ka cesta 24 \/ 1235 Radomlje \/ Slov\u0117nija \/lt@linoexpress.com<\/p>\n<p>Registracijos institucija: Liublianos apylink\u0117s teismas \/ Akcinis kapitalas: 7500 EUR \/ IBAN SI56 1010 0005 7929 365 \/ PVM mok\u0117tojo kodas: 37400223 \/ \u012emon\u0117s registracijos numeris: 8477493000<\/p>\n","protected":false},"excerpt":{"rendered":"<p>\u012emon\u0117 ECTCEU d.o.o. gerbia ir saugo j\u016bs\u0173 privatum\u0105. \u017demiau pateikiama i\u0161samesn\u0117 informacija apie tai, kaip tvarkome j\u016bs\u0173 asmens duomenis. \u0160ioje slapuk\u0173 politikoje apra\u0161omas duomen\u0173, surinkt\u0173 naudojant slapukus ir pana\u0161ias technologijas, apdorojimas. \u0160ios taisykl\u0117s parengtos pagal Europos S\u0105jungos Bendr\u0105j\u012f duomen\u0173 apsaugos reglament\u0105 (BDAR) ir galiojan\u010dius Slov\u0117nijos teis\u0117s aktus. 1. Apie slapukus Kas yra slapukai ir kam &hellip; <a href=\"https:\/\/linoexpress.com\/lt\/slapuku-politika\/\">Continued<\/a><\/p>\n","protected":false},"author":4,"featured_media":0,"parent":0,"menu_order":0,"comment_status":"closed","ping_status":"closed","template":"","meta":{"inline_featured_image":false,"footnotes":""},"class_list":["post-1044","page","type-page","status-publish","hentry"],"acf":[],"_links":{"self":[{"href":"https:\/\/linoexpress.com\/lt\/wp-json\/wp\/v2\/pages\/1044","targetHints":{"allow":["GET"]}}],"collection":[{"href":"https:\/\/linoexpress.com\/lt\/wp-json\/wp\/v2\/pages"}],"about":[{"href":"https:\/\/linoexpress.com\/lt\/wp-json\/wp\/v2\/types\/page"}],"author":[{"embeddable":true,"href":"https:\/\/linoexpress.com\/lt\/wp-json\/wp\/v2\/users\/4"}],"replies":[{"embeddable":true,"href":"https:\/\/linoexpress.com\/lt\/wp-json\/wp\/v2\/comments?post=1044"}],"version-history":[{"count":7,"href":"https:\/\/linoexpress.com\/lt\/wp-json\/wp\/v2\/pages\/1044\/revisions"}],"predecessor-version":[{"id":11533,"href":"https:\/\/linoexpress.com\/lt\/wp-json\/wp\/v2\/pages\/1044\/revisions\/11533"}],"wp:attachment":[{"href":"https:\/\/linoexpress.com\/lt\/wp-json\/wp\/v2\/media?parent=1044"}],"curies":[{"name":"wp","href":"https:\/\/api.w.org\/{rel}","templated":true}]}}