{"id":10563,"date":"2023-08-03T13:45:16","date_gmt":"2023-08-03T11:45:16","guid":{"rendered":"https:\/\/linoexpress.com\/lt\/?post_type=product&#038;p=10563"},"modified":"2024-06-07T12:09:01","modified_gmt":"2024-06-07T10:09:01","slug":"2-viename-transformuojantis-sunkvezimis","status":"publish","type":"product","link":"https:\/\/linoexpress.com\/lt\/proizvod\/2-viename-transformuojantis-sunkvezimis\/","title":{"rendered":"2 viename transformuojantis sunkve\u017eimis"},"content":{"rendered":"","protected":false},"excerpt":{"rendered":"<p>Mega sunkve\u017eimis, ve\u017eantis \u017eaislinius automobilius su pasl\u0117ptais vik\u0161rais, yra puikus \u017eaislas j\u016bs\u0173 artimiesiems. Puikus \u017eaislas berniukams visoms progoms.<\/p>\n","protected":false},"featured_media":8189,"comment_status":"closed","ping_status":"closed","template":"","meta":{"inline_featured_image":false},"product_brand":[],"product_cat":[35,15],"product_tag":[],"class_list":{"0":"post-10563","1":"product","2":"type-product","3":"status-publish","4":"has-post-thumbnail","6":"product_cat-fun","7":"product_cat-uncategorized","9":"first","10":"instock","11":"sale","12":"taxable","13":"shipping-taxable","14":"purchasable","15":"product-type-simple"},"acf":[],"_links":{"self":[{"href":"https:\/\/linoexpress.com\/lt\/wp-json\/wp\/v2\/product\/10563","targetHints":{"allow":["GET"]}}],"collection":[{"href":"https:\/\/linoexpress.com\/lt\/wp-json\/wp\/v2\/product"}],"about":[{"href":"https:\/\/linoexpress.com\/lt\/wp-json\/wp\/v2\/types\/product"}],"replies":[{"embeddable":true,"href":"https:\/\/linoexpress.com\/lt\/wp-json\/wp\/v2\/comments?post=10563"}],"wp:featuredmedia":[{"embeddable":true,"href":"https:\/\/linoexpress.com\/lt\/wp-json\/wp\/v2\/media\/8189"}],"wp:attachment":[{"href":"https:\/\/linoexpress.com\/lt\/wp-json\/wp\/v2\/media?parent=10563"}],"wp:term":[{"taxonomy":"product_brand","embeddable":true,"href":"https:\/\/linoexpress.com\/lt\/wp-json\/wp\/v2\/product_brand?post=10563"},{"taxonomy":"product_cat","embeddable":true,"href":"https:\/\/linoexpress.com\/lt\/wp-json\/wp\/v2\/product_cat?post=10563"},{"taxonomy":"product_tag","embeddable":true,"href":"https:\/\/linoexpress.com\/lt\/wp-json\/wp\/v2\/product_tag?post=10563"}],"curies":[{"name":"wp","href":"https:\/\/api.w.org\/{rel}","templated":true}]}}