{"id":10565,"date":"2023-08-04T08:06:49","date_gmt":"2023-08-04T06:06:49","guid":{"rendered":"https:\/\/linoexpress.com\/lt\/?post_type=product&#038;p=10565"},"modified":"2024-10-14T10:15:27","modified_gmt":"2024-10-14T08:15:27","slug":"abelaidis-rankinis-dulkiu-siurblys","status":"publish","type":"product","link":"https:\/\/linoexpress.com\/lt\/proizvod\/abelaidis-rankinis-dulkiu-siurblys\/","title":{"rendered":"Belaidis rankinis dulki\u0173 siurblys"},"content":{"rendered":"","protected":false},"excerpt":{"rendered":"<p>Lengvas rankinis dulki\u0173 siurblys su stipria siurbimo galia yra idealus pagalbininkas kiekvienuose namuose, darbo vietoje ar automobilyje. Vos keliais \u017eingsniais atsikratykite ne\u0161varum\u0173 su \u0161iuo puikiu dulki\u0173 siurbliu.<\/p>\n","protected":false},"featured_media":5354,"comment_status":"closed","ping_status":"closed","template":"","meta":{"inline_featured_image":false},"product_brand":[],"product_cat":[25,27,15],"product_tag":[],"class_list":{"0":"post-10565","1":"product","2":"type-product","3":"status-publish","4":"has-post-thumbnail","6":"product_cat-car","7":"product_cat-home","8":"product_cat-uncategorized","10":"first","11":"instock","12":"sale","13":"taxable","14":"shipping-taxable","15":"purchasable","16":"product-type-simple"},"acf":[],"_links":{"self":[{"href":"https:\/\/linoexpress.com\/lt\/wp-json\/wp\/v2\/product\/10565","targetHints":{"allow":["GET"]}}],"collection":[{"href":"https:\/\/linoexpress.com\/lt\/wp-json\/wp\/v2\/product"}],"about":[{"href":"https:\/\/linoexpress.com\/lt\/wp-json\/wp\/v2\/types\/product"}],"replies":[{"embeddable":true,"href":"https:\/\/linoexpress.com\/lt\/wp-json\/wp\/v2\/comments?post=10565"}],"wp:featuredmedia":[{"embeddable":true,"href":"https:\/\/linoexpress.com\/lt\/wp-json\/wp\/v2\/media\/5354"}],"wp:attachment":[{"href":"https:\/\/linoexpress.com\/lt\/wp-json\/wp\/v2\/media?parent=10565"}],"wp:term":[{"taxonomy":"product_brand","embeddable":true,"href":"https:\/\/linoexpress.com\/lt\/wp-json\/wp\/v2\/product_brand?post=10565"},{"taxonomy":"product_cat","embeddable":true,"href":"https:\/\/linoexpress.com\/lt\/wp-json\/wp\/v2\/product_cat?post=10565"},{"taxonomy":"product_tag","embeddable":true,"href":"https:\/\/linoexpress.com\/lt\/wp-json\/wp\/v2\/product_tag?post=10565"}],"curies":[{"name":"wp","href":"https:\/\/api.w.org\/{rel}","templated":true}]}}