{"id":10567,"date":"2023-08-04T08:14:00","date_gmt":"2023-08-04T06:14:00","guid":{"rendered":"https:\/\/linoexpress.com\/lt\/?post_type=product&#038;p=10567"},"modified":"2023-09-28T10:29:46","modified_gmt":"2023-09-28T08:29:46","slug":"magiskos-darbo-knygeles-vaikams","status":"publish","type":"product","link":"https:\/\/linoexpress.com\/lt\/proizvod\/magiskos-darbo-knygeles-vaikams\/","title":{"rendered":"Magi\u0161kos darbo knygel\u0117s vaikams"},"content":{"rendered":"","protected":false},"excerpt":{"rendered":"<p>Leiskite savo vaikams tobul\u0117ti kurdami judesius ir formas, pie\u0161dami ir ra\u0161ydami naudodami \u0161i\u0105 smagi\u0105 darbo knygel\u0119. Paruo\u0161kite vaik\u0105 mokyklai ir palengvinkite jo prad\u017ei\u0105. Leiskite vaikams lavinti savo tikslum\u0105 naudodami \u0161i\u0105 mokom\u0105j\u0105 darbo knygel\u0119.<\/p>\n","protected":false},"featured_media":5055,"comment_status":"closed","ping_status":"closed","template":"","meta":{"inline_featured_image":false},"product_brand":[],"product_cat":[35,15],"product_tag":[],"class_list":{"0":"post-10567","1":"product","2":"type-product","3":"status-publish","4":"has-post-thumbnail","6":"product_cat-fun","7":"product_cat-uncategorized","9":"first","10":"instock","11":"sale","12":"taxable","13":"shipping-taxable","14":"purchasable","15":"product-type-simple"},"acf":[],"_links":{"self":[{"href":"https:\/\/linoexpress.com\/lt\/wp-json\/wp\/v2\/product\/10567","targetHints":{"allow":["GET"]}}],"collection":[{"href":"https:\/\/linoexpress.com\/lt\/wp-json\/wp\/v2\/product"}],"about":[{"href":"https:\/\/linoexpress.com\/lt\/wp-json\/wp\/v2\/types\/product"}],"replies":[{"embeddable":true,"href":"https:\/\/linoexpress.com\/lt\/wp-json\/wp\/v2\/comments?post=10567"}],"wp:featuredmedia":[{"embeddable":true,"href":"https:\/\/linoexpress.com\/lt\/wp-json\/wp\/v2\/media\/5055"}],"wp:attachment":[{"href":"https:\/\/linoexpress.com\/lt\/wp-json\/wp\/v2\/media?parent=10567"}],"wp:term":[{"taxonomy":"product_brand","embeddable":true,"href":"https:\/\/linoexpress.com\/lt\/wp-json\/wp\/v2\/product_brand?post=10567"},{"taxonomy":"product_cat","embeddable":true,"href":"https:\/\/linoexpress.com\/lt\/wp-json\/wp\/v2\/product_cat?post=10567"},{"taxonomy":"product_tag","embeddable":true,"href":"https:\/\/linoexpress.com\/lt\/wp-json\/wp\/v2\/product_tag?post=10567"}],"curies":[{"name":"wp","href":"https:\/\/api.w.org\/{rel}","templated":true}]}}