{"id":10573,"date":"2023-08-04T10:05:25","date_gmt":"2023-08-04T08:05:25","guid":{"rendered":"https:\/\/linoexpress.com\/lt\/?post_type=product&#038;p=10573"},"modified":"2024-09-09T12:07:37","modified_gmt":"2024-09-09T10:07:37","slug":"montessori-kurybinis-rinkinys-sriegimui","status":"publish","type":"product","link":"https:\/\/linoexpress.com\/lt\/proizvod\/montessori-kurybinis-rinkinys-sriegimui\/","title":{"rendered":"Montessori k\u016brybinis rinkinys sriegimui"},"content":{"rendered":"","protected":false},"excerpt":{"rendered":"<div class=\"product-description border-bottom border-light mt-lg-4 mt-3 mb-lg-3 mb-2 pb-lg-3 pb-1\">Leiskite vaikams i\u0161reik\u0161ti savo k\u016brybi\u0161kum\u0105 su \u0161iuo fantasti\u0161ku ne\u012fprastu meno rinkiniu. Ypatinga sriegimo technika prad\u017eiugins kiekvien\u0105 vaik\u0105!<\/div>\n<div class=\"row row-icons mt-4 d-lg-flex d-none\">\n<div class=\"col-3 icon1\"><\/div>\n<\/div>\n","protected":false},"featured_media":10285,"comment_status":"closed","ping_status":"closed","template":"","meta":{"inline_featured_image":false},"product_brand":[],"product_cat":[35,15],"product_tag":[],"class_list":{"0":"post-10573","1":"product","2":"type-product","3":"status-publish","4":"has-post-thumbnail","6":"product_cat-fun","7":"product_cat-uncategorized","9":"first","10":"instock","11":"sale","12":"taxable","13":"shipping-taxable","14":"purchasable","15":"product-type-simple"},"acf":[],"_links":{"self":[{"href":"https:\/\/linoexpress.com\/lt\/wp-json\/wp\/v2\/product\/10573","targetHints":{"allow":["GET"]}}],"collection":[{"href":"https:\/\/linoexpress.com\/lt\/wp-json\/wp\/v2\/product"}],"about":[{"href":"https:\/\/linoexpress.com\/lt\/wp-json\/wp\/v2\/types\/product"}],"replies":[{"embeddable":true,"href":"https:\/\/linoexpress.com\/lt\/wp-json\/wp\/v2\/comments?post=10573"}],"wp:featuredmedia":[{"embeddable":true,"href":"https:\/\/linoexpress.com\/lt\/wp-json\/wp\/v2\/media\/10285"}],"wp:attachment":[{"href":"https:\/\/linoexpress.com\/lt\/wp-json\/wp\/v2\/media?parent=10573"}],"wp:term":[{"taxonomy":"product_brand","embeddable":true,"href":"https:\/\/linoexpress.com\/lt\/wp-json\/wp\/v2\/product_brand?post=10573"},{"taxonomy":"product_cat","embeddable":true,"href":"https:\/\/linoexpress.com\/lt\/wp-json\/wp\/v2\/product_cat?post=10573"},{"taxonomy":"product_tag","embeddable":true,"href":"https:\/\/linoexpress.com\/lt\/wp-json\/wp\/v2\/product_tag?post=10573"}],"curies":[{"name":"wp","href":"https:\/\/api.w.org\/{rel}","templated":true}]}}