{"id":10575,"date":"2023-08-04T10:11:29","date_gmt":"2023-08-04T08:11:29","guid":{"rendered":"https:\/\/linoexpress.com\/lt\/?post_type=product&#038;p=10575"},"modified":"2025-12-08T20:15:45","modified_gmt":"2025-12-08T19:15:45","slug":"montessori-tyli-knyga-vaikams","status":"publish","type":"product","link":"https:\/\/linoexpress.com\/lt\/proizvod\/montessori-tyli-knyga-vaikams\/","title":{"rendered":"Montessori tyli knyga vaikams"},"content":{"rendered":"","protected":false},"excerpt":{"rendered":"<p>Montessori metodais paremtos knygos, skirtos vaik\u0173, j\u0173 \u012fg\u016bd\u017ei\u0173, poj\u016b\u010di\u0173 ir vaizduot\u0117s ugdymui, d\u017eiugins kiekvien\u0105 vaik\u0105 ir palengvins mokym\u0105si \u017eaid\u017eiant.<\/p>\n","protected":false},"featured_media":10380,"comment_status":"closed","ping_status":"closed","template":"","meta":{"inline_featured_image":false},"product_brand":[],"product_cat":[35,15],"product_tag":[],"class_list":{"0":"post-10575","1":"product","2":"type-product","3":"status-publish","4":"has-post-thumbnail","6":"product_cat-fun","7":"product_cat-uncategorized","9":"first","10":"instock","11":"sale","12":"taxable","13":"shipping-taxable","14":"purchasable","15":"product-type-variable"},"acf":[],"_links":{"self":[{"href":"https:\/\/linoexpress.com\/lt\/wp-json\/wp\/v2\/product\/10575","targetHints":{"allow":["GET"]}}],"collection":[{"href":"https:\/\/linoexpress.com\/lt\/wp-json\/wp\/v2\/product"}],"about":[{"href":"https:\/\/linoexpress.com\/lt\/wp-json\/wp\/v2\/types\/product"}],"replies":[{"embeddable":true,"href":"https:\/\/linoexpress.com\/lt\/wp-json\/wp\/v2\/comments?post=10575"}],"wp:featuredmedia":[{"embeddable":true,"href":"https:\/\/linoexpress.com\/lt\/wp-json\/wp\/v2\/media\/10380"}],"wp:attachment":[{"href":"https:\/\/linoexpress.com\/lt\/wp-json\/wp\/v2\/media?parent=10575"}],"wp:term":[{"taxonomy":"product_brand","embeddable":true,"href":"https:\/\/linoexpress.com\/lt\/wp-json\/wp\/v2\/product_brand?post=10575"},{"taxonomy":"product_cat","embeddable":true,"href":"https:\/\/linoexpress.com\/lt\/wp-json\/wp\/v2\/product_cat?post=10575"},{"taxonomy":"product_tag","embeddable":true,"href":"https:\/\/linoexpress.com\/lt\/wp-json\/wp\/v2\/product_tag?post=10575"}],"curies":[{"name":"wp","href":"https:\/\/api.w.org\/{rel}","templated":true}]}}