{"id":10584,"date":"2023-08-04T10:54:14","date_gmt":"2023-08-04T08:54:14","guid":{"rendered":"https:\/\/linoexpress.com\/lt\/?post_type=product&#038;p=10584"},"modified":"2023-09-28T10:35:10","modified_gmt":"2023-09-28T08:35:10","slug":"balinantis-serumas-dantims","status":"publish","type":"product","link":"https:\/\/linoexpress.com\/lt\/proizvod\/balinantis-serumas-dantims\/","title":{"rendered":"Balinantis serumas dantims"},"content":{"rendered":"","protected":false},"excerpt":{"rendered":"<p>Neutralizuokite negra\u017ei\u0105 gelton\u0105 dant\u0173 spalv\u0105. Per labai trump\u0105 laik\u0105 leiskite dantims su\u017eib\u0117ti ir tapti perlamutri\u0161kai balti.<\/p>\n","protected":false},"featured_media":4459,"comment_status":"closed","ping_status":"closed","template":"","meta":{"inline_featured_image":false},"product_brand":[],"product_cat":[28,24,26,15],"product_tag":[],"class_list":{"0":"post-10584","1":"product","2":"type-product","3":"status-publish","4":"has-post-thumbnail","6":"product_cat-beauty","7":"product_cat-sale","8":"product_cat-health","9":"product_cat-uncategorized","11":"first","12":"instock","13":"sale","14":"taxable","15":"shipping-taxable","16":"purchasable","17":"product-type-simple"},"acf":[],"_links":{"self":[{"href":"https:\/\/linoexpress.com\/lt\/wp-json\/wp\/v2\/product\/10584","targetHints":{"allow":["GET"]}}],"collection":[{"href":"https:\/\/linoexpress.com\/lt\/wp-json\/wp\/v2\/product"}],"about":[{"href":"https:\/\/linoexpress.com\/lt\/wp-json\/wp\/v2\/types\/product"}],"replies":[{"embeddable":true,"href":"https:\/\/linoexpress.com\/lt\/wp-json\/wp\/v2\/comments?post=10584"}],"wp:featuredmedia":[{"embeddable":true,"href":"https:\/\/linoexpress.com\/lt\/wp-json\/wp\/v2\/media\/4459"}],"wp:attachment":[{"href":"https:\/\/linoexpress.com\/lt\/wp-json\/wp\/v2\/media?parent=10584"}],"wp:term":[{"taxonomy":"product_brand","embeddable":true,"href":"https:\/\/linoexpress.com\/lt\/wp-json\/wp\/v2\/product_brand?post=10584"},{"taxonomy":"product_cat","embeddable":true,"href":"https:\/\/linoexpress.com\/lt\/wp-json\/wp\/v2\/product_cat?post=10584"},{"taxonomy":"product_tag","embeddable":true,"href":"https:\/\/linoexpress.com\/lt\/wp-json\/wp\/v2\/product_tag?post=10584"}],"curies":[{"name":"wp","href":"https:\/\/api.w.org\/{rel}","templated":true}]}}