{"id":10730,"date":"2024-05-07T11:11:17","date_gmt":"2024-05-07T09:11:17","guid":{"rendered":"https:\/\/linoexpress.com\/lt\/?post_type=product&#038;p=10730"},"modified":"2024-05-07T11:52:03","modified_gmt":"2024-05-07T09:52:03","slug":"dulkiu-siurblys-ir-sterilizatorius","status":"publish","type":"product","link":"https:\/\/linoexpress.com\/lt\/proizvod\/dulkiu-siurblys-ir-sterilizatorius\/","title":{"rendered":"Dulki\u0173 siurblys ir sterilizatorius"},"content":{"rendered":"","protected":false},"excerpt":{"rendered":"<p>UV sterilizatorius ir dulki\u0173 bei erki\u0173 valiklis garantuoja jums \u0161vie\u017ei\u0105 ir saugi\u0105 aplink\u0105. Palepinkite save optimaliai \u0161variais namais!<\/p>\n","protected":false},"featured_media":10740,"comment_status":"closed","ping_status":"closed","template":"","meta":{"inline_featured_image":false},"product_brand":[],"product_cat":[27,15],"product_tag":[],"class_list":{"0":"post-10730","1":"product","2":"type-product","3":"status-publish","4":"has-post-thumbnail","6":"product_cat-home","7":"product_cat-uncategorized","9":"first","10":"instock","11":"sale","12":"taxable","13":"shipping-taxable","14":"purchasable","15":"product-type-simple"},"acf":[],"_links":{"self":[{"href":"https:\/\/linoexpress.com\/lt\/wp-json\/wp\/v2\/product\/10730","targetHints":{"allow":["GET"]}}],"collection":[{"href":"https:\/\/linoexpress.com\/lt\/wp-json\/wp\/v2\/product"}],"about":[{"href":"https:\/\/linoexpress.com\/lt\/wp-json\/wp\/v2\/types\/product"}],"replies":[{"embeddable":true,"href":"https:\/\/linoexpress.com\/lt\/wp-json\/wp\/v2\/comments?post=10730"}],"wp:featuredmedia":[{"embeddable":true,"href":"https:\/\/linoexpress.com\/lt\/wp-json\/wp\/v2\/media\/10740"}],"wp:attachment":[{"href":"https:\/\/linoexpress.com\/lt\/wp-json\/wp\/v2\/media?parent=10730"}],"wp:term":[{"taxonomy":"product_brand","embeddable":true,"href":"https:\/\/linoexpress.com\/lt\/wp-json\/wp\/v2\/product_brand?post=10730"},{"taxonomy":"product_cat","embeddable":true,"href":"https:\/\/linoexpress.com\/lt\/wp-json\/wp\/v2\/product_cat?post=10730"},{"taxonomy":"product_tag","embeddable":true,"href":"https:\/\/linoexpress.com\/lt\/wp-json\/wp\/v2\/product_tag?post=10730"}],"curies":[{"name":"wp","href":"https:\/\/api.w.org\/{rel}","templated":true}]}}