{"id":10749,"date":"2024-05-08T13:51:22","date_gmt":"2024-05-08T11:51:22","guid":{"rendered":"https:\/\/linoexpress.com\/lt\/?post_type=product&#038;p=10749"},"modified":"2024-06-06T15:03:37","modified_gmt":"2024-06-06T13:03:37","slug":"aukstos-kokybes-gyvunu-gaudykle","status":"publish","type":"product","link":"https:\/\/linoexpress.com\/lt\/proizvod\/aukstos-kokybes-gyvunu-gaudykle\/","title":{"rendered":"Auk\u0161tos kokyb\u0117s gyv\u016bn\u0173 gaudykl\u0117"},"content":{"rendered":"","protected":false},"excerpt":{"rendered":"<p>Humani\u0161ki sp\u0105stai gyv\u016bnams, specialiai sukurti neskausmingam ir lengvam grobio gaudymui.<\/p>\n","protected":false},"featured_media":10755,"comment_status":"closed","ping_status":"closed","template":"","meta":{"inline_featured_image":false},"product_brand":[],"product_cat":[27,15],"product_tag":[],"class_list":{"0":"post-10749","1":"product","2":"type-product","3":"status-publish","4":"has-post-thumbnail","6":"product_cat-home","7":"product_cat-uncategorized","9":"first","10":"instock","11":"sale","12":"taxable","13":"shipping-taxable","14":"purchasable","15":"product-type-simple"},"acf":[],"_links":{"self":[{"href":"https:\/\/linoexpress.com\/lt\/wp-json\/wp\/v2\/product\/10749","targetHints":{"allow":["GET"]}}],"collection":[{"href":"https:\/\/linoexpress.com\/lt\/wp-json\/wp\/v2\/product"}],"about":[{"href":"https:\/\/linoexpress.com\/lt\/wp-json\/wp\/v2\/types\/product"}],"replies":[{"embeddable":true,"href":"https:\/\/linoexpress.com\/lt\/wp-json\/wp\/v2\/comments?post=10749"}],"wp:featuredmedia":[{"embeddable":true,"href":"https:\/\/linoexpress.com\/lt\/wp-json\/wp\/v2\/media\/10755"}],"wp:attachment":[{"href":"https:\/\/linoexpress.com\/lt\/wp-json\/wp\/v2\/media?parent=10749"}],"wp:term":[{"taxonomy":"product_brand","embeddable":true,"href":"https:\/\/linoexpress.com\/lt\/wp-json\/wp\/v2\/product_brand?post=10749"},{"taxonomy":"product_cat","embeddable":true,"href":"https:\/\/linoexpress.com\/lt\/wp-json\/wp\/v2\/product_cat?post=10749"},{"taxonomy":"product_tag","embeddable":true,"href":"https:\/\/linoexpress.com\/lt\/wp-json\/wp\/v2\/product_tag?post=10749"}],"curies":[{"name":"wp","href":"https:\/\/api.w.org\/{rel}","templated":true}]}}