{"id":10784,"date":"2024-05-28T08:56:03","date_gmt":"2024-05-28T06:56:03","guid":{"rendered":"https:\/\/linoexpress.com\/lt\/?post_type=product&#038;p=10784"},"modified":"2024-06-06T15:10:46","modified_gmt":"2024-06-06T13:10:46","slug":"reguliuojamas-saku-pjuklas","status":"publish","type":"product","link":"https:\/\/linoexpress.com\/lt\/proizvod\/reguliuojamas-saku-pjuklas\/","title":{"rendered":"Reguliuojamas \u0161ak\u0173 pj\u016bklas"},"content":{"rendered":"","protected":false},"excerpt":{"rendered":"<p>\u0160is prakti\u0161kas pj\u016bklas gali b\u016bti sulankstytas arba pailgintas, atsi\u017evelgiant \u012f pjovimo poreik\u012f. Pritaikykite j\u012f konkre\u010diam atliekamam darbui ir pasiekite optimalius darbo rezultatus.<\/p>\n","protected":false},"featured_media":10792,"comment_status":"closed","ping_status":"closed","template":"","meta":{"inline_featured_image":false},"product_brand":[],"product_cat":[27,15],"product_tag":[],"class_list":{"0":"post-10784","1":"product","2":"type-product","3":"status-publish","4":"has-post-thumbnail","6":"product_cat-home","7":"product_cat-uncategorized","9":"first","10":"instock","11":"sale","12":"taxable","13":"shipping-taxable","14":"purchasable","15":"product-type-simple"},"acf":[],"_links":{"self":[{"href":"https:\/\/linoexpress.com\/lt\/wp-json\/wp\/v2\/product\/10784","targetHints":{"allow":["GET"]}}],"collection":[{"href":"https:\/\/linoexpress.com\/lt\/wp-json\/wp\/v2\/product"}],"about":[{"href":"https:\/\/linoexpress.com\/lt\/wp-json\/wp\/v2\/types\/product"}],"replies":[{"embeddable":true,"href":"https:\/\/linoexpress.com\/lt\/wp-json\/wp\/v2\/comments?post=10784"}],"wp:featuredmedia":[{"embeddable":true,"href":"https:\/\/linoexpress.com\/lt\/wp-json\/wp\/v2\/media\/10792"}],"wp:attachment":[{"href":"https:\/\/linoexpress.com\/lt\/wp-json\/wp\/v2\/media?parent=10784"}],"wp:term":[{"taxonomy":"product_brand","embeddable":true,"href":"https:\/\/linoexpress.com\/lt\/wp-json\/wp\/v2\/product_brand?post=10784"},{"taxonomy":"product_cat","embeddable":true,"href":"https:\/\/linoexpress.com\/lt\/wp-json\/wp\/v2\/product_cat?post=10784"},{"taxonomy":"product_tag","embeddable":true,"href":"https:\/\/linoexpress.com\/lt\/wp-json\/wp\/v2\/product_tag?post=10784"}],"curies":[{"name":"wp","href":"https:\/\/api.w.org\/{rel}","templated":true}]}}