{"id":10800,"date":"2024-05-28T12:16:07","date_gmt":"2024-05-28T10:16:07","guid":{"rendered":"https:\/\/linoexpress.com\/lt\/?post_type=product&#038;p=10800"},"modified":"2024-11-19T16:37:10","modified_gmt":"2024-11-19T15:37:10","slug":"montessori-magnetinis-zaidimas-matematikos-mokymuisi","status":"publish","type":"product","link":"https:\/\/linoexpress.com\/lt\/proizvod\/montessori-magnetinis-zaidimas-matematikos-mokymuisi\/","title":{"rendered":"Montessori magnetinis \u017eaidimas matematikos mokymuisi"},"content":{"rendered":"","protected":false},"excerpt":{"rendered":"<p>Inovatyvus po\u017ei\u016bris \u012f matematini\u0173 operacij\u0173 mokym\u0105. Mokykite vaikus matematikos \u017eaisdami ir vaizduodami!<\/p>\n","protected":false},"featured_media":10803,"comment_status":"closed","ping_status":"closed","template":"","meta":{"inline_featured_image":false},"product_brand":[],"product_cat":[35,15],"product_tag":[],"class_list":{"0":"post-10800","1":"product","2":"type-product","3":"status-publish","4":"has-post-thumbnail","6":"product_cat-fun","7":"product_cat-uncategorized","9":"first","10":"instock","11":"sale","12":"taxable","13":"shipping-taxable","14":"purchasable","15":"product-type-simple"},"acf":[],"_links":{"self":[{"href":"https:\/\/linoexpress.com\/lt\/wp-json\/wp\/v2\/product\/10800","targetHints":{"allow":["GET"]}}],"collection":[{"href":"https:\/\/linoexpress.com\/lt\/wp-json\/wp\/v2\/product"}],"about":[{"href":"https:\/\/linoexpress.com\/lt\/wp-json\/wp\/v2\/types\/product"}],"replies":[{"embeddable":true,"href":"https:\/\/linoexpress.com\/lt\/wp-json\/wp\/v2\/comments?post=10800"}],"wp:featuredmedia":[{"embeddable":true,"href":"https:\/\/linoexpress.com\/lt\/wp-json\/wp\/v2\/media\/10803"}],"wp:attachment":[{"href":"https:\/\/linoexpress.com\/lt\/wp-json\/wp\/v2\/media?parent=10800"}],"wp:term":[{"taxonomy":"product_brand","embeddable":true,"href":"https:\/\/linoexpress.com\/lt\/wp-json\/wp\/v2\/product_brand?post=10800"},{"taxonomy":"product_cat","embeddable":true,"href":"https:\/\/linoexpress.com\/lt\/wp-json\/wp\/v2\/product_cat?post=10800"},{"taxonomy":"product_tag","embeddable":true,"href":"https:\/\/linoexpress.com\/lt\/wp-json\/wp\/v2\/product_tag?post=10800"}],"curies":[{"name":"wp","href":"https:\/\/api.w.org\/{rel}","templated":true}]}}