{"id":10851,"date":"2024-06-07T14:03:50","date_gmt":"2024-06-07T12:03:50","guid":{"rendered":"https:\/\/linoexpress.com\/lt\/?post_type=product&#038;p=10851"},"modified":"2024-08-20T12:29:07","modified_gmt":"2024-08-20T10:29:07","slug":"drift-rc-automobilis","status":"publish","type":"product","link":"https:\/\/linoexpress.com\/lt\/proizvod\/drift-rc-automobilis\/","title":{"rendered":"Drifto automobilis su nuotolinio valdymo pulteliu"},"content":{"rendered":"","protected":false},"excerpt":{"rendered":"<p>Paverskite savo namus \u017eaislini\u0173 automobili\u0173 drifto trasa. Ne\u012fprastas \u017eaidimo b\u016bdas ilgam i\u0161laikys j\u016bs\u0173 d\u0117mes\u012f ir suteiks nepamir\u0161tam\u0173 pramog\u0173!<\/p>\n","protected":false},"featured_media":10853,"comment_status":"closed","ping_status":"closed","template":"","meta":{"inline_featured_image":false},"product_brand":[],"product_cat":[35,15],"product_tag":[],"class_list":{"0":"post-10851","1":"product","2":"type-product","3":"status-publish","4":"has-post-thumbnail","6":"product_cat-fun","7":"product_cat-uncategorized","9":"first","10":"instock","11":"sale","12":"taxable","13":"shipping-taxable","14":"purchasable","15":"product-type-simple"},"acf":[],"_links":{"self":[{"href":"https:\/\/linoexpress.com\/lt\/wp-json\/wp\/v2\/product\/10851","targetHints":{"allow":["GET"]}}],"collection":[{"href":"https:\/\/linoexpress.com\/lt\/wp-json\/wp\/v2\/product"}],"about":[{"href":"https:\/\/linoexpress.com\/lt\/wp-json\/wp\/v2\/types\/product"}],"replies":[{"embeddable":true,"href":"https:\/\/linoexpress.com\/lt\/wp-json\/wp\/v2\/comments?post=10851"}],"wp:featuredmedia":[{"embeddable":true,"href":"https:\/\/linoexpress.com\/lt\/wp-json\/wp\/v2\/media\/10853"}],"wp:attachment":[{"href":"https:\/\/linoexpress.com\/lt\/wp-json\/wp\/v2\/media?parent=10851"}],"wp:term":[{"taxonomy":"product_brand","embeddable":true,"href":"https:\/\/linoexpress.com\/lt\/wp-json\/wp\/v2\/product_brand?post=10851"},{"taxonomy":"product_cat","embeddable":true,"href":"https:\/\/linoexpress.com\/lt\/wp-json\/wp\/v2\/product_cat?post=10851"},{"taxonomy":"product_tag","embeddable":true,"href":"https:\/\/linoexpress.com\/lt\/wp-json\/wp\/v2\/product_tag?post=10851"}],"curies":[{"name":"wp","href":"https:\/\/api.w.org\/{rel}","templated":true}]}}